{"id":25067,"date":"2025-05-18T11:06:40","date_gmt":"2025-05-18T11:06:40","guid":{"rendered":"https:\/\/woolskins.eu\/?post_type=product&#038;p=25067"},"modified":"2026-02-06T09:32:57","modified_gmt":"2026-02-06T09:32:57","slug":"schafsfell-laufstall-decke-medizinische-o-100cm-kopie","status":"publish","type":"product","link":"https:\/\/woolskins.eu\/de_ch\/schapenvacht-boxkleed-speelkleed-medicinaal-o-100cm-kopie\/","title":{"rendered":"Schafsfell Boxcloth\/Spielteppich - Medicinal \u00d8 100cm (Kopie)"},"content":{"rendered":"<p>Die runde Woolskins Eco Baby-Care Laufgitterdecke hat ein k\u00fcrzeres Fell, das sie babysicher macht. Sie sind von Geburt an geeignet und sch\u00fctzen durch ihre umweltschonende Verarbeitung sowohl die Kleinen als auch den Planeten. Ob zu Hause oder unterwegs, Sie schaffen eine komfortable Umgebung, in der sich Ihr Kind wohlf\u00fchlt und entspannt. Wussten Sie, dass ein Schafsfell auch gesund f\u00fcr Ihr Kind ist?<\/p>\n<p>- \u00d8 100cm.<br \/>\n- Medizinisch gegerbt.<br \/>\n- Weiches und kompaktes Fell.<br \/>\n- Maschinenwaschbar und trocknergeeignet.<br \/>\n- Leicht zu pflegen.<\/p>\n<p>Bestellen Sie eine Pflegeb\u00fcrste dazu, damit Ihr Fell lange sch\u00f6n bleibt, und\/oder lassen Sie Ihr Fell mit den Geburtsgeschenken f\u00fcr Sie oder Ihr Kind personalisieren. Ein sch\u00f6nes und einzigartiges Geschenk, exklusiv bei Woolskins erh\u00e4ltlich. Standardm\u00e4\u00dfig \u2018geschenkfertig\u2019 verpackt mit pers\u00f6nlicher Note.<\/p>\n<p><strong>Eigenschaften Essential Sheepskin (medizinisch)<\/strong><\/p>\n<p class=\"\" data-start=\"87\" data-end=\"420\">Dieses medizinisch gegerbte Schafsfell von Baby-Care stammt vom englischen Schaf und ist f\u00fcr seine weiche, kompakte Textur bekannt - unser absolutes Must-Have! Es ist ein medizinisch gegerbtes Vlies, das speziell gegerbt wurde, um hypoallergen, antibakteriell und selbstreinigend zu sein. Au\u00dferdem ist dieses Fell waschbar, was es besonders praktisch f\u00fcr den t\u00e4glichen Gebrauch macht.<\/p>\n<p class=\"\" data-start=\"422\" data-end=\"821\">Das Fell wird in Europa nach strengen Umweltstandards gegerbt, um ein langlebiges und sicheres Produkt f\u00fcr Ihr Baby zu gew\u00e4hrleisten. Wie alle unsere Felle besteht es aus atmungsaktiven Wollfasern, die die nat\u00fcrliche Regulierung der K\u00f6rpertemperatur Ihres Babys unterst\u00fctzen. So bleibt Ihr Baby trocken, bequem und gesch\u00fctzt - sch\u00f6n k\u00fchl im Sommer und kuschelig warm im Winter.<\/p>\n<p><strong>Umweltfreundlich<\/strong><\/p>\n<p>Alle bei der Gerbung und Veredelung verwendeten Mittel entsprechen den wesentlichen EU-Richtlinien zur Erhaltung und zum Schutz der Umwelt.<\/p>\n<p>Unsere M\u00e4ntel werden gem\u00e4\u00df der REACH-Verordnung gegerbt, die verabschiedet wurde, um den Schutz der menschlichen Gesundheit und der Umwelt vor den Risiken, die von Chemikalien ausgehen k\u00f6nnen, zu verbessern und gleichzeitig die Wettbewerbsf\u00e4higkeit der chemischen Industrie der EU zu steigern. Bei der Produktion werden keine AZO-Farbstoffe verwendet.<\/p>\n<p>ECO PRODUKTE - Felle sind Eco Friendly Skins, ihre Verarbeitung und Behandlung sind sicher f\u00fcr Erwachsene und Kinder. Felle sind biologisch abbaubar, organisch.<\/p>\n<p>Woolskins verkauft keine Vliese von Schafen, die mit Mulesing behandelt wurden! Mulesing wird bei europ\u00e4ischen Schafen nicht angewendet, da der Parasit, der die Landwirte dazu veranlasst, Mulesing anzuwenden, in Europa nicht vorkommt.<\/p>\n<p><strong>Bauchschl\u00e4fer... aufgepasst!<\/strong><\/p>\n<p>Kleine Kinder, die in den ersten 12 Monaten auf dem Bauch schlafen, sollten aus Sicherheitsgr\u00fcnden nicht auf etwas Weichem schlafen, da dies gef\u00e4hrlich sein kann. Wir empfehlen daher, das Woolskins-Fell mit Bedacht einzusetzen! Achten Sie immer darauf, wenn Ihr Kind auf dem Bauch liegt oder schl\u00e4ft, und stellen Sie sicher, dass Ihr Kind jederzeit beaufsichtigt wird.<\/p>","protected":false},"excerpt":{"rendered":"<p>Auf dieser bequemen, weichen, runden Schafsfelldecke kann Ihr Kind spielen und sich ausruhen. Dank der nat\u00fcrlichen \u2018Superkr\u00e4fte\u2019 ist sie im Winter warm und im Sommer k\u00fchl. Das liegt daran, dass sie die K\u00f6rpertemperatur sofort annimmt. Sie sind von Geburt an geeignet, und da ihre Verarbeitung die Umwelt ber\u00fccksichtigt, sch\u00fctzen sie sowohl die Kleinen als auch den Planeten. Ob zu Hause oder unterwegs, Sie schaffen eine komfortable Umgebung, in der sich Ihr Kind wohlf\u00fchlt und entspannt. Wussten Sie, dass ein Schafsfell auch gesund f\u00fcr Ihr Kind ist?<\/p>\n<p><strong>Marke: Woolskins<\/strong><br \/>\n<strong>Produktion: Polen<\/strong><\/p>","protected":false},"featured_media":25070,"comment_status":"closed","ping_status":"closed","template":"","meta":{"_acf_changed":false},"product_brand":[],"product_cat":[216,527,354],"product_tag":[],"class_list":{"0":"post-25067","1":"product","2":"type-product","3":"status-publish","4":"has-post-thumbnail","6":"product_cat-schapenvacht-voor-baby","7":"product_cat-wollen-schapenvacht-boxkleed-speelkleed","8":"product_cat-woolskins","10":"first","11":"outofstock","12":"taxable","13":"shipping-taxable","14":"purchasable","15":"product-type-variable","16":"has-default-attributes"},"acf":[],"_links":{"self":[{"href":"https:\/\/woolskins.eu\/de_ch\/wp-json\/wp\/v2\/product\/25067","targetHints":{"allow":["GET"]}}],"collection":[{"href":"https:\/\/woolskins.eu\/de_ch\/wp-json\/wp\/v2\/product"}],"about":[{"href":"https:\/\/woolskins.eu\/de_ch\/wp-json\/wp\/v2\/types\/product"}],"replies":[{"embeddable":true,"href":"https:\/\/woolskins.eu\/de_ch\/wp-json\/wp\/v2\/comments?post=25067"}],"wp:featuredmedia":[{"embeddable":true,"href":"https:\/\/woolskins.eu\/de_ch\/wp-json\/wp\/v2\/media\/25070"}],"wp:attachment":[{"href":"https:\/\/woolskins.eu\/de_ch\/wp-json\/wp\/v2\/media?parent=25067"}],"wp:term":[{"taxonomy":"product_brand","embeddable":true,"href":"https:\/\/woolskins.eu\/de_ch\/wp-json\/wp\/v2\/product_brand?post=25067"},{"taxonomy":"product_cat","embeddable":true,"href":"https:\/\/woolskins.eu\/de_ch\/wp-json\/wp\/v2\/product_cat?post=25067"},{"taxonomy":"product_tag","embeddable":true,"href":"https:\/\/woolskins.eu\/de_ch\/wp-json\/wp\/v2\/product_tag?post=25067"}],"curies":[{"name":"wp","href":"https:\/\/api.w.org\/{rel}","templated":true}]}}