{"id":24759,"date":"2025-04-02T10:41:34","date_gmt":"2025-04-02T10:41:34","guid":{"rendered":"https:\/\/woolskins.eu\/?post_type=product&#038;p=24759"},"modified":"2026-05-12T13:24:44","modified_gmt":"2026-05-12T13:24:44","slug":"lanacare-wollwaschmittel-lanolinseife","status":"publish","type":"product","link":"https:\/\/woolskins.eu\/de_ch\/lanacare-wolwasmiddel-lanolinezeep\/","title":{"rendered":"Lanacare Wollwaschmittel \/ Lanolinseife"},"content":{"rendered":"<p>LANACare Lanolinseife\/Wollwaschmittel ist 100% hypoallergen. Speziell entwickelt f\u00fcr die optimale Reinigung von Wollprodukten. Es w\u00e4scht und reinigt Wollprodukte und optimiert die Wiederauff\u00fcllung des Lanolins in der Wollfaser, ohne einen \u00f6ligen Film oder Flecken zu hinterlassen. Die Seife enth\u00e4lt medizinisches Lanolin und keine Parf\u00fcm- oder Farbstoffe. Diese Lanolinseife wurde speziell f\u00fcr LANACare entwickelt.<br \/>\nLANACare Lanolinseife ist sehr vorteilhaft f\u00fcr Menschen mit Hautproblemen wie empfindlicher Haut, Hautausschl\u00e4gen oder sogar Schuppenflechte. Das hypoallergene Lanolin gl\u00e4ttet die Haut. Es lindert Dermatitis, indem es der Haut zus\u00e4tzliches nat\u00fcrliches Fett zuf\u00fchrt. Es lindert den Juckreiz und hat eine stark beruhigende Wirkung.<\/p>\n<p>Laborgepr\u00fcft \/ eine Flasche enth\u00e4lt 150 ml.<\/p>\n<p>Produziert in Schweden.<\/p>","protected":false},"excerpt":{"rendered":"<p>LANACare Lanolinseife\/Wollwaschmittel ist 100% hypoallergen. Speziell entwickelt f\u00fcr die optimale Reinigung von Wollprodukten. Es w\u00e4scht und reinigt Wollprodukte und optimiert die Wiederauff\u00fcllung des Lanolins in der Wollfaser, ohne einen \u00f6ligen Film oder Flecken zu hinterlassen. Die Seife enth\u00e4lt medizinisches Lanolin und keine Parf\u00fcm- oder Farbstoffe. Diese Lanolinseife wurde speziell f\u00fcr LANACare entwickelt.<\/p>\n<p>Laborgepr\u00fcft \/ eine Flasche enth\u00e4lt 150 ml.<\/p>\n<p><strong>Marke:<\/strong> Lanacare<br \/>\n<strong>Produktion:<\/strong> Schweden<\/p>","protected":false},"featured_media":24760,"comment_status":"open","ping_status":"closed","template":"","meta":{"_acf_changed":false},"product_brand":[],"product_cat":[357,353],"product_tag":[],"class_list":{"0":"post-24759","1":"product","2":"type-product","3":"status-publish","4":"has-post-thumbnail","6":"product_cat-onderhoud","7":"product_cat-lanacare","9":"first","10":"instock","11":"taxable","12":"shipping-taxable","13":"purchasable","14":"product-type-simple"},"acf":[],"_links":{"self":[{"href":"https:\/\/woolskins.eu\/de_ch\/wp-json\/wp\/v2\/product\/24759","targetHints":{"allow":["GET"]}}],"collection":[{"href":"https:\/\/woolskins.eu\/de_ch\/wp-json\/wp\/v2\/product"}],"about":[{"href":"https:\/\/woolskins.eu\/de_ch\/wp-json\/wp\/v2\/types\/product"}],"replies":[{"embeddable":true,"href":"https:\/\/woolskins.eu\/de_ch\/wp-json\/wp\/v2\/comments?post=24759"}],"wp:featuredmedia":[{"embeddable":true,"href":"https:\/\/woolskins.eu\/de_ch\/wp-json\/wp\/v2\/media\/24760"}],"wp:attachment":[{"href":"https:\/\/woolskins.eu\/de_ch\/wp-json\/wp\/v2\/media?parent=24759"}],"wp:term":[{"taxonomy":"product_brand","embeddable":true,"href":"https:\/\/woolskins.eu\/de_ch\/wp-json\/wp\/v2\/product_brand?post=24759"},{"taxonomy":"product_cat","embeddable":true,"href":"https:\/\/woolskins.eu\/de_ch\/wp-json\/wp\/v2\/product_cat?post=24759"},{"taxonomy":"product_tag","embeddable":true,"href":"https:\/\/woolskins.eu\/de_ch\/wp-json\/wp\/v2\/product_tag?post=24759"}],"curies":[{"name":"wp","href":"https:\/\/api.w.org\/{rel}","templated":true}]}}