{"id":24414,"date":"2025-02-18T11:27:35","date_gmt":"2025-02-18T11:27:35","guid":{"rendered":"https:\/\/woolskins.eu\/?post_type=product&#038;p=24414"},"modified":"2026-03-31T12:05:37","modified_gmt":"2026-03-31T12:05:37","slug":"merino-baby-starter-kit-geschenkbox-ecru","status":"publish","type":"product","link":"https:\/\/woolskins.eu\/de_ch\/merino-baby-starterset-geschenkdoos-ecru\/","title":{"rendered":"Merino Baby Starter Set + Geschenkbox | Ecru"},"content":{"rendered":"<p data-start=\"187\" data-end=\"259\"><strong data-start=\"187\" data-end=\"259\">Das ultimative Babyset aus Wolle - weich, nat\u00fcrlich und mit Liebe gemacht<\/strong><\/p>\n<p data-start=\"261\" data-end=\"586\">Schenken Sie Ihrem Kind den besten Komfort mit diesem kompletten Woll-Baby-Set, bestehend aus einem superweichen <em data-start=\"365\" data-end=\"386\">Babyhosen aus Wolle<\/em>, ein wundervoll warmes <em data-start=\"406\" data-end=\"427\">Baby-Pullover aus Wolle<\/em> und eine gem\u00fctliche <em data-start=\"440\" data-end=\"458\">Wiegendecke aus Wolle<\/em>. Alle aus 100% weicher Merinowolle aus Italien, mit Aufmerksamkeit f\u00fcr Qualit\u00e4t, Haltbarkeit und das Wohlbefinden Ihres Babys.<\/p>\n<p data-start=\"588\" data-end=\"947\">Dieses Set ist perfekt auf Ihr Baby zugeschnitten, damit es sich das ganze Jahr \u00fcber wohl und sicher f\u00fchlt. Die Merinowolle aus Europa sorgt f\u00fcr eine nat\u00fcrliche Temperaturregulierung, ist \u00e4u\u00dferst atmungsaktiv und schont die empfindlichste Haut Ihres Babys. Ob Ihr Kleines schl\u00e4ft, krabbelt oder spielt, in diesem Wollset f\u00fchlt es sich immer wunderbar frei und warm.<\/p>\n<p data-start=\"949\" data-end=\"983\"><strong data-start=\"949\" data-end=\"981\">Warum dieses Babyset aus Wolle?<\/strong><\/p>\n<ul data-start=\"984\" data-end=\"1560\">\n<li data-start=\"984\" data-end=\"1097\">\n<p data-start=\"986\" data-end=\"1097\"><strong data-start=\"986\" data-end=\"1019\">Superweich und hautfreundlich<\/strong>: feine italienische Merinowolle brennt nicht und f\u00fchlt sich an wie eine weiche Umarmung<\/p>\n<\/li>\n<li data-start=\"1098\" data-end=\"1196\">\n<p data-start=\"1100\" data-end=\"1196\"><strong data-start=\"1100\" data-end=\"1136\">Atmungsaktiv und temperaturregulierend<\/strong>: h\u00e4lt Ihr Baby warm, ohne zu \u00fcberhitzen, zu jeder Jahreszeit<\/p>\n<\/li>\n<li data-start=\"1197\" data-end=\"1291\">\n<p data-start=\"1199\" data-end=\"1291\"><strong data-start=\"1199\" data-end=\"1232\">Nachhaltig und umweltfreundlich<\/strong>: hergestellt in Europa mit Respekt f\u00fcr Mensch, Tier und Natur<\/p>\n<\/li>\n<li data-start=\"1292\" data-end=\"1454\">\n<p data-start=\"1294\" data-end=\"1454\"><strong data-start=\"1294\" data-end=\"1325\">Vielseitig und handlich<\/strong>: Die Wiege ist leicht und einfach zu tragen, die Unterteile und der Pullover passen sich perfekt an jede Bewegung und jedes Wachstum Ihres Babys an.<\/p>\n<\/li>\n<li data-start=\"1455\" data-end=\"1560\">\n<p data-start=\"1457\" data-end=\"1560\"><strong data-start=\"1457\" data-end=\"1485\">Leicht zu pflegen<\/strong>Die Wolle ist selbstreinigend und geruchsresistent, so dass Sie weniger oft waschen m\u00fcssen.<\/p>\n<\/li>\n<\/ul>\n<p data-start=\"1562\" data-end=\"1761\"><strong data-start=\"1562\" data-end=\"1585\">Exklusiver Vorteil:<\/strong> Kaufen Sie das komplette Set und profitieren Sie von einem attraktiven Rabatt! Auf diese Weise sparen Sie nicht nur beim Preis, sondern schenken Ihrem Baby auch ein sch\u00f6nes, nat\u00fcrliches und nachhaltiges Starter-Set.<\/p>\n<p data-start=\"1763\" data-end=\"1957\">Dieses Babyset aus Wolle ist eine liebevolle und praktische Wahl f\u00fcr Eltern, die Wert auf Qualit\u00e4t, Komfort und einen gesunden Start f\u00fcr ihr Baby legen. Kombinieren Sie Stil, Komfort und Natur pur in einem Paket.<\/p>","protected":false},"excerpt":{"rendered":"<p><strong data-start=\"109\" data-end=\"195\">Komplettes Woll-Baby-Set aus 100% italienischer Merinowolle - weich, warm und nat\u00fcrlich<\/strong><br data-start=\"195\" data-end=\"198\" \/>Dieses Set besteht aus einem Wollunterteil, einem Pullover und einer Wiegendecke aus weicher Merinowolle aus Italien. Atmungsaktiv, temperaturregulierend und perfekt f\u00fcr empfindliche Babyhaut. Praktisch, vielseitig einsetzbar und nachhaltig in Europa produziert. Profitieren Sie jetzt vom Rabatt beim Kauf des kompletten Sets!<br data-start=\"500\" data-end=\"503\" \/><em data-start=\"503\" data-end=\"587\">Speziell f\u00fcr Sie verpackt in unserer sch\u00f6nen Geschenkbox - perfekt zum Verschenken.<\/em><\/p>\n<p><strong>Marke: Woolskins<\/strong><br \/>\n<strong>Produktion: Polen<\/strong><\/p>","protected":false},"featured_media":24417,"comment_status":"open","ping_status":"closed","template":"","meta":{"_acf_changed":false},"product_brand":[],"product_cat":[499,360,364,200,196,322,337,344,194],"product_tag":[],"class_list":{"0":"post-24414","1":"product","2":"type-product","3":"status-publish","4":"has-post-thumbnail","6":"product_cat-new-arrivals","7":"product_cat-cadeautips","8":"product_cat-cadeaus-vanaf-e50","9":"product_cat-wollen-babykleding","10":"product_cat-slaapkleding-baby","11":"product_cat-broekjes","12":"product_cat-vestjes","13":"product_cat-kleertjes","14":"product_cat-wollen-babyproducten","15":"pa_maat-2-6-maanden","16":"pa_maat-6-12-maanden","18":"first","19":"outofstock","20":"sale","21":"taxable","22":"shipping-taxable","23":"purchasable","24":"product-type-variable"},"acf":[],"_links":{"self":[{"href":"https:\/\/woolskins.eu\/de_ch\/wp-json\/wp\/v2\/product\/24414","targetHints":{"allow":["GET"]}}],"collection":[{"href":"https:\/\/woolskins.eu\/de_ch\/wp-json\/wp\/v2\/product"}],"about":[{"href":"https:\/\/woolskins.eu\/de_ch\/wp-json\/wp\/v2\/types\/product"}],"replies":[{"embeddable":true,"href":"https:\/\/woolskins.eu\/de_ch\/wp-json\/wp\/v2\/comments?post=24414"}],"wp:featuredmedia":[{"embeddable":true,"href":"https:\/\/woolskins.eu\/de_ch\/wp-json\/wp\/v2\/media\/24417"}],"wp:attachment":[{"href":"https:\/\/woolskins.eu\/de_ch\/wp-json\/wp\/v2\/media?parent=24414"}],"wp:term":[{"taxonomy":"product_brand","embeddable":true,"href":"https:\/\/woolskins.eu\/de_ch\/wp-json\/wp\/v2\/product_brand?post=24414"},{"taxonomy":"product_cat","embeddable":true,"href":"https:\/\/woolskins.eu\/de_ch\/wp-json\/wp\/v2\/product_cat?post=24414"},{"taxonomy":"product_tag","embeddable":true,"href":"https:\/\/woolskins.eu\/de_ch\/wp-json\/wp\/v2\/product_tag?post=24414"}],"curies":[{"name":"wp","href":"https:\/\/api.w.org\/{rel}","templated":true}]}}