{"id":22605,"date":"2024-11-22T12:24:52","date_gmt":"2024-11-22T12:24:52","guid":{"rendered":"https:\/\/woolskins.eu\/?post_type=product&#038;p=22605"},"modified":"2026-04-08T13:55:26","modified_gmt":"2026-04-08T13:55:26","slug":"wollfussack-schlafsack-fur-buggy-und-kinderwagen-beige-gefilzt-dunkel-genaht","status":"publish","type":"product","link":"https:\/\/woolskins.eu\/de_ch\/wollen-voetenzak-slaapzak-voor-buggy-en-kinderwagen-buggy-beige-felted-donkere-stiksel\/","title":{"rendered":"Wollen Voetenzak Bakigo &#8211; Slaapzak voor Buggy en Kinderwagen | Beige Felted \/ donkere stiksel"},"content":{"rendered":"<p data-start=\"152\" data-end=\"216\"><strong data-start=\"152\" data-end=\"214\">Leckerer Fu\u00dfsack aus Wolle f\u00fcr Ihr Baby - Woolskins Bakigo<\/strong><\/p>\n<p data-start=\"218\" data-end=\"609\">Gehen Sie unbeschwert mit Ihrem Kind in dem warmen und weichen <strong data-start=\"276\" data-end=\"308\">Fu\u00dfsack aus Wolle f\u00fcr S\u00e4uglinge<\/strong> von Woolskins. Der Bakigo Fu\u00dfsack wurde speziell f\u00fcr den Kinderwagen oder Buggy entwickelt und bietet ultimativen Komfort zu jeder Jahreszeit. Woolskins hat den Fu\u00dfsack 5 cm l\u00e4nger gemacht, damit Ihr Kind ihn l\u00e4nger benutzen kann, und mit einer extra gro\u00dfen \u00d6ffnung f\u00fcr den Sicherheitsb\u00fcgel ausgestattet.<\/p>\n<p data-start=\"611\" data-end=\"959\">Die neue Version hat ein abzippbares Oberteil, ideal, um an etwas w\u00e4rmeren Tagen nur das Unterteil zu benutzen. Dank der nat\u00fcrlichen Eigenschaften von <strong data-start=\"778\" data-end=\"785\">Wolle<\/strong> Der Fu\u00dfsack nimmt sofort die Temperatur Ihres Kindes an und h\u00e4lt sie konstant, ohne dass es \u00fcberhitzt oder schwitzt. So genie\u00dft Ihr Baby eine konstante W\u00e4rme und optimalen Komfort.<\/p>\n<p data-start=\"961\" data-end=\"1195\">Perfekt f\u00fcr <strong data-start=\"978\" data-end=\"1008\">alle Jahreszeiten <\/strong>der Jahreszeiten, kann aber dank des cleveren Rei\u00dfverschlusses das ganze Jahr \u00fcber verwendet werden. Eine unverzichtbare Erg\u00e4nzung f\u00fcr jede <strong data-start=\"1119\" data-end=\"1133\">Babyausstattung<\/strong> F\u00fcr M\u00fctter, die nur das Beste f\u00fcr ihr Kind wollen.<\/p>\n<p data-start=\"1197\" data-end=\"1368\">Mit dem Woolskins Bakigo Fu\u00dfsack k\u00f6nnen Sie sicher sein, dass Ihr Kind immer sch\u00f6n warm und bequem ist - eine Investition in W\u00e4rme, Komfort und Ruhe f\u00fcr unterwegs.<\/p>\n<p>- 5 cm l\u00e4nger, so dass er l\u00e4nger verwendet werden kann.<br \/>\n- 100% Schurwolle, Woolmark-Label.<br \/>\n- F\u00fcr zu Hause und unterwegs.<br \/>\n- \u00d6ffnungen f\u00fcr die Sicherheitsgurte (5-Punkt).<br \/>\n- L\u00e4nge 90 cm x Breite 45 cm.<br \/>\n- waschbar bei 30\u00b0C im Wollwaschgang.<\/p>\n<p data-start=\"162\" data-end=\"231\"><strong data-start=\"162\" data-end=\"229\">Woolskins label - warme, weiche und langlebige Wollprodukte f\u00fcr Ihr Baby<\/strong><\/p>\n<p data-start=\"233\" data-end=\"685\">Wir von Woolskins sind der Meinung, dass Ihr Kind nur das Beste verdient. Deshalb stellen wir hochwertige <strong data-start=\"330\" data-end=\"358\">Wollprodukte f\u00fcr Babys<\/strong>, wie Fu\u00dfs\u00e4cke, Schaffelle und Wollkleidung, die vollst\u00e4ndig aus europ\u00e4ischer Wolle 100% hergestellt werden. Unsere Produkte sind weich, bequem und sicher f\u00fcr die empfindliche Haut Ihres Babys. Aufgrund der nat\u00fcrlichen Eigenschaften von <strong data-start=\"571\" data-end=\"578\">Wolle<\/strong> halten die H\u00e4nde, F\u00fc\u00dfe und den K\u00f6rper Ihres Babys auf der perfekten Temperatur, ohne zu \u00fcberhitzen oder zu schwitzen.<\/p>\n<p data-start=\"687\" data-end=\"1186\">Unsere Kollektion ist mit einem Auge f\u00fcr Details und Qualit\u00e4t entworfen. Jede <strong data-start=\"753\" data-end=\"775\">Babyartikel aus Wolle<\/strong> by Woolskins wird nachhaltig in Europa hergestellt, mit hypoallergener und atmungsaktiver Wolle, die jahrelang h\u00e4lt. Ob Sie eine weiche <strong data-start=\"906\" data-end=\"926\">Wollfu\u00dfsack<\/strong>, Ob Sie ein kuscheliges Schaffell oder ein bequemes Kleidungsst\u00fcck suchen, bei Woolskins finden Sie alles, was Sie f\u00fcr einen warmen, sicheren und komfortablen Start Ihres Babys brauchen. Entdecken Sie unser <strong data-start=\"1101\" data-end=\"1137\">hochwertige Wollprodukte f\u00fcr Babys<\/strong> Und erfahren Sie, warum sich Eltern f\u00fcr Woolskins entscheiden.<\/p>","protected":false},"excerpt":{"rendered":"<p data-start=\"193\" data-end=\"585\">Halten Sie Ihr Baby bei jedem Spaziergang herrlich warm mit dem weichen <strong data-start=\"259\" data-end=\"291\">Fu\u00dfsack aus Wolle f\u00fcr S\u00e4uglinge<\/strong> von Woolskins. Der Bakigo-Fu\u00dfsack ist extra lang, damit Sie ihn l\u00e4nger verwenden k\u00f6nnen, und hat eine breite \u00d6ffnung f\u00fcr den Sicherheitsb\u00fcgel, ideal f\u00fcr den Kinderwagen oder Buggy. Das neue Oberteil mit Rei\u00dfverschluss sorgt daf\u00fcr, dass es Ihr Kind auch an w\u00e4rmeren Tagen bequem hat.<\/p>\n<p data-start=\"587\" data-end=\"965\">Dank der nat\u00fcrlichen Eigenschaften von <strong data-start=\"628\" data-end=\"635\">Wolle<\/strong> Der Fu\u00dfsack passt sich der K\u00f6rpertemperatur Ihres Babys an und h\u00e4lt sie aufrecht, ohne dass Ihr Baby schwitzt. Perfekt f\u00fcr <strong data-start=\"769\" data-end=\"799\">Fr\u00fchling, Herbst und Winter<\/strong>, und eine unverzichtbare Erg\u00e4nzung f\u00fcr jeden <strong data-start=\"839\" data-end=\"853\">Babyausstattung<\/strong>. Mit Woolskins Bakigo k\u00f6nnen Sie sicher sein, dass Ihr Baby bei jedem Ausflug bequem und sicher aufgehoben ist.<\/p>\n<p><strong>Marke: Woolskins<\/strong><br \/>\n<strong>Produktion: Polen<\/strong><\/p>\n<p>&nbsp;<\/p>","protected":false},"featured_media":22607,"comment_status":"closed","ping_status":"closed","template":"","meta":{"_acf_changed":false},"product_brand":[],"product_cat":[361,360,364,196,336,194],"product_tag":[],"class_list":{"0":"post-22605","1":"product","2":"type-product","3":"status-publish","4":"has-post-thumbnail","6":"product_cat-babyshower","7":"product_cat-cadeautips","8":"product_cat-cadeaus-vanaf-e50","9":"product_cat-slaapkleding-baby","10":"product_cat-voetenzakken","11":"product_cat-wollen-babyproducten","13":"first","14":"instock","15":"taxable","16":"shipping-taxable","17":"purchasable","18":"product-type-simple"},"acf":[],"_links":{"self":[{"href":"https:\/\/woolskins.eu\/de_ch\/wp-json\/wp\/v2\/product\/22605","targetHints":{"allow":["GET"]}}],"collection":[{"href":"https:\/\/woolskins.eu\/de_ch\/wp-json\/wp\/v2\/product"}],"about":[{"href":"https:\/\/woolskins.eu\/de_ch\/wp-json\/wp\/v2\/types\/product"}],"replies":[{"embeddable":true,"href":"https:\/\/woolskins.eu\/de_ch\/wp-json\/wp\/v2\/comments?post=22605"}],"wp:featuredmedia":[{"embeddable":true,"href":"https:\/\/woolskins.eu\/de_ch\/wp-json\/wp\/v2\/media\/22607"}],"wp:attachment":[{"href":"https:\/\/woolskins.eu\/de_ch\/wp-json\/wp\/v2\/media?parent=22605"}],"wp:term":[{"taxonomy":"product_brand","embeddable":true,"href":"https:\/\/woolskins.eu\/de_ch\/wp-json\/wp\/v2\/product_brand?post=22605"},{"taxonomy":"product_cat","embeddable":true,"href":"https:\/\/woolskins.eu\/de_ch\/wp-json\/wp\/v2\/product_cat?post=22605"},{"taxonomy":"product_tag","embeddable":true,"href":"https:\/\/woolskins.eu\/de_ch\/wp-json\/wp\/v2\/product_tag?post=22605"}],"curies":[{"name":"wp","href":"https:\/\/api.w.org\/{rel}","templated":true}]}}