{"id":21443,"date":"2024-09-20T11:40:48","date_gmt":"2024-09-20T11:40:48","guid":{"rendered":"https:\/\/woolskins.eu\/?post_type=product&#038;p=21443"},"modified":"2025-12-17T12:12:33","modified_gmt":"2025-12-17T12:12:33","slug":"wolle-bodywarmer-unisex-erwachsene-zaffiro-beige-gefilzt","status":"publish","type":"product","link":"https:\/\/woolskins.eu\/de_ch\/wollen-bodywarmer-unisex-adult-zaffiro-beige-felted\/","title":{"rendered":"Wolle Bodywarmer Unisex Erwachsene - Zaffiro | Beige gefilzt"},"content":{"rendered":"<p>Halten Sie sich stilvoll warm mit diesem eleganten Zaffiro Bodywarmer aus 100% Luxus-Premiumwolle. Die weiche und bequeme Premium-Wolle h\u00e4lt Ihren K\u00f6rper wunderbar warm und bequem, wenn der Regen etwas k\u00fchl wird. Perfekt f\u00fcr das Tragen in mehreren Schichten, ideal f\u00fcr kalte Tage und Outdoor-Abenteuer. Die Weste hat einen hohen Rei\u00dfverschluss und gro\u00dfe Taschen, die Ihre H\u00e4nde warm halten.<\/p>\n<p>Wesentliche Merkmale:<\/p>\n<ul>\n<li>Hochwertige Wolle: Bietet hervorragende W\u00e4rme und Komfort.<\/li>\n<li>Stilvolles Design: Erg\u00e4nzt jedes Outfit durch seinen klassischen Schnitt.<\/li>\n<li>Praktische Taschen: Halten Sie Ihre H\u00e4nde warm und Ihre wichtigsten Utensilien in Reichweite.<\/li>\n<li>Langlebig: F\u00fcr eine jahrelange Lebensdauer gemacht.<\/li>\n<\/ul>\n<p>Erleben Sie den Komfort und die Eleganz von Zaffiro.<\/p>\n<h5>Hochwertige Wolle<\/h5>\n<p>Die nat\u00fcrliche, weiche PREMIUM-Schafwolle, aus der der Schlafsack gefertigt ist, eignet sich perfekt f\u00fcr kalte Winter und w\u00e4rmere Tage. Sie sorgt f\u00fcr eine noch bessere nat\u00fcrliche W\u00e4rmeregulierung, die das Kind auch bei strengem Frost wirksam sch\u00fctzt und daf\u00fcr sorgt, dass das Kind an hei\u00dfen Tagen nicht \u00fcberhitzt. Schafwolle hat au\u00dferdem antiallergische Eigenschaften und widersteht der Entwicklung von Milben. Sie hat hygienische und selbstreinigende Eigenschaften. Sie neutralisiert unangenehme Ger\u00fcche und Schmutz.<\/p>\n<h5>Zaffiro<\/h5>\n<p>Die Firma Zaffiro ist ein polnisches Familienunternehmen. Seit unseren Anf\u00e4ngen im Jahr 1989 haben wir uns auf die Herstellung von Baby- und Kinderprodukten spezialisiert und exportieren einen Gro\u00dfteil unserer Produkte in mehr als 40 L\u00e4nder. Wir haben die Marke Zaffiro geschaffen, um Produkte zu f\u00f6rdern, die Eltern unterst\u00fctzen, die sich der Bedeutung von N\u00e4he und Bindung zu ihrem Baby von den ersten Stunden nach der Geburt an bewusst sind. Wir f\u00f6rdern das Konzept des Tragens von Herz zu Herz\u2018 in Traget\u00fcchern und Tragehilfen und f\u00fchren damit die weise Tradition fr\u00fcherer Generationen wieder ein, die unter Ber\u00fccksichtigung der aktuellen psychologischen Forschung wiederentdeckt und weiterentwickelt wurde.<\/p>","protected":false},"excerpt":{"rendered":"<p>Halten Sie sich stilvoll warm mit diesem eleganten Zaffiro Bodywarmer aus 100% Luxus-Premiumwolle. Die weiche und bequeme Premium-Wolle h\u00e4lt Ihren K\u00f6rper wunderbar warm und bequem, wenn der Regen etwas k\u00fchl wird. Perfekt f\u00fcr das Tragen in mehreren Schichten, ideal f\u00fcr kalte Tage und Outdoor-Abenteuer. Die Weste hat einen hohen Rei\u00dfverschluss und gro\u00dfe Taschen, die Ihre H\u00e4nde warm halten.<\/p>\n<p><strong>Marke: Zaffiro<\/strong><br \/>\n<strong>Produktion: Polen<br \/>\nKeur: Oeko-Tex Standard<\/strong><\/p>\n<p><img loading=\"lazy\" decoding=\"async\" class=\"alignnone wp-image-28173 entered lazyloaded\" src=\"https:\/\/woolskins.eu\/wp-content\/uploads\/2024\/05\/csm_OEKO-TEX_Logo_2022_rgb_c1aaeb5ceb-300x300.jpg\" alt=\"\" width=\"89\" height=\"89\" data-lazy-src=\"https:\/\/woolskins.eu\/wp-content\/uploads\/2024\/05\/csm_OEKO-TEX_Logo_2022_rgb_c1aaeb5ceb-300x300.jpg\" data-ll-status=\"loaded\" srcset=\"https:\/\/woolskins.eu\/wp-content\/uploads\/2024\/05\/csm_OEKO-TEX_Logo_2022_rgb_c1aaeb5ceb-300x300.jpg 300w, https:\/\/woolskins.eu\/wp-content\/uploads\/2024\/05\/csm_OEKO-TEX_Logo_2022_rgb_c1aaeb5ceb-150x150.jpg 150w, https:\/\/woolskins.eu\/wp-content\/uploads\/2024\/05\/csm_OEKO-TEX_Logo_2022_rgb_c1aaeb5ceb-768x769.jpg 768w, https:\/\/woolskins.eu\/wp-content\/uploads\/2024\/05\/csm_OEKO-TEX_Logo_2022_rgb_c1aaeb5ceb-12x12.jpg 12w, https:\/\/woolskins.eu\/wp-content\/uploads\/2024\/05\/csm_OEKO-TEX_Logo_2022_rgb_c1aaeb5ceb-600x601.jpg 600w, https:\/\/woolskins.eu\/wp-content\/uploads\/2024\/05\/csm_OEKO-TEX_Logo_2022_rgb_c1aaeb5ceb-100x100.jpg 100w, https:\/\/woolskins.eu\/wp-content\/uploads\/2024\/05\/csm_OEKO-TEX_Logo_2022_rgb_c1aaeb5ceb-64x64.jpg 64w, https:\/\/woolskins.eu\/wp-content\/uploads\/2024\/05\/csm_OEKO-TEX_Logo_2022_rgb_c1aaeb5ceb.jpg 885w\" sizes=\"auto, (max-width: 89px) 100vw, 89px\" \/><\/p>","protected":false},"featured_media":21447,"comment_status":"open","ping_status":"closed","template":"","meta":{"_acf_changed":false},"product_brand":[],"product_cat":[360,364,350,31,502],"product_tag":[424,420,421,422,425,507],"class_list":{"0":"post-21443","1":"product","2":"type-product","3":"status-publish","4":"has-post-thumbnail","6":"product_cat-cadeautips","7":"product_cat-cadeaus-vanaf-e50","8":"product_cat-fashion","9":"product_cat-yogamat-wol","10":"product_cat-zaffiro","11":"product_tag-alwero-bodywarmer","12":"product_tag-bodywarmer-wol","13":"product_tag-wollen-bodywarmer","14":"product_tag-wool-vest","15":"product_tag-woolskins","16":"product_tag-zaffiro","17":"pa_maat-adult-size-l","18":"pa_maat-adult-size-m","19":"pa_maat-adult-size-s","20":"pa_maat-adult-size-xl","22":"first","23":"outofstock","24":"taxable","25":"shipping-taxable","26":"purchasable","27":"product-type-variable"},"acf":[],"_links":{"self":[{"href":"https:\/\/woolskins.eu\/de_ch\/wp-json\/wp\/v2\/product\/21443","targetHints":{"allow":["GET"]}}],"collection":[{"href":"https:\/\/woolskins.eu\/de_ch\/wp-json\/wp\/v2\/product"}],"about":[{"href":"https:\/\/woolskins.eu\/de_ch\/wp-json\/wp\/v2\/types\/product"}],"replies":[{"embeddable":true,"href":"https:\/\/woolskins.eu\/de_ch\/wp-json\/wp\/v2\/comments?post=21443"}],"wp:featuredmedia":[{"embeddable":true,"href":"https:\/\/woolskins.eu\/de_ch\/wp-json\/wp\/v2\/media\/21447"}],"wp:attachment":[{"href":"https:\/\/woolskins.eu\/de_ch\/wp-json\/wp\/v2\/media?parent=21443"}],"wp:term":[{"taxonomy":"product_brand","embeddable":true,"href":"https:\/\/woolskins.eu\/de_ch\/wp-json\/wp\/v2\/product_brand?post=21443"},{"taxonomy":"product_cat","embeddable":true,"href":"https:\/\/woolskins.eu\/de_ch\/wp-json\/wp\/v2\/product_cat?post=21443"},{"taxonomy":"product_tag","embeddable":true,"href":"https:\/\/woolskins.eu\/de_ch\/wp-json\/wp\/v2\/product_tag?post=21443"}],"curies":[{"name":"wp","href":"https:\/\/api.w.org\/{rel}","templated":true}]}}