{"id":21288,"date":"2024-09-12T10:40:50","date_gmt":"2024-09-12T10:40:50","guid":{"rendered":"https:\/\/woolskins.eu\/?post_type=product&#038;p=21288"},"modified":"2026-02-06T10:00:20","modified_gmt":"2026-02-06T10:00:20","slug":"schafspelz-fur-baby-mimose-bio-unraffiniert","status":"publish","type":"product","link":"https:\/\/woolskins.eu\/de_ch\/schapenvacht-voor-baby-mimosa-bio-unrefined\/","title":{"rendered":"Schafsfell f\u00fcr Baby - Raw Mimosa (pflanzlich gegerbt mit roher Mimose)"},"content":{"rendered":"<p><strong>Beschreibung<\/strong><\/p>\n<p>Woolskins Baby-Care Schafsfelle haben ein k\u00fcrzeres Fell, das sie babytauglich macht. Sie sind von Geburt an geeignet und sch\u00fctzen durch ihre umweltschonende Verarbeitung sowohl die Kleinen als auch den Planeten. Ob zu Hause oder unterwegs, Sie schaffen eine komfortable Umgebung, in der sich Ihr Kind wohlf\u00fchlt und entspannt. Wussten Sie, dass ein Schafsfell auch gesund f\u00fcr Ihr Kind ist?<\/p>\n<p>- L\u00e4nge 90-100cm \/ Fell 3cm.<br \/>\n- 100% Flach gegerbt mit rohem Mimosengerbstoff.<br \/>\n- Weiches und kompaktes Fell.<br \/>\n- NICHT maschinenwaschbar und trocknergeeignet.<br \/>\n- Leicht zu pflegen.<\/p>\n<p>Bestellen Sie eine Pflegeb\u00fcrste dazu, damit Ihr Fell lange sch\u00f6n bleibt, und\/oder lassen Sie Ihr Fell mit den Geburtsgeschenken f\u00fcr Sie oder Ihr Kind personalisieren. Ein sch\u00f6nes und einzigartiges Geschenk, exklusiv bei Woolskins erh\u00e4ltlich. Standardm\u00e4\u00dfig \u2018geschenkfertig\u2019 verpackt mit pers\u00f6nlicher Note.<\/p>\n<p><strong>Eigenschaften Mimosa Schafsfell<\/strong><\/p>\n<p>F\u00fcr dieses rein pflanzlich gegerbte Fell wird rohes MIMOSA-Tannin verwendet, das aus der Rinde des Mimosenbaums gewonnen wird. Die Felle werden nicht vorbehandelt oder gef\u00e4rbt, wodurch die urspr\u00fcngliche Pigmentierung erhalten bleibt. Durch die Verwendung von rohem Mimosa-Tannin bei der Gerbung erh\u00e4lt das Fell eine sch\u00f6ne Honig-Creme-Farbe und die Lederseite ist durch das Tannin leicht rosa.  Dies hilft Ihrem Baby, seine Temperatur zu halten und sorgt daf\u00fcr, dass es trocken und bequem bleibt. K\u00fchl im Sommer und warm im Winter.<\/p>\n<p><strong>Umweltfreundlich<\/strong><\/p>\n<p>Alle bei der Gerbung und Veredelung verwendeten Mittel entsprechen den wesentlichen EU-Richtlinien zur Erhaltung und zum Schutz der Umwelt.<\/p>\n<p>Unsere M\u00e4ntel werden gem\u00e4\u00df der REACH-Verordnung gegerbt, die verabschiedet wurde, um den Schutz der menschlichen Gesundheit und der Umwelt vor den Risiken, die von Chemikalien ausgehen k\u00f6nnen, zu verbessern und gleichzeitig die Wettbewerbsf\u00e4higkeit der chemischen Industrie der EU zu steigern. Bei der Produktion werden keine AZO-Farbstoffe verwendet.<\/p>\n<p>ECO PRODUKTE - Felle sind Eco Friendly Skins, ihre Verarbeitung und Behandlung sind sicher f\u00fcr Erwachsene und Kinder. Felle sind biologisch abbaubar, organisch.<\/p>\n<p>Woolskins verkauft keine Vliese von Schafen, die mit Mulesing behandelt wurden! Mulesing wird bei europ\u00e4ischen Schafen nicht angewendet, da der Parasit, der die Landwirte dazu veranlasst, Mulesing anzuwenden, in Europa nicht vorkommt.<\/p>\n<p><strong>Bauchschl\u00e4fer... aufgepasst!<\/strong><\/p>\n<p>Kleine Kinder, die in den ersten 12 Monaten auf dem Bauch schlafen, sollten aus Sicherheitsgr\u00fcnden nicht auf etwas Weichem schlafen, da dies gef\u00e4hrlich sein kann. Wir empfehlen daher, das Woolskins-Fell mit Bedacht einzusetzen! Achten Sie immer darauf, wenn Ihr Kind auf dem Bauch liegt oder schl\u00e4ft, und stellen Sie sicher, dass Ihr Kind jederzeit beaufsichtigt wird.<\/p>","protected":false},"excerpt":{"rendered":"<p><strong>Weiches und nat\u00fcrliches Schafsfell f\u00fcr Babys - Woolskins<br \/>\n<\/strong><br \/>\nGeben Sie Ihrem Baby nur das Beste mit dieser hochwertigen europ\u00e4ischen Schaffelldecke von Woolskins. Perfekt als weiche und bequeme Unterlage im Bettchen, Laufstall oder auf dem Boden. Das Vlies ist aus weicher, nat\u00fcrlicher Wolle gefertigt, die die Temperatur reguliert und die empfindliche Haut Ihres Babys sch\u00fctzt. <span style=\"font-size: 16px;\">Durch die Verwendung von rohem Mimosa-Tannin bei der Gerbung erh\u00e4lt das Fell eine sch\u00f6ne Honig-Creme-Farbe, und die Lederseite ist durch das Tannin leicht rosa. <\/span>Es hat auch eine beruhigende Wirkung, so dass sich Ihr Kind beim Spielen oder in Momenten der Ruhe entspannt. Langlebig und pflegeleicht, so dass Sie lange Freude daran haben werden. Weitere Informationen finden Sie unter Produktinformationen unten.<\/p>\n<p><strong>Marke: Woolskins<\/strong><br \/>\n<strong>Land: Polen<\/strong><\/p>\n<h6><\/h6>","protected":false},"featured_media":21304,"comment_status":"closed","ping_status":"closed","template":"","meta":{"_acf_changed":false},"product_brand":[],"product_cat":[216,354],"product_tag":[],"class_list":{"0":"post-21288","1":"product","2":"type-product","3":"status-publish","4":"has-post-thumbnail","6":"product_cat-schapenvacht-voor-baby","7":"product_cat-woolskins","9":"first","10":"outofstock","11":"taxable","12":"shipping-taxable","13":"purchasable","14":"product-type-variable","15":"has-default-attributes"},"acf":[],"_links":{"self":[{"href":"https:\/\/woolskins.eu\/de_ch\/wp-json\/wp\/v2\/product\/21288","targetHints":{"allow":["GET"]}}],"collection":[{"href":"https:\/\/woolskins.eu\/de_ch\/wp-json\/wp\/v2\/product"}],"about":[{"href":"https:\/\/woolskins.eu\/de_ch\/wp-json\/wp\/v2\/types\/product"}],"replies":[{"embeddable":true,"href":"https:\/\/woolskins.eu\/de_ch\/wp-json\/wp\/v2\/comments?post=21288"}],"wp:featuredmedia":[{"embeddable":true,"href":"https:\/\/woolskins.eu\/de_ch\/wp-json\/wp\/v2\/media\/21304"}],"wp:attachment":[{"href":"https:\/\/woolskins.eu\/de_ch\/wp-json\/wp\/v2\/media?parent=21288"}],"wp:term":[{"taxonomy":"product_brand","embeddable":true,"href":"https:\/\/woolskins.eu\/de_ch\/wp-json\/wp\/v2\/product_brand?post=21288"},{"taxonomy":"product_cat","embeddable":true,"href":"https:\/\/woolskins.eu\/de_ch\/wp-json\/wp\/v2\/product_cat?post=21288"},{"taxonomy":"product_tag","embeddable":true,"href":"https:\/\/woolskins.eu\/de_ch\/wp-json\/wp\/v2\/product_tag?post=21288"}],"curies":[{"name":"wp","href":"https:\/\/api.w.org\/{rel}","templated":true}]}}