{"id":20802,"date":"2024-07-09T12:35:11","date_gmt":"2024-07-09T12:35:11","guid":{"rendered":"https:\/\/woolskins.eu\/?post_type=product&#038;p=20802"},"modified":"2024-11-29T14:28:39","modified_gmt":"2024-11-29T14:28:39","slug":"stapelturm-aus-holz-stapelblocke-achteck","status":"publish","type":"product","link":"https:\/\/woolskins.eu\/de_ch\/houten-stapeltoren-stapelstenen-achthoek\/","title":{"rendered":"Stapelturm aus Holz - Stapelbausteine | Achteck"},"content":{"rendered":"<p data-sourcepos=\"5:1-5:42\"><strong>Warum der Stapelturm aus Holz?<\/strong><\/p>\n<ul data-sourcepos=\"7:1-7:44\">\n<li data-sourcepos=\"7:1-7:44\"><strong>Stimuliert die motorische Entwicklung:<\/strong> Durch das Stapeln der Bl\u00f6cke trainiert Ihr Kind seine Feinmotorik und Koordination.<\/li>\n<li data-sourcepos=\"8:1-8:13\"><b>Hand-Augen-Koordination: <\/b>unterst\u00fctzt die F\u00e4higkeit, Handlungen auszuf\u00fchren, die den gleichzeitigen Einsatz von Augen und H\u00e4nden erfordern.<\/li>\n<li data-sourcepos=\"9:1-9:129\"><b>Kognitive F\u00e4higkeiten:\u00a0<\/b>f\u00f6rderte Intelligenz und Konzentration.<\/li>\n<li data-sourcepos=\"10:1-10:134\"><strong>Hergestellt aus langlebigen Materialien:<\/strong> Das Balancierspiel ist aus hochwertigem FSC\u00ae-Holz gefertigt, wodurch es langlebig und belastbar ist.<\/li>\n<li data-sourcepos=\"11:1-11:112\"><strong>Sicher f\u00fcr Kinder:<\/strong>\u00a0Der Schiebestock ist mit einer sicheren, ungiftigen Farbe lackiert und hat eine glatte Oberfl\u00e4che ohne scharfe Kanten, so dass Kinder sicher damit spielen k\u00f6nnen.<\/li>\n<\/ul>\n<p data-sourcepos=\"13:1-13:40\"><strong>Dieses Balance-Spiel ist perfekt f\u00fcr:<\/strong><\/p>\n<ul data-sourcepos=\"15:1-18:0\">\n<li data-sourcepos=\"15:1-15:25\">Kleinkinder, die gerade lernen zu spielen.<\/li>\n<li data-sourcepos=\"16:1-16:44\">Kinder, die ihre Phantasie einsetzen wollen<\/li>\n<li data-sourcepos=\"17:1-18:0\">Eltern auf der Suche nach nachhaltigem und lehrreichem Spielzeug<\/li>\n<\/ul>\n<p data-sourcepos=\"19:1-19:18\"><strong>Spezifikationen:<\/strong><\/p>\n<ul data-sourcepos=\"21:1-24:0\">\n<li data-sourcepos=\"21:1-21:17\">Material: FSC\u00ae-zertifiziertes Holz<\/li>\n<li data-sourcepos=\"22:1-22:35\">Abmessungen: 11,0 x 11,0 x 18,5 cm<\/li>\n<li data-sourcepos=\"23:1-24:0\">Alter: Kleinkind<\/li>\n<\/ul>\n<p data-sourcepos=\"25:1-25:118\"><strong>Verwandeln Sie Spielzeit in Lernzeit mit diesem Balance-Spiel aus Holz! Bestellen Sie es noch heute und lassen Sie Ihr Kind den Spa\u00df erleben!<\/strong><\/p>\n<p data-sourcepos=\"32:1-32:9\"><strong>Tipps:<\/strong><\/p>\n<ul data-sourcepos=\"34:1-37:0\">\n<li data-sourcepos=\"34:1-34:65\">Spielen Sie das Spiel zuerst, indem Sie die W\u00fcrfel einfach der Reihe nach stapeln.<\/li>\n<li data-sourcepos=\"35:1-35:70\">Spielen Sie gemeinsam mit Ihrem Kind und lassen Sie den W\u00fcrfel bestimmen, welcher Block gestapelt werden soll.<\/li>\n<\/ul>\n<p data-sourcepos=\"38:1-38:17\"><strong>Mit diesem Stapelspiel von Tarnawa ist der Spa\u00df f\u00fcr Sie und Ihr Kind garantiert.<\/strong><\/p>\n<p data-sourcepos=\"38:1-38:17\"><strong>\u00dcber Tarnawa<\/strong><\/p>\n<p><strong>Vertrauen Sie der Familientradition!<\/strong><\/p>\n<p>Wir wissen, wie wir jedes Kind von klein auf gl\u00fccklich machen k\u00f6nnen. Wir wissen, dass ihre Entwicklung und Sicherheit ebenso wichtig sind wie der Spa\u00df. Mehr als 80 Jahre Arbeit in der Herstellung von Spielzeug und Gegenst\u00e4nden aus Holz haben uns das gelehrt. Wir bieten unseren Kunden hochwertiges Kinderspielzeug aus Holz, das nicht nur robust, sondern auch sicher ist. Wissen, Erfahrung, Leidenschaft und Engagement geben wir in unserem Haus von Generation zu Generation weiter. Tarnawa ist nicht nur ein Unternehmen, es ist eine Familie!<\/p>\n<p><img loading=\"lazy\" decoding=\"async\" class=\"alignnone size-medium wp-image-20439 entered lazyloaded\" src=\"https:\/\/i0.wp.com\/woolskins.eu\/wp-content\/uploads\/2024\/06\/IMG_1333-scaled-Klein.jpg?resize=225%2C300&amp;ssl=1\" sizes=\"auto, (max-width: 225px) 100vw, 225px\" srcset=\"https:\/\/i0.wp.com\/woolskins.eu\/wp-content\/uploads\/2024\/06\/IMG_1333-scaled-Klein.jpg?resize=225%2C300&amp;ssl=1 225w, https:\/\/i0.wp.com\/woolskins.eu\/wp-content\/uploads\/2024\/06\/IMG_1333-scaled-Klein.jpg?resize=9%2C12&amp;ssl=1 9w, https:\/\/i0.wp.com\/woolskins.eu\/wp-content\/uploads\/2024\/06\/IMG_1333-scaled-Klein.jpg?resize=64%2C85&amp;ssl=1 64w, https:\/\/i0.wp.com\/woolskins.eu\/wp-content\/uploads\/2024\/06\/IMG_1333-scaled-Klein.jpg?w=480&amp;ssl=1 480w\" alt=\"Holz Laufente Schiebestock Holzspielzeug Wollfelle Tarnawa\" width=\"225\" height=\"300\" data-lazy-srcset=\"https:\/\/i0.wp.com\/woolskins.eu\/wp-content\/uploads\/2024\/06\/IMG_1333-scaled-Klein.jpg?resize=225%2C300&amp;ssl=1 225w, https:\/\/i0.wp.com\/woolskins.eu\/wp-content\/uploads\/2024\/06\/IMG_1333-scaled-Klein.jpg?resize=9%2C12&amp;ssl=1 9w, https:\/\/i0.wp.com\/woolskins.eu\/wp-content\/uploads\/2024\/06\/IMG_1333-scaled-Klein.jpg?resize=64%2C85&amp;ssl=1 64w, https:\/\/i0.wp.com\/woolskins.eu\/wp-content\/uploads\/2024\/06\/IMG_1333-scaled-Klein.jpg?w=480&amp;ssl=1 480w\" data-lazy-sizes=\"(max-width: 225px) 100vw, 225px\" data-recalc-dims=\"1\" data-lazy-src=\"https:\/\/i0.wp.com\/woolskins.eu\/wp-content\/uploads\/2024\/06\/IMG_1333-scaled-Klein.jpg?resize=225%2C300&amp;ssl=1\" data-ll-status=\"loaded\" \/><\/p>\n<p><strong>Hochwertiges Spielzeug f\u00fcr Ihre und unsere Kinder!<br \/>\n<\/strong><br \/>\nWir glauben, dass Sie als Eltern wollen, dass das Spielzeug, das Sie Ihrem Kind geben, sch\u00f6n, sorgf\u00e4ltig hergestellt, langlebig und sicher ist. Wir sorgen daf\u00fcr, dass unsere Holzprodukte dank ihrer Funktionalit\u00e4t, ihrer \u00c4sthetik und ihrer pr\u00e4zisen Verarbeitung Ihrem Kind so lange und so gut wie m\u00f6glich dienen. Wir stellen sie in Handarbeit her, wobei wir auf die kleinsten Details achten. Das Holzspielzeug von Tarnawa ist keine Massenware, sondern ein kleines Kunstwerk.<\/p>\n<p><strong>Wir gehen mit der Zeit!<br \/>\n<\/strong><br \/>\nDie Welt entwickelt sich st\u00e4ndig weiter, ebenso wie Ihr Kind und Sie selbst. Entwicklung ist die Grundlage der Existenz. Jahrelange Erfahrung hat uns gelehrt, nicht stehen zu bleiben, und deshalb versuchen wir st\u00e4ndig, etwas Neues zu machen. Als Hersteller von Holzspielzeug verbinden wir die Leidenschaft f\u00fcr traditionelle Spielzeugherstellungstechniken mit einem modernen Look. Wir erreichen Sie, liebe Eltern, dank moderner Medien und erleichtern Ihnen und Ihrem Kind den Zugang zu unseren Naturprodukten.<\/p>\n<p>&nbsp;<\/p>\n<p><img loading=\"lazy\" decoding=\"async\" class=\"size-full wp-image-20440 aligncenter entered lazyloaded\" src=\"https:\/\/i0.wp.com\/woolskins.eu\/wp-content\/uploads\/2024\/06\/Logo.black_-300x263-1.png?resize=300%2C263&amp;ssl=1\" sizes=\"auto, (max-width: 300px) 100vw, 300px\" srcset=\"https:\/\/i0.wp.com\/woolskins.eu\/wp-content\/uploads\/2024\/06\/Logo.black_-300x263-1.png?w=300&amp;ssl=1 300w, https:\/\/i0.wp.com\/woolskins.eu\/wp-content\/uploads\/2024\/06\/Logo.black_-300x263-1.png?resize=14%2C12&amp;ssl=1 14w, https:\/\/i0.wp.com\/woolskins.eu\/wp-content\/uploads\/2024\/06\/Logo.black_-300x263-1.png?resize=64%2C56&amp;ssl=1 64w\" alt=\"Holz Laufente Schiebestock Holzspielzeug Wollfelle Tarnawa\" width=\"300\" height=\"263\" data-lazy-srcset=\"https:\/\/i0.wp.com\/woolskins.eu\/wp-content\/uploads\/2024\/06\/Logo.black_-300x263-1.png?w=300&amp;ssl=1 300w, https:\/\/i0.wp.com\/woolskins.eu\/wp-content\/uploads\/2024\/06\/Logo.black_-300x263-1.png?resize=14%2C12&amp;ssl=1 14w, https:\/\/i0.wp.com\/woolskins.eu\/wp-content\/uploads\/2024\/06\/Logo.black_-300x263-1.png?resize=64%2C56&amp;ssl=1 64w\" data-lazy-sizes=\"(max-width: 300px) 100vw, 300px\" data-recalc-dims=\"1\" data-lazy-src=\"https:\/\/i0.wp.com\/woolskins.eu\/wp-content\/uploads\/2024\/06\/Logo.black_-300x263-1.png?resize=300%2C263&amp;ssl=1\" data-ll-status=\"loaded\" \/><\/p>","protected":false},"excerpt":{"rendered":"<p>Haben Sie viel Spa\u00df mit Ihrem Kind, wenn Sie dieses Turmstapelspiel aus Holz von Tarnawa spielen! Dieses Turmstapelspiel aus Holz hilft Ihrem Kind, logisch zu denken und seine kognitiven F\u00e4higkeiten und seine Hand-Augen-Koordination zu entwickeln. Sie k\u00f6nnen diesen Stapelturm auf verschiedene Weise verwenden. Kleinkinder k\u00f6nnen den Turm um den St\u00e4nder herum bauen und \u00e4ltere Kinder k\u00f6nnen auch versuchen, die Scheiben ohne den St\u00e4nder zu stapeln. Die Basis und die Bl\u00f6cke haben eine glatte Oberfl\u00e4che, sind frei von scharfen Kanten und sind mit einer Antihaftbeschichtung versehen, so dass Kinder sicher damit spielen k\u00f6nnen.<\/p>\n<p><strong>Marke: Tarnawa<\/strong><br \/>\n<strong>Produktion: Polen<\/strong><\/p>","protected":false},"featured_media":20815,"comment_status":"open","ping_status":"closed","template":"","meta":{"_acf_changed":false},"product_brand":[],"product_cat":[504,505],"product_tag":[],"class_list":{"0":"post-20802","1":"product","2":"type-product","3":"status-publish","4":"has-post-thumbnail","6":"product_cat-houten-speelgoed","7":"product_cat-tarnawa","9":"first","10":"outofstock","11":"taxable","12":"shipping-taxable","13":"purchasable","14":"product-type-simple"},"acf":[],"_links":{"self":[{"href":"https:\/\/woolskins.eu\/de_ch\/wp-json\/wp\/v2\/product\/20802","targetHints":{"allow":["GET"]}}],"collection":[{"href":"https:\/\/woolskins.eu\/de_ch\/wp-json\/wp\/v2\/product"}],"about":[{"href":"https:\/\/woolskins.eu\/de_ch\/wp-json\/wp\/v2\/types\/product"}],"replies":[{"embeddable":true,"href":"https:\/\/woolskins.eu\/de_ch\/wp-json\/wp\/v2\/comments?post=20802"}],"wp:featuredmedia":[{"embeddable":true,"href":"https:\/\/woolskins.eu\/de_ch\/wp-json\/wp\/v2\/media\/20815"}],"wp:attachment":[{"href":"https:\/\/woolskins.eu\/de_ch\/wp-json\/wp\/v2\/media?parent=20802"}],"wp:term":[{"taxonomy":"product_brand","embeddable":true,"href":"https:\/\/woolskins.eu\/de_ch\/wp-json\/wp\/v2\/product_brand?post=20802"},{"taxonomy":"product_cat","embeddable":true,"href":"https:\/\/woolskins.eu\/de_ch\/wp-json\/wp\/v2\/product_cat?post=20802"},{"taxonomy":"product_tag","embeddable":true,"href":"https:\/\/woolskins.eu\/de_ch\/wp-json\/wp\/v2\/product_tag?post=20802"}],"curies":[{"name":"wp","href":"https:\/\/api.w.org\/{rel}","templated":true}]}}