{"id":20432,"date":"2024-06-27T10:30:45","date_gmt":"2024-06-27T10:30:45","guid":{"rendered":"https:\/\/woolskins.eu\/?post_type=product&#038;p=20432"},"modified":"2025-04-19T08:32:54","modified_gmt":"2025-04-19T08:32:54","slug":"holzentchen-schiebestock-gehstock","status":"publish","type":"product","link":"https:\/\/woolskins.eu\/de_ch\/houten-eend-duwstok-loopstok\/","title":{"rendered":"Schiebestock Ente - Gehstock aus Holz"},"content":{"rendered":"<p data-sourcepos=\"5:1-5:42\"><strong>Warum sollten Sie sich f\u00fcr einen Holzschiebestock entscheiden?<\/strong><\/p>\n<ul data-sourcepos=\"7:1-7:44\">\n<li data-sourcepos=\"7:1-7:44\"><strong>Stimuliert die motorische Entwicklung:<\/strong> Durch das Schieben oder Ziehen des Schiebestocks trainiert Ihr Kind seine grobmotorischen F\u00e4higkeiten und seine Koordination.<\/li>\n<li data-sourcepos=\"8:1-8:13\"><strong>Verbessert das Gleichgewicht:<\/strong> Das Gehen mit dem Schiebestock hilft Ihrem Kind, sein Gleichgewicht zu entwickeln und zu lernen, fest auf seinen F\u00fc\u00dfen zu stehen.<\/li>\n<li data-sourcepos=\"9:1-9:129\"><strong>F\u00f6rdert das fantasievolle Spiel:<\/strong> Der Schiebestock kann als Tier, als Auto oder als alles andere verwendet werden, was sich Ihr Kind vorstellen kann.<\/li>\n<li data-sourcepos=\"10:1-10:134\"><strong>Hergestellt aus langlebigen Materialien:<\/strong> Der Schiebestock ist aus hochwertigem FSC\u00ae-Holz gefertigt, das eine lange Lebensdauer hat und einiges aushalten kann.<\/li>\n<li data-sourcepos=\"11:1-11:112\"><strong>Sicher f\u00fcr Kinder:<\/strong> Der Schiebestock ist mit einer sicheren, ungiftigen Farbe lackiert und hat eine glatte Oberfl\u00e4che ohne scharfe Kanten, so dass Kinder sicher damit spielen k\u00f6nnen.<\/li>\n<\/ul>\n<p data-sourcepos=\"13:1-13:40\"><strong>Dieser Holzschiebestock ist perfekt f\u00fcr:<\/strong><\/p>\n<ul data-sourcepos=\"15:1-18:0\">\n<li data-sourcepos=\"15:1-15:25\">Kleinkinder, die laufen lernen<\/li>\n<li data-sourcepos=\"16:1-16:44\">Kinder, die ihre Phantasie einsetzen wollen<\/li>\n<li data-sourcepos=\"17:1-18:0\">Eltern auf der Suche nach nachhaltigem und lehrreichem Spielzeug<\/li>\n<\/ul>\n<p data-sourcepos=\"19:1-19:18\"><strong>Spezifikationen:<\/strong><\/p>\n<ul data-sourcepos=\"21:1-24:0\">\n<li data-sourcepos=\"21:1-21:17\">Material: FSC\u00ae-zertifiziertes Holz<\/li>\n<li data-sourcepos=\"22:1-22:35\">Abmessungen: 18 x 15,5 x 64 cm<\/li>\n<li data-sourcepos=\"23:1-24:0\">Alter: Kleinkind<\/li>\n<\/ul>\n<p data-sourcepos=\"25:1-25:118\"><strong>Verwandeln Sie Spielzeit in Lernzeit mit diesem h\u00f6lzernen Schiebestock! Bestellen Sie ihn noch heute und lassen Sie Ihr Kind den Spa\u00df erleben!<\/strong><\/p>\n<p data-sourcepos=\"32:1-32:9\"><strong>Tipps:<\/strong><\/p>\n<ul data-sourcepos=\"34:1-37:0\">\n<li data-sourcepos=\"34:1-34:65\">Lassen Sie Ihr Kind den Schiebestock drinnen oder drau\u00dfen benutzen.<\/li>\n<li data-sourcepos=\"35:1-35:70\">Spielen Sie gemeinsam mit Ihrem Kind und erfinden Sie lustige Spiele mit dem Schiebestock.<\/li>\n<\/ul>\n<p data-sourcepos=\"38:1-38:17\"><strong>Dieser h\u00f6lzerne Schiebestock von Tarnawa ist ein garantierter Spa\u00df f\u00fcr die Kleinen.<\/strong><\/p>\n<p data-sourcepos=\"38:1-38:17\"><strong>\u00dcber Tarnawa<\/strong><\/p>\n<p><strong>Vertrauen Sie der Familientradition!<\/strong><\/p>\n<p>Wir wissen, wie wir jedes Kind von klein auf gl\u00fccklich machen k\u00f6nnen. Wir wissen, dass ihre Entwicklung und Sicherheit ebenso wichtig sind wie der Spa\u00df. Mehr als 80 Jahre Arbeit in der Herstellung von Spielzeug und Gegenst\u00e4nden aus Holz haben uns das gelehrt. Wir bieten unseren Kunden hochwertiges Kinderspielzeug aus Holz, das nicht nur robust, sondern auch sicher ist. Wissen, Erfahrung, Leidenschaft und Engagement geben wir in unserem Haus von Generation zu Generation weiter. Tarnawa ist nicht nur ein Unternehmen, es ist eine Familie!<\/p>\n<p><img loading=\"lazy\" decoding=\"async\" class=\"alignnone size-medium wp-image-20439\" src=\"https:\/\/woolskins.eu\/wp-content\/uploads\/2024\/06\/IMG_1333-scaled-Klein-225x300.jpg\" alt=\"Holz Laufente Schiebestock Holzspielzeug Wollfelle Tarnawa\" width=\"225\" height=\"300\" srcset=\"https:\/\/woolskins.eu\/wp-content\/uploads\/2024\/06\/IMG_1333-scaled-Klein-225x300.jpg 225w, https:\/\/woolskins.eu\/wp-content\/uploads\/2024\/06\/IMG_1333-scaled-Klein-64x85.jpg 64w, https:\/\/woolskins.eu\/wp-content\/uploads\/2024\/06\/IMG_1333-scaled-Klein-9x12.jpg 9w, https:\/\/woolskins.eu\/wp-content\/uploads\/2024\/06\/IMG_1333-scaled-Klein.jpg 480w\" sizes=\"auto, (max-width: 225px) 100vw, 225px\" \/><\/p>\n<p><strong>Hochwertiges Spielzeug f\u00fcr Ihre und unsere Kinder!<br \/>\n<\/strong><br \/>\nWir glauben, dass Sie als Eltern wollen, dass das Spielzeug, das Sie Ihrem Kind geben, sch\u00f6n, sorgf\u00e4ltig hergestellt, langlebig und sicher ist. Wir sorgen daf\u00fcr, dass unsere Holzprodukte dank ihrer Funktionalit\u00e4t, ihrer \u00c4sthetik und ihrer pr\u00e4zisen Verarbeitung Ihrem Kind so lange und so gut wie m\u00f6glich dienen. Wir stellen sie in Handarbeit her, wobei wir auf die kleinsten Details achten. Das Holzspielzeug von Tarnawa ist keine Massenware, sondern ein kleines Kunstwerk.<\/p>\n<p><strong>Wir gehen mit der Zeit!<br \/>\n<\/strong><br \/>\nDie Welt entwickelt sich st\u00e4ndig weiter, ebenso wie Ihr Kind und Sie selbst. Entwicklung ist die Grundlage der Existenz. Jahrelange Erfahrung hat uns gelehrt, nicht stehen zu bleiben, und deshalb versuchen wir st\u00e4ndig, etwas Neues zu machen. Als Hersteller von Holzspielzeug verbinden wir die Leidenschaft f\u00fcr traditionelle Spielzeugherstellungstechniken mit einem modernen Look. Wir erreichen Sie, liebe Eltern, dank moderner Medien und erleichtern Ihnen und Ihrem Kind den Zugang zu unseren Naturprodukten.<\/p>\n<p>&nbsp;<\/p>\n<p><img loading=\"lazy\" decoding=\"async\" class=\"size-full wp-image-20440 aligncenter\" src=\"https:\/\/woolskins.eu\/wp-content\/uploads\/2024\/06\/Logo.black_-300x263-1.png\" alt=\"Holz Laufente Schiebestock Holzspielzeug Wollfelle Tarnawa\" width=\"300\" height=\"263\" srcset=\"https:\/\/woolskins.eu\/wp-content\/uploads\/2024\/06\/Logo.black_-300x263-1.png 300w, https:\/\/woolskins.eu\/wp-content\/uploads\/2024\/06\/Logo.black_-300x263-1-64x56.png 64w, https:\/\/woolskins.eu\/wp-content\/uploads\/2024\/06\/Logo.black_-300x263-1-14x12.png 14w\" sizes=\"auto, (max-width: 300px) 100vw, 300px\" \/><\/p>","protected":false},"excerpt":{"rendered":"<p data-sourcepos=\"1:1-1:55\"><strong>Schiebestock Ente - Gehstock aus Holz\u00a0<\/strong><\/p>\n<p data-sourcepos=\"3:1-3:54\">Sie suchen nach lustigem und lehrreichem Spielzeug f\u00fcr Ihr Kind? Dann ist dieser Schiebestock aus Holz die perfekte Wahl! Der aus hochwertigem FSC\u00ae-zertifiziertem Holz gefertigte Stock bietet stundenlangen Spielspa\u00df und f\u00f6rdert gleichzeitig die motorische Entwicklung Ihres Kindes. Der Schiebestock ist mit einer sicheren, ungiftigen Farbe lackiert und hat eine glatte Oberfl\u00e4che ohne scharfe Kanten, so dass Kinder sicher damit spielen k\u00f6nnen.<\/p>\n<p><strong>Marke: Tarnawa<\/strong><br \/>\n<strong>Produktion: Polen<\/strong><\/p>\n<p data-sourcepos=\"38:1-38:17\">","protected":false},"featured_media":20437,"comment_status":"open","ping_status":"closed","template":"","meta":{"_acf_changed":false},"product_brand":[],"product_cat":[504,505],"product_tag":[],"class_list":{"0":"post-20432","1":"product","2":"type-product","3":"status-publish","4":"has-post-thumbnail","6":"product_cat-houten-speelgoed","7":"product_cat-tarnawa","9":"first","10":"outofstock","11":"taxable","12":"shipping-taxable","13":"purchasable","14":"product-type-simple"},"acf":[],"_links":{"self":[{"href":"https:\/\/woolskins.eu\/de_ch\/wp-json\/wp\/v2\/product\/20432","targetHints":{"allow":["GET"]}}],"collection":[{"href":"https:\/\/woolskins.eu\/de_ch\/wp-json\/wp\/v2\/product"}],"about":[{"href":"https:\/\/woolskins.eu\/de_ch\/wp-json\/wp\/v2\/types\/product"}],"replies":[{"embeddable":true,"href":"https:\/\/woolskins.eu\/de_ch\/wp-json\/wp\/v2\/comments?post=20432"}],"wp:featuredmedia":[{"embeddable":true,"href":"https:\/\/woolskins.eu\/de_ch\/wp-json\/wp\/v2\/media\/20437"}],"wp:attachment":[{"href":"https:\/\/woolskins.eu\/de_ch\/wp-json\/wp\/v2\/media?parent=20432"}],"wp:term":[{"taxonomy":"product_brand","embeddable":true,"href":"https:\/\/woolskins.eu\/de_ch\/wp-json\/wp\/v2\/product_brand?post=20432"},{"taxonomy":"product_cat","embeddable":true,"href":"https:\/\/woolskins.eu\/de_ch\/wp-json\/wp\/v2\/product_cat?post=20432"},{"taxonomy":"product_tag","embeddable":true,"href":"https:\/\/woolskins.eu\/de_ch\/wp-json\/wp\/v2\/product_tag?post=20432"}],"curies":[{"name":"wp","href":"https:\/\/api.w.org\/{rel}","templated":true}]}}