{"id":20275,"date":"2024-06-04T13:52:13","date_gmt":"2024-06-04T13:52:13","guid":{"rendered":"https:\/\/woolskins.eu\/?post_type=product&#038;p=20275"},"modified":"2026-02-12T09:57:26","modified_gmt":"2026-02-12T09:57:26","slug":"wollfussack-0-3-jahre-zaffiro-igrow-4-0-zwar-beige","status":"publish","type":"product","link":"https:\/\/woolskins.eu\/de_ch\/wollen-voetenzak-0-3-jaar-zaffiro-igrow-4-0-zwar-beige\/","title":{"rendered":"Fu\u00dfsack aus Wolle 0-3 Jahre - Zaffiro iGrow 4.0 | Schwarz melange\/beige"},"content":{"rendered":"<p>Der iGrow 4.0 ist eine verbesserte Version unseres Bestsellers und ist bei Woolskins in 4 Farben erh\u00e4ltlich. Dieser Fu\u00dfsack ist aus hochwertiger, nat\u00fcrlicher Premium-Wolle gefertigt und w\u00e4chst dank zweier L\u00e4ngenverstellm\u00f6glichkeiten bis zu 3 Jahren mit. Dank der Verwendung von L\u00e4ngsl\u00f6chern f\u00fcr Sicherheitsgurte passt er sowohl f\u00fcr Modelle mit 5- und 3-Punkt-Gurtsystem als auch f\u00fcr Modelle mit befestigten Gurten, die das Kind halten. Der untere verl\u00e4ngerte Teil des Modells iGrow 4.0 ist mit einer speziellen sch\u00fctzenden W\/R-Beschichtung versehen, die es gr\u00f6\u00dferen Kindern erm\u00f6glicht, mit Schuhen zu fahren.<\/p>\n<p>Dieser Zaffiro Fu\u00dfsack ist luxuri\u00f6s, warm und bequem! Die spezielle Au\u00dfenschicht ist wasser- und winddicht, so dass Ihr Kind immer vor K\u00e4lte gesch\u00fctzt ist. Auf der Innenseite sorgen zwei Lagen Wollfleece f\u00fcr zus\u00e4tzliche W\u00e4rme und Komfort.<\/p>\n<p>Der Fu\u00dfsack kann in der L\u00e4nge verstellt werden, indem der untere Teil ge\u00f6ffnet wird. Dies h\u00e4ngt vom Alter und den Bed\u00fcrfnissen Ihres Kindes ab. Der Fu\u00dfsack hat einen Kordelzug im Kragen, sodass er sich leicht an die Kopfform Ihres Kindes anpassen l\u00e4sst.<\/p>\n<p>Wenn der untere Teil ge\u00f6ffnet ist, eignet er sich f\u00fcr eine Babytragetasche und Autositze. Wenn der untere Teil ge\u00f6ffnet ist, ist er f\u00fcr Kinderwagen geeignet.<\/p>\n<p>Merkmale:<\/p>\n<p>- Abmessungen: 84\/106 x 45 cm.<br \/>\n- F\u00fcr Kinder von der Geburt bis mindestens 3 Jahre alt.<br \/>\n- Passt auf alle Kinderwagenmodelle.<br \/>\n- Fleckenabweisendes Material, das Schmutz abweist.<br \/>\n- Wind- und wasserdicht (sch\u00fctzt vor Regen und Schnee).<br \/>\n- Gute Isolierung dank warmer Premium-Schafswolle.<br \/>\n- Antiallergischer, flauschiger Vliesstoff 300g\/m2 in der R\u00fcckseite des Schlafsacks und 450g\/m2 in der Vorderseite der Bettdecke.<br \/>\n- Der obere Teil des Schlafsacks kann mit einem Kordelzug zu einer warmen Kapuze zusammengezogen werden.<br \/>\n- Der Bezug kann hochgeklappt werden, so dass Kopf und Nacken des Kindes noch besser vor Wind und Frost gesch\u00fctzt sind.<br \/>\n- Das Oberteil kann vollst\u00e4ndig ge\u00f6ffnet werden.<br \/>\n- Rutscht nicht so leicht im Kinderwagen oder Schlitten herunter.<\/p>\n<p>Hochwertige Wolle<br \/>\nDer iGrow 4.0 Schlafsack wird aus den hochwertigsten Fasern hergestellt, die mit einer zus\u00e4tzlichen Spezialverarbeitung angereichert werden, wodurch eine Haarabdeckung auf beiden Seiten des Gewebes entsteht. Dank dieser Eigenschaften ist die Wolle in unseren Schlafs\u00e4cken hygroskopisch, absorbiert Feuchtigkeit perfekt und sch\u00fctzt vor W\u00e4rmeverlust. Die im iGrow 4.0 Schlafsack verwendete Wolle speichert die W\u00e4rme besser als gew\u00f6hnliche Wolle, dank zweier Lagen Wolfsvlies.<\/p>\n<p>Die nat\u00fcrliche, weiche PREMIUM-Schafwolle, aus der der Schlafsack gefertigt ist, eignet sich perfekt f\u00fcr kalte Winter und w\u00e4rmere Tage. Sie sorgt f\u00fcr eine noch bessere nat\u00fcrliche W\u00e4rmeregulierung, die das Kind auch bei strengem Frost wirksam sch\u00fctzt und daf\u00fcr sorgt, dass das Kind an hei\u00dfen Tagen nicht \u00fcberhitzt. Schafwolle hat au\u00dferdem antiallergische Eigenschaften und widersteht der Entwicklung von Milben. Sie hat hygienische und selbstreinigende Eigenschaften. Sie neutralisiert unangenehme Ger\u00fcche und Schmutz.<\/p>\n<p>Zusammensetzung:<br \/>\nBezugsstoff: 100% Polyester; Innenstoff: 100% Wolfsvlies; Wattierung: 100% Polyester.<\/p>","protected":false},"excerpt":{"rendered":"<p>Kuscheln Sie sich mit Ihrem Kind in diesen warmen Wollfu\u00dfsack von Zaffiro. Die Innenseite des Fu\u00dfsacks besteht aus hochwertiger, nat\u00fcrlicher Premium-Wolle und w\u00e4chst dank der zus\u00e4tzlichen Einlage mit Ihrem Kind bis zu 3 Jahren mit. Der Fu\u00dfsack kann in der L\u00e4nge verstellt werden, indem man den Rei\u00dfverschluss am unteren Teil \u00f6ffnet. Dank der l\u00e4ngs verlaufenden Gurt\u00f6ffnungen passt er sowohl f\u00fcr 5- und 3-Punkt-Gurtsysteme als auch f\u00fcr Modelle mit angebrachten Gurten. Der untere verl\u00e4ngerte Teil ist mit einer speziellen wasserabweisenden Schutzschicht versehen, so dass auch gr\u00f6\u00dfere Kinder mit Schuhen hineinpassen. Dieser Fu\u00dfsack aus Zaffiro-Wolle ist luxuri\u00f6s, warm und bequem! Die spezielle Au\u00dfenschicht ist wasser- und winddicht, so dass Ihr Kind immer vor K\u00e4lte gesch\u00fctzt ist. Die Innenseite besteht aus zwei Lagen Wolfsfleece, die f\u00fcr zus\u00e4tzliche W\u00e4rme und Komfort sorgen. Der Zaffiro Wollfu\u00dfsack kann das ganze Jahr \u00fcber verwendet werden, ist aber im Winter und Herbst am besten geeignet. Sie k\u00f6nnen sich darauf verlassen, dass Ihr Kind in diesem Fu\u00dfsack von Zaffiro sch\u00f6n warm und \u00e4u\u00dferst bequem ist. Weitere Informationen finden Sie unten.<\/p>\n<p><strong>Marke: Zaffiro<\/strong><br \/>\n<strong>Produktion: Polen<br \/>\nKeur: Oeko-Tex Standard<\/strong><\/p>\n<p><img loading=\"lazy\" decoding=\"async\" class=\"alignnone wp-image-28173 entered lazyloaded\" src=\"https:\/\/woolskins.eu\/wp-content\/uploads\/2024\/05\/csm_OEKO-TEX_Logo_2022_rgb_c1aaeb5ceb-300x300.jpg\" alt=\"\" width=\"89\" height=\"89\" data-lazy-src=\"https:\/\/woolskins.eu\/wp-content\/uploads\/2024\/05\/csm_OEKO-TEX_Logo_2022_rgb_c1aaeb5ceb-300x300.jpg\" data-ll-status=\"loaded\" srcset=\"https:\/\/woolskins.eu\/wp-content\/uploads\/2024\/05\/csm_OEKO-TEX_Logo_2022_rgb_c1aaeb5ceb-300x300.jpg 300w, https:\/\/woolskins.eu\/wp-content\/uploads\/2024\/05\/csm_OEKO-TEX_Logo_2022_rgb_c1aaeb5ceb-150x150.jpg 150w, https:\/\/woolskins.eu\/wp-content\/uploads\/2024\/05\/csm_OEKO-TEX_Logo_2022_rgb_c1aaeb5ceb-768x769.jpg 768w, https:\/\/woolskins.eu\/wp-content\/uploads\/2024\/05\/csm_OEKO-TEX_Logo_2022_rgb_c1aaeb5ceb-12x12.jpg 12w, https:\/\/woolskins.eu\/wp-content\/uploads\/2024\/05\/csm_OEKO-TEX_Logo_2022_rgb_c1aaeb5ceb-600x601.jpg 600w, https:\/\/woolskins.eu\/wp-content\/uploads\/2024\/05\/csm_OEKO-TEX_Logo_2022_rgb_c1aaeb5ceb-100x100.jpg 100w, https:\/\/woolskins.eu\/wp-content\/uploads\/2024\/05\/csm_OEKO-TEX_Logo_2022_rgb_c1aaeb5ceb-64x64.jpg 64w, https:\/\/woolskins.eu\/wp-content\/uploads\/2024\/05\/csm_OEKO-TEX_Logo_2022_rgb_c1aaeb5ceb.jpg 885w\" sizes=\"auto, (max-width: 89px) 100vw, 89px\" \/><\/p>","protected":false},"featured_media":26004,"comment_status":"closed","ping_status":"closed","template":"","meta":{"_acf_changed":false},"product_brand":[],"product_cat":[352,336,502],"product_tag":[],"class_list":{"0":"post-20275","1":"product","2":"type-product","3":"status-publish","4":"has-post-thumbnail","6":"product_cat-merken","7":"product_cat-voetenzakken","8":"product_cat-zaffiro","10":"first","11":"outofstock","12":"sale","13":"taxable","14":"shipping-taxable","15":"purchasable","16":"product-type-simple"},"acf":[],"_links":{"self":[{"href":"https:\/\/woolskins.eu\/de_ch\/wp-json\/wp\/v2\/product\/20275","targetHints":{"allow":["GET"]}}],"collection":[{"href":"https:\/\/woolskins.eu\/de_ch\/wp-json\/wp\/v2\/product"}],"about":[{"href":"https:\/\/woolskins.eu\/de_ch\/wp-json\/wp\/v2\/types\/product"}],"replies":[{"embeddable":true,"href":"https:\/\/woolskins.eu\/de_ch\/wp-json\/wp\/v2\/comments?post=20275"}],"wp:featuredmedia":[{"embeddable":true,"href":"https:\/\/woolskins.eu\/de_ch\/wp-json\/wp\/v2\/media\/26004"}],"wp:attachment":[{"href":"https:\/\/woolskins.eu\/de_ch\/wp-json\/wp\/v2\/media?parent=20275"}],"wp:term":[{"taxonomy":"product_brand","embeddable":true,"href":"https:\/\/woolskins.eu\/de_ch\/wp-json\/wp\/v2\/product_brand?post=20275"},{"taxonomy":"product_cat","embeddable":true,"href":"https:\/\/woolskins.eu\/de_ch\/wp-json\/wp\/v2\/product_cat?post=20275"},{"taxonomy":"product_tag","embeddable":true,"href":"https:\/\/woolskins.eu\/de_ch\/wp-json\/wp\/v2\/product_tag?post=20275"}],"curies":[{"name":"wp","href":"https:\/\/api.w.org\/{rel}","templated":true}]}}