{"id":20167,"date":"2024-05-30T11:09:36","date_gmt":"2024-05-30T11:09:36","guid":{"rendered":"https:\/\/woolskins.eu\/?post_type=product&#038;p=20167"},"modified":"2026-02-07T20:39:26","modified_gmt":"2026-02-07T20:39:26","slug":"wollfaustlinge-fur-baby-zaffiro-gefilzt-beige","status":"publish","type":"product","link":"https:\/\/woolskins.eu\/de_ch\/wollen-wanten-voor-baby-zaffiro-felted-beige\/","title":{"rendered":"F\u00e4ustlinge aus Wolle f\u00fcr Baby 0-12 Monate. - Zaffiro | Gefilzt beige"},"content":{"rendered":"<h5>F\u00e4ustlinge aus Wolle f\u00fcr Baby 0-12 Monate - Zaffiro<\/h5>\n<p>Mit den Wool Baby Mitts von Zaffiro bleiben kleine H\u00e4nde sch\u00f6n warm und bequem. Diese niedlichen Wollf\u00e4ustlinge sind die perfekte L\u00f6sung, um die H\u00e4nde Ihres Babys an kalten Tagen warm zu halten. Die Wool Baby Mitts sind mit einem praktischen B\u00fcndchen versehen, das daf\u00fcr sorgt, dass die F\u00e4ustlinge nicht verrutschen. Sie bestehen aus weicher, nat\u00fcrlich gefilzter Premium-Wolle und sind sanft zur empfindlichen Haut Ihres Babys. Die Wool Baby F\u00e4ustlinge bieten eine hervorragende Isolierung und dank der praktischen Schn\u00fcrung kann man sie nicht so leicht verlieren.<\/p>\n<p>Einige Merkmale:<\/p>\n<ul>\n<li>W\u00e4rme: Wolle isoliert auf nat\u00fcrliche Weise und h\u00e4lt die H\u00e4nde Ihres Babys auch bei kaltem Wetter sch\u00f6n warm.<\/li>\n<li>Weichheit: Die F\u00e4ustlinge sind aus luxuri\u00f6ser, weicher Wolle gefertigt, die die Haut Ihres Babys nicht reizt.<\/li>\n<li>Atmungsaktivit\u00e4t: Wolle ist von Natur aus atmungsaktiv und h\u00e4lt die H\u00e4nde Ihres Babys angenehm und schwei\u00dffrei.<\/li>\n<li>Einfaches An- und Ausziehen: Die F\u00e4ustlinge haben ein B\u00fcndchen, so dass sie leicht an- und ausgezogen werden k\u00f6nnen, selbst f\u00fcr wackelige Kinder.<\/li>\n<li>Die F\u00e4ustlinge lassen sich gut mit allen anderen Produkten aus unserer Felted-Kollektion kombinieren.<\/li>\n<\/ul>\n<p data-sourcepos=\"5:1-5:57\">Gr\u00f6\u00dfe: 0-12 Monate.<\/p>\n<h5>Zaffiro<\/h5>\n<p>Die Firma Zaffiro ist ein polnisches Familienunternehmen. Seit unseren Anf\u00e4ngen im Jahr 1989 haben wir uns auf die Herstellung von Baby- und Kinderprodukten spezialisiert und exportieren einen Gro\u00dfteil unserer Produkte in mehr als 40 L\u00e4nder. Wir haben die Marke Zaffiro geschaffen, um Produkte zu f\u00f6rdern, die Eltern unterst\u00fctzen, die sich der Bedeutung von N\u00e4he und Bindung zu ihrem Baby von den ersten Stunden nach der Geburt an bewusst sind. Wir f\u00f6rdern das Konzept des Tragens von Herz zu Herz\u2018 in Traget\u00fcchern und Tragehilfen und f\u00fchren damit die weise Tradition fr\u00fcherer Generationen wieder ein, die unter Ber\u00fccksichtigung der aktuellen psychologischen Forschung wiederentdeckt und weiterentwickelt wurde.<\/p>","protected":false},"excerpt":{"rendered":"<p>Mit den Wool Baby Mitts von Zaffiro bleiben kleine H\u00e4nde sch\u00f6n warm und bequem. Diese niedlichen Wollf\u00e4ustlinge sind die perfekte L\u00f6sung, um die H\u00e4nde Ihres Babys an kalten Tagen warm zu halten. Die Wool Baby Mitts haben ein praktisches dehnbares B\u00fcndchen, das daf\u00fcr sorgt, dass die F\u00e4ustlinge nicht verrutschen. Sie bestehen aus 100% gefilzter Premium-Wolle und sind sanft zur empfindlichen Haut Ihres Babys. Die Wollf\u00e4ustlinge bieten eine hervorragende Isolierung und dank der praktischen Schn\u00fcrung kann man sie nicht so leicht verlieren. Ein echtes Must-Have f\u00fcr die k\u00e4lteren Tage. Geeignet f\u00fcr Babys von 0 bis 12 Monaten.<\/p>\n<div class=\"woocommerce-product-details__short-description\">\n<p><strong>Marke: Zaffiro<\/strong><br \/>\n<strong>Produktion: Polen<br \/>\nKeur: Oeko-Tex Standard<\/strong><\/p>\n<p><img loading=\"lazy\" decoding=\"async\" class=\"alignnone wp-image-28173 entered lazyloaded\" src=\"https:\/\/woolskins.eu\/wp-content\/uploads\/2024\/05\/csm_OEKO-TEX_Logo_2022_rgb_c1aaeb5ceb-300x300.jpg\" alt=\"\" width=\"89\" height=\"89\" data-lazy-src=\"https:\/\/woolskins.eu\/wp-content\/uploads\/2024\/05\/csm_OEKO-TEX_Logo_2022_rgb_c1aaeb5ceb-300x300.jpg\" data-ll-status=\"loaded\" srcset=\"https:\/\/woolskins.eu\/wp-content\/uploads\/2024\/05\/csm_OEKO-TEX_Logo_2022_rgb_c1aaeb5ceb-300x300.jpg 300w, https:\/\/woolskins.eu\/wp-content\/uploads\/2024\/05\/csm_OEKO-TEX_Logo_2022_rgb_c1aaeb5ceb-150x150.jpg 150w, https:\/\/woolskins.eu\/wp-content\/uploads\/2024\/05\/csm_OEKO-TEX_Logo_2022_rgb_c1aaeb5ceb-768x769.jpg 768w, https:\/\/woolskins.eu\/wp-content\/uploads\/2024\/05\/csm_OEKO-TEX_Logo_2022_rgb_c1aaeb5ceb-12x12.jpg 12w, https:\/\/woolskins.eu\/wp-content\/uploads\/2024\/05\/csm_OEKO-TEX_Logo_2022_rgb_c1aaeb5ceb-600x601.jpg 600w, https:\/\/woolskins.eu\/wp-content\/uploads\/2024\/05\/csm_OEKO-TEX_Logo_2022_rgb_c1aaeb5ceb-100x100.jpg 100w, https:\/\/woolskins.eu\/wp-content\/uploads\/2024\/05\/csm_OEKO-TEX_Logo_2022_rgb_c1aaeb5ceb-64x64.jpg 64w, https:\/\/woolskins.eu\/wp-content\/uploads\/2024\/05\/csm_OEKO-TEX_Logo_2022_rgb_c1aaeb5ceb.jpg 885w\" sizes=\"auto, (max-width: 89px) 100vw, 89px\" \/><\/p>\n<\/div>","protected":false},"featured_media":20173,"comment_status":"open","ping_status":"closed","template":"","meta":{"_acf_changed":false},"product_brand":[],"product_cat":[502,345,361,362,200,499,196,346],"product_tag":[],"class_list":{"0":"post-20167","1":"product","2":"type-product","3":"status-publish","4":"has-post-thumbnail","6":"product_cat-zaffiro","7":"product_cat-accessoires","8":"product_cat-babyshower","9":"product_cat-cadeaus-tot-e-25","10":"product_cat-wollen-babykleding","11":"product_cat-new-arrivals","12":"product_cat-slaapkleding-baby","13":"product_cat-mutsjesensjaaltjes","15":"first","16":"instock","17":"taxable","18":"shipping-taxable","19":"purchasable","20":"product-type-simple"},"acf":[],"_links":{"self":[{"href":"https:\/\/woolskins.eu\/de_ch\/wp-json\/wp\/v2\/product\/20167","targetHints":{"allow":["GET"]}}],"collection":[{"href":"https:\/\/woolskins.eu\/de_ch\/wp-json\/wp\/v2\/product"}],"about":[{"href":"https:\/\/woolskins.eu\/de_ch\/wp-json\/wp\/v2\/types\/product"}],"replies":[{"embeddable":true,"href":"https:\/\/woolskins.eu\/de_ch\/wp-json\/wp\/v2\/comments?post=20167"}],"wp:featuredmedia":[{"embeddable":true,"href":"https:\/\/woolskins.eu\/de_ch\/wp-json\/wp\/v2\/media\/20173"}],"wp:attachment":[{"href":"https:\/\/woolskins.eu\/de_ch\/wp-json\/wp\/v2\/media?parent=20167"}],"wp:term":[{"taxonomy":"product_brand","embeddable":true,"href":"https:\/\/woolskins.eu\/de_ch\/wp-json\/wp\/v2\/product_brand?post=20167"},{"taxonomy":"product_cat","embeddable":true,"href":"https:\/\/woolskins.eu\/de_ch\/wp-json\/wp\/v2\/product_cat?post=20167"},{"taxonomy":"product_tag","embeddable":true,"href":"https:\/\/woolskins.eu\/de_ch\/wp-json\/wp\/v2\/product_tag?post=20167"}],"curies":[{"name":"wp","href":"https:\/\/api.w.org\/{rel}","templated":true}]}}