{"id":20089,"date":"2024-05-29T08:14:01","date_gmt":"2024-05-29T08:14:01","guid":{"rendered":"https:\/\/woolskins.eu\/?post_type=product&#038;p=20089"},"modified":"2026-04-17T12:57:58","modified_gmt":"2026-04-17T12:57:58","slug":"wolleinsatz-kinderwagen-zaffiro-gefilzt-hellgrau","status":"publish","type":"product","link":"https:\/\/woolskins.eu\/de_ch\/wollen-inleg-kinderwagen-zaffiro-felted-lichtgrijs\/","title":{"rendered":"Wolleinlage Kinderwagen - Zaffiro | Gefilzt hellgrau"},"content":{"rendered":"<h5>Wolleinlage Kinderwagen - Zaffiro<\/h5>\n<p data-sourcepos=\"5:1-5:57\">Die aus 100%-Premiumwolle gefertigte Wolleinlage f\u00fcr den Kinderwagen bietet Ihrem Baby das ganze Jahr \u00fcber h\u00f6chsten Komfort. Die weiche, gefilzte Wolle ist atmungsaktiv und feuchtigkeitsregulierend, sodass Ihr Kind stets angenehm trocken bleibt. Dar\u00fcber hinaus ist die R\u00fcckseite der Einlage mit AIR-Mash ausgestattet, damit die Luft ungehindert zirkulieren kann. Der untere Teil der Einlage ist aus wasser- und schmutzabweisendem Material gefertigt und l\u00e4sst sich leicht sauber halten. Die Einlage ist dick und weich und bietet dem R\u00fccken und Nacken Ihres Kindes zus\u00e4tzlichen Halt.<\/p>\n<p data-sourcepos=\"5:1-5:57\">- Abmessungen: 85 x 35,5\/40,5 cm.<br \/>\n- Weiche und angenehm zu ber\u00fchrende Premium-Wolle.<br \/>\n- Der untere Teil ist aus einem wasser- und schmutzabweisenden Stoff.<br \/>\n- Sch\u00fctzt vor Schwitzen, \u201cScheuern\u201d und den nachteiligen Auswirkungen des Kunststoffs des Kinderwagens auf die Haut des Kindes.<br \/>\n- Verbessert den Fahrkomfort beim Fahren des Kinderwagens auf unebenem Untergrund.<br \/>\n- Sch\u00fctzt den Sitzbezug vor Schmutz.<br \/>\n- Einfacher und schneller Einbau des Einsatzes.<\/p>\n<h5>Zaffiro<\/h5>\n<p>Die Firma Zaffiro ist ein polnisches Familienunternehmen. Seit unseren Anf\u00e4ngen im Jahr 1989 haben wir uns auf die Herstellung von Baby- und Kinderprodukten spezialisiert und exportieren einen Gro\u00dfteil unserer Produkte in mehr als 40 L\u00e4nder. Wir haben die Marke Zaffiro geschaffen, um Produkte zu f\u00f6rdern, die Eltern unterst\u00fctzen, die sich der Bedeutung von N\u00e4he und Bindung zu ihrem Baby von den ersten Stunden nach der Geburt an bewusst sind. Wir f\u00f6rdern das Konzept des Tragens von Herz zu Herz\u2018 in Traget\u00fcchern und Tragehilfen und f\u00fchren damit die weise Tradition fr\u00fcherer Generationen wieder ein, die unter Ber\u00fccksichtigung der aktuellen psychologischen Forschung wiederentdeckt und weiterentwickelt wurde.<\/p>","protected":false},"excerpt":{"rendered":"<p class=\"product_title entry-title\">Genie\u00dfen Sie es, Ihr Baby in dieser warmen Zaffiro Kinderwageneinlage f\u00fcr den Kinderwagen, Buggy, unterwegs zu haben. Dieser Fu\u00dfsack ist aus 100% Premium-Wolle (gefilzt) hergestellt und nimmt sofort die Temperatur Ihres Kindes an. Er speichert die W\u00e4rme gut, ohne Ihr Kind ins Schwitzen zu bringen, denn Wolle ist atmungsaktiv. Dank dieser einzigartigen Eigenschaften der Wolle wird Ihr Kind warm und bequem sein. Dank der praktischen Gurt\u00f6ffnungen k\u00f6nnen Sie diesen Wollfu\u00dfsack schnell in Ihrem Kinderwagen oder Buggy befestigen. Sie k\u00f6nnen die Kordel im Kragen ziehen, um den Kopf Ihres Kindes vor der Witterung zu sch\u00fctzen. Dieser Fu\u00dfsack von Zaffiro kann das ganze Jahr \u00fcber verwendet werden, ist aber im Fr\u00fchling, Winter und Herbst besonders praktisch.<\/p>\n<div class=\"woocommerce-product-details__short-description\">\n<p><strong>Marke: Zaffiro<\/strong><br \/>\n<strong>Produktion: Polen<br \/>\nKeur: Oeko-Tex Standard<\/strong><\/p>\n<p><img loading=\"lazy\" decoding=\"async\" class=\"alignnone wp-image-28173 entered lazyloaded\" src=\"https:\/\/woolskins.eu\/wp-content\/uploads\/2024\/05\/csm_OEKO-TEX_Logo_2022_rgb_c1aaeb5ceb-300x300.jpg\" alt=\"\" width=\"89\" height=\"89\" data-lazy-src=\"https:\/\/woolskins.eu\/wp-content\/uploads\/2024\/05\/csm_OEKO-TEX_Logo_2022_rgb_c1aaeb5ceb-300x300.jpg\" data-ll-status=\"loaded\" srcset=\"https:\/\/woolskins.eu\/wp-content\/uploads\/2024\/05\/csm_OEKO-TEX_Logo_2022_rgb_c1aaeb5ceb-300x300.jpg 300w, https:\/\/woolskins.eu\/wp-content\/uploads\/2024\/05\/csm_OEKO-TEX_Logo_2022_rgb_c1aaeb5ceb-150x150.jpg 150w, https:\/\/woolskins.eu\/wp-content\/uploads\/2024\/05\/csm_OEKO-TEX_Logo_2022_rgb_c1aaeb5ceb-768x769.jpg 768w, https:\/\/woolskins.eu\/wp-content\/uploads\/2024\/05\/csm_OEKO-TEX_Logo_2022_rgb_c1aaeb5ceb-12x12.jpg 12w, https:\/\/woolskins.eu\/wp-content\/uploads\/2024\/05\/csm_OEKO-TEX_Logo_2022_rgb_c1aaeb5ceb-600x601.jpg 600w, https:\/\/woolskins.eu\/wp-content\/uploads\/2024\/05\/csm_OEKO-TEX_Logo_2022_rgb_c1aaeb5ceb-100x100.jpg 100w, https:\/\/woolskins.eu\/wp-content\/uploads\/2024\/05\/csm_OEKO-TEX_Logo_2022_rgb_c1aaeb5ceb-64x64.jpg 64w, https:\/\/woolskins.eu\/wp-content\/uploads\/2024\/05\/csm_OEKO-TEX_Logo_2022_rgb_c1aaeb5ceb.jpg 885w\" sizes=\"auto, (max-width: 89px) 100vw, 89px\" \/><\/p>\n<\/div>","protected":false},"featured_media":20102,"comment_status":"open","ping_status":"closed","template":"","meta":{"_acf_changed":false},"product_brand":[],"product_cat":[502,336],"product_tag":[],"class_list":{"0":"post-20089","1":"product","2":"type-product","3":"status-publish","4":"has-post-thumbnail","6":"product_cat-zaffiro","7":"product_cat-voetenzakken","9":"first","10":"instock","11":"sale","12":"taxable","13":"shipping-taxable","14":"purchasable","15":"product-type-simple"},"acf":[],"_links":{"self":[{"href":"https:\/\/woolskins.eu\/de_ch\/wp-json\/wp\/v2\/product\/20089","targetHints":{"allow":["GET"]}}],"collection":[{"href":"https:\/\/woolskins.eu\/de_ch\/wp-json\/wp\/v2\/product"}],"about":[{"href":"https:\/\/woolskins.eu\/de_ch\/wp-json\/wp\/v2\/types\/product"}],"replies":[{"embeddable":true,"href":"https:\/\/woolskins.eu\/de_ch\/wp-json\/wp\/v2\/comments?post=20089"}],"wp:featuredmedia":[{"embeddable":true,"href":"https:\/\/woolskins.eu\/de_ch\/wp-json\/wp\/v2\/media\/20102"}],"wp:attachment":[{"href":"https:\/\/woolskins.eu\/de_ch\/wp-json\/wp\/v2\/media?parent=20089"}],"wp:term":[{"taxonomy":"product_brand","embeddable":true,"href":"https:\/\/woolskins.eu\/de_ch\/wp-json\/wp\/v2\/product_brand?post=20089"},{"taxonomy":"product_cat","embeddable":true,"href":"https:\/\/woolskins.eu\/de_ch\/wp-json\/wp\/v2\/product_cat?post=20089"},{"taxonomy":"product_tag","embeddable":true,"href":"https:\/\/woolskins.eu\/de_ch\/wp-json\/wp\/v2\/product_tag?post=20089"}],"curies":[{"name":"wp","href":"https:\/\/api.w.org\/{rel}","templated":true}]}}