{"id":19410,"date":"2024-02-29T13:30:42","date_gmt":"2024-02-29T13:30:42","guid":{"rendered":"https:\/\/woolskins.eu\/?post_type=product&#038;p=19410"},"modified":"2026-05-12T11:28:12","modified_gmt":"2026-05-12T11:28:12","slug":"schaffellmatratze-fur-babytragetasche-und-schlafsack","status":"publish","type":"product","link":"https:\/\/woolskins.eu\/de_ch\/schapenvacht-matrasje-voor-reiswieg-en-co-sleeper\/","title":{"rendered":"Schafsfellmatratze f\u00fcr Reisebett und Co-Schl\u00e4fer"},"content":{"rendered":"<p>Die Schaffellmatratzen von Woolskins Baby-Care haben ein k\u00fcrzeres Fell, das sie babysicher macht. Sie sind von Geburt an geeignet und sch\u00fctzen durch ihre umweltschonende Verarbeitung sowohl die Kleinen als auch den Planeten. Ob zu Hause oder unterwegs, Sie schaffen eine komfortable Umgebung, in der sich Ihr Kind wohlf\u00fchlt und entspannt. Wussten Sie, dass ein Schafsfell auch gesund f\u00fcr Ihr Kind ist?<\/p>\n<p>- L\u00e4nge 40-90 cm oder 50\u00d790 cm \/ Fell 3cm.<br \/>\n- Medizinisch gegerbt.<br \/>\n- Praktische elastische B\u00e4nder, die um die Matratze gelegt werden.<br \/>\n- Weiches und kompaktes Fell.<br \/>\n- Maschinenwaschbar und trocknergeeignet.<br \/>\n- Leicht zu pflegen.<\/p>\n<p>Bestellen Sie eine Pflegeb\u00fcrste dazu, damit Ihr Fell lange sch\u00f6n bleibt, und\/oder lassen Sie Ihr Fell mit den Geburtsgeschenken f\u00fcr Sie oder Ihr Kind personalisieren. Ein sch\u00f6nes und einzigartiges Geschenk, exklusiv bei Woolskins erh\u00e4ltlich.<\/p>\n<h5 class=\"_2tV5m fggS- cell\">Merkmale Unverzichtbarer Mantel<\/h5>\n<div class=\"rah-static rah-static--height-auto\" aria-hidden=\"false\">\n<div>\n<div class=\"_1yvxJ fggS- cell\">\n<div class=\"WncCi NTPd3\" data-hook=\"info-section-description\">\n<p>Dieses Baby-Care Schafsfell stammt vom englischen Schaf. Es ist ein sehr weiches und kompaktes Vlies und unser TIP! Wie alle unsere Vliese sind auch die Wollfasern atmungsaktiv. Das hilft Ihrem Baby, die Temperatur stabil zu halten und sorgt daf\u00fcr, dass Ihr Baby trocken und bequem bleibt. K\u00fchl im Sommer und warm im Winter.<\/p>\n<\/div>\n<\/div>\n<\/div>\n<\/div>\n<h5 class=\"Text4179662635__root Text4179662635---typography-11-runningText Text4179662635---priority-7-primary s8gg2 _2UIKs InfoSectionTitle3095652555__root\" aria-hidden=\"false\" data-hook=\"info-section-title\">Umweltfreundlich<\/h5>\n<div class=\"rah-static rah-static--height-auto\" aria-hidden=\"false\">\n<div class=\"_1yvxJ fggS- cell\">\n<div class=\"WncCi NTPd3\" data-hook=\"info-section-description\">\n<p>Alle bei der Gerbung und Veredelung verwendeten Mittel entsprechen den wesentlichen EU-Richtlinien zur Erhaltung und zum Schutz der Umwelt.<\/p>\n<p>Unsere M\u00e4ntel werden gem\u00e4\u00df der REACH-Verordnung gegerbt, die verabschiedet wurde, um den Schutz der menschlichen Gesundheit und der Umwelt vor den Risiken, die von Chemikalien ausgehen k\u00f6nnen, zu verbessern und gleichzeitig die Wettbewerbsf\u00e4higkeit der chemischen Industrie der EU zu steigern. Bei der Produktion werden keine AZO-Farbstoffe verwendet.<\/p>\n<p>ECO PRODUKTE - Felle sind Eco Friendly Skins, ihre Verarbeitung und Behandlung sind sicher f\u00fcr Erwachsene und Kinder. Felle sind biologisch abbaubar, organisch.<\/p>\n<p>Woolskins verkauft keine Vliese von Schafen, die mit Mulesing behandelt wurden! Mulesing wird bei europ\u00e4ischen Schafen nicht angewendet, da der Parasit, der die Landwirte dazu veranlasst, Mulesing anzuwenden, in Europa nicht vorkommt.<\/p>\n<h5 class=\"Text4179662635__root Text4179662635---typography-11-runningText Text4179662635---priority-7-primary s8gg2 _2UIKs InfoSectionTitle3095652555__root\" aria-hidden=\"false\" data-hook=\"info-section-title\">Bauchschl\u00e4fer... aufgepasst!<\/h5>\n<div class=\"rah-static rah-static--height-auto\" aria-hidden=\"false\">\n<div class=\"_1yvxJ fggS- cell\">\n<div class=\"WncCi NTPd3\" data-hook=\"info-section-description\">\n<p>Kleine Kinder, die in den ersten 12 Monaten auf dem Bauch schlafen, sollten aus Sicherheitsgr\u00fcnden nicht auf etwas Weichem schlafen, da dies gef\u00e4hrlich sein kann. Wir empfehlen daher, das Woolskins-Fell mit Bedacht einzusetzen! Achten Sie immer darauf, wenn Ihr Kind auf dem Bauch liegt oder schl\u00e4ft, und stellen Sie sicher, dass Ihr Kind jederzeit beaufsichtigt wird.<\/p>\n<\/div>\n<\/div>\n<\/div>\n<\/div>\n<\/div>\n<\/div>","protected":false},"excerpt":{"rendered":"<p>Dieses Woolskins Schafsfell kann zu jeder Jahreszeit verwendet werden. Das Vlies ist aus weicher, medizinisch gegerbter Lammwolle mit einer Wollh\u00f6he von 3 cm hergestellt. Das Schlafen auf einem Schaffell ist sehr wohltuend und dank der Hohlfaser der Wolle schwitzt Ihr Kind nicht so leicht und hat es daher sehr bequem. Diese Matratze kann das ganze Jahr \u00fcber verwendet werden und hilft Ihrem Baby dabei, eine stabile Temperatur zu halten. Sie tut dies \u2018dynamisch\u2019, d. h. sie tut es, wenn sie gebraucht wird, und nicht, wenn sie es nicht braucht. Warm im Winter und k\u00fchl im Sommer. Dank der beiden elastischen B\u00e4nder bleibt die Matratze fest an ihrem Platz.<\/p>","protected":false},"featured_media":19417,"comment_status":"open","ping_status":"closed","template":"","meta":{"_acf_changed":false},"product_brand":[],"product_cat":[354,216,222],"product_tag":[],"class_list":{"0":"post-19410","1":"product","2":"type-product","3":"status-publish","4":"has-post-thumbnail","6":"product_cat-woolskins","7":"product_cat-schapenvacht-voor-baby","8":"product_cat-buggy-schapenvachtjes","10":"first","11":"instock","12":"taxable","13":"shipping-taxable","14":"purchasable","15":"product-type-variable"},"acf":[],"_links":{"self":[{"href":"https:\/\/woolskins.eu\/de_ch\/wp-json\/wp\/v2\/product\/19410","targetHints":{"allow":["GET"]}}],"collection":[{"href":"https:\/\/woolskins.eu\/de_ch\/wp-json\/wp\/v2\/product"}],"about":[{"href":"https:\/\/woolskins.eu\/de_ch\/wp-json\/wp\/v2\/types\/product"}],"replies":[{"embeddable":true,"href":"https:\/\/woolskins.eu\/de_ch\/wp-json\/wp\/v2\/comments?post=19410"}],"wp:featuredmedia":[{"embeddable":true,"href":"https:\/\/woolskins.eu\/de_ch\/wp-json\/wp\/v2\/media\/19417"}],"wp:attachment":[{"href":"https:\/\/woolskins.eu\/de_ch\/wp-json\/wp\/v2\/media?parent=19410"}],"wp:term":[{"taxonomy":"product_brand","embeddable":true,"href":"https:\/\/woolskins.eu\/de_ch\/wp-json\/wp\/v2\/product_brand?post=19410"},{"taxonomy":"product_cat","embeddable":true,"href":"https:\/\/woolskins.eu\/de_ch\/wp-json\/wp\/v2\/product_cat?post=19410"},{"taxonomy":"product_tag","embeddable":true,"href":"https:\/\/woolskins.eu\/de_ch\/wp-json\/wp\/v2\/product_tag?post=19410"}],"curies":[{"name":"wp","href":"https:\/\/api.w.org\/{rel}","templated":true}]}}