{"id":18330,"date":"2023-12-08T14:16:45","date_gmt":"2023-12-08T14:16:45","guid":{"rendered":"https:\/\/woolskins.eu\/?post_type=product&#038;p=18330"},"modified":"2025-11-17T12:10:11","modified_gmt":"2025-11-17T12:10:11","slug":"geschenkbox","status":"publish","type":"product","link":"https:\/\/woolskins.eu\/de_ch\/giftbox\/","title":{"rendered":"Luxuri\u00f6se Geschenkbox"},"content":{"rendered":"","protected":false},"excerpt":{"rendered":"<p>Machen Sie ein sch\u00f6nes Geschenk mit unserer Luxus-Geschenkbox. Diese luxuri\u00f6se Geschenkbox ist einzigartig durch das Band, das an der Ober- und Unterseite der magnetischen Box angebracht ist, wodurch die Geschenkbox auch als Tragetasche verwendet werden kann. Sie k\u00f6nnen diese Box lange Zeit f\u00fcr Ihre Babysachen, sch\u00f6ne Erinnerungsst\u00fccke oder andere Accessoires verwenden. Sie sieht in jedem Schrank oder Interieur sch\u00f6n aus.<\/p>\n<p>Abmessungen: 42 x 33 x 10 cm. Farbe: mattschwarz \/ schwarzes Band<\/p>\n<p>Diese Box ist nicht geeignet f\u00fcr \u00fcbergro\u00dfe Artikel wie die Boxdecke, gro\u00dfe Decken, Futterkissen oder Bestellungen mit sehr vielen Artikeln. Wenn nicht alle Artikel hineinpassen, schicken wir sie zusammen mit der Geschenkbox. Im Zweifelsfall nehmen Sie bitte Kontakt mit uns auf.<\/p>\n<p>*Wir verkaufen diese Box nicht separat.<\/p>","protected":false},"featured_media":18333,"comment_status":"open","ping_status":"closed","template":"","meta":{"_acf_changed":false},"product_brand":[],"product_cat":[360,335,345,361,363,362,364,248,498,529,532,535,534,533,530,536,200,353,232,216,222,356,196,322,337,346,323,413,344,348,370,336,318,321,319,463,194,354,502],"product_tag":[],"class_list":{"0":"post-18330","1":"product","2":"type-product","3":"status-publish","4":"has-post-thumbnail","6":"product_cat-cadeautips","7":"product_cat-a_baby_brand","8":"product_cat-accessoires","9":"product_cat-babyshower","10":"product_cat-cadeaus-e25-e50","11":"product_cat-cadeaus-tot-e-25","12":"product_cat-cadeaus-vanaf-e50","13":"product_cat-engel_natur","14":"product_cat-inlegkussenmaxicosi","15":"product_cat-katoenen-babykleertjes","16":"product_cat-katoenen-babybroekjes","17":"product_cat-katoenen-babymuts-babysjaaltjes","18":"product_cat-katoenen-babypak","19":"product_cat-katoenen-babyrompertjes","20":"product_cat-katoenen-babyshirt","21":"product_cat-katoenen-babyslofjes","22":"product_cat-wollen-babykleding","23":"product_cat-lanacare","24":"product_cat-petit-kolibri","25":"product_cat-schapenvacht-voor-baby","26":"product_cat-buggy-schapenvachtjes","27":"product_cat-skiep-woolcare","28":"product_cat-slaapkleding-baby","29":"product_cat-broekjes","30":"product_cat-vestjes","31":"product_cat-mutsjesensjaaltjes","32":"product_cat-slofjes","33":"product_cat-alwero-bodywarmer","34":"product_cat-kleertjes","35":"product_cat-kussens","36":"product_cat-slaapzakken","37":"product_cat-voetenzakken","38":"product_cat-wollen-wiegdeken-ledikantdeken","39":"product_cat-wikkeldekens","40":"product_cat-pakjes-en-jasjes","41":"product_cat-winterpak","42":"product_cat-wollen-babyproducten","43":"product_cat-woolskins","44":"product_cat-zaffiro","46":"first","47":"instock","48":"taxable","49":"shipping-taxable","50":"purchasable","51":"product-type-simple"},"acf":[],"_links":{"self":[{"href":"https:\/\/woolskins.eu\/de_ch\/wp-json\/wp\/v2\/product\/18330","targetHints":{"allow":["GET"]}}],"collection":[{"href":"https:\/\/woolskins.eu\/de_ch\/wp-json\/wp\/v2\/product"}],"about":[{"href":"https:\/\/woolskins.eu\/de_ch\/wp-json\/wp\/v2\/types\/product"}],"replies":[{"embeddable":true,"href":"https:\/\/woolskins.eu\/de_ch\/wp-json\/wp\/v2\/comments?post=18330"}],"wp:featuredmedia":[{"embeddable":true,"href":"https:\/\/woolskins.eu\/de_ch\/wp-json\/wp\/v2\/media\/18333"}],"wp:attachment":[{"href":"https:\/\/woolskins.eu\/de_ch\/wp-json\/wp\/v2\/media?parent=18330"}],"wp:term":[{"taxonomy":"product_brand","embeddable":true,"href":"https:\/\/woolskins.eu\/de_ch\/wp-json\/wp\/v2\/product_brand?post=18330"},{"taxonomy":"product_cat","embeddable":true,"href":"https:\/\/woolskins.eu\/de_ch\/wp-json\/wp\/v2\/product_cat?post=18330"},{"taxonomy":"product_tag","embeddable":true,"href":"https:\/\/woolskins.eu\/de_ch\/wp-json\/wp\/v2\/product_tag?post=18330"}],"curies":[{"name":"wp","href":"https:\/\/api.w.org\/{rel}","templated":true}]}}