{"id":18303,"date":"2023-12-07T15:10:52","date_gmt":"2023-12-07T15:10:52","guid":{"rendered":"https:\/\/woolskins.eu\/?post_type=product&#038;p=18303"},"modified":"2026-03-10T10:58:02","modified_gmt":"2026-03-10T10:58:02","slug":"schafsfelleinlage-fur-maxi-cosi-autositz-komfort-blassrosa","status":"publish","type":"product","link":"https:\/\/woolskins.eu\/de_ch\/schapenvacht-inlegkussen-voor-maxi-cosi-autostoel-comfort-pale-pink\/","title":{"rendered":"Schafsfell-Einlage f\u00fcr Maxi Cosi &amp; Autositz - Comfort (Pale Pink)"},"content":{"rendered":"<p>Sehr komfortabel auf der Stra\u00dfe und zu Hause. Ideal f\u00fcr lange Urlaubsreisen in kalte und hei\u00dfe L\u00e4nder. Es ist extrem bequem, da es atmungsaktiv ist und Schwei\u00df sofort absorbiert, ohne dass sich Ihr Baby nass\/klamm anf\u00fchlt.<\/p>\n<p>- Gr\u00f6\u00dfe 70 x 33-22-29 cm (L\u00e4nge x oben-mittig-unten), Fell 3 cm.<br \/>\n- Kerben f\u00fcr Sicherheitsgurte 3 &amp; 5 Punkt.<br \/>\n- Medizinisch gegerbt.<br \/>\n- Weiches und kompaktes Fell.<br \/>\n- Maschinenwaschbar und trocknergeeignet.<br \/>\n- Leicht zu pflegen.<\/p>\n<h5 class=\"Text1234883549__root Text1234883549---typography-11-runningText Text1234883549---priority-7-primary s8gg2 _2UIKs InfoSectionTitle3095652555__root\" aria-hidden=\"false\" data-hook=\"info-section-title\">Bequemes Reisen<\/h5>\n<div class=\"rah-static rah-static--height-auto\" aria-hidden=\"false\">\n<div>\n<div class=\"_1yvxJ fggS- cell\">\n<div class=\"WncCi NTPd3\" data-hook=\"info-section-description\">\n<p>Wollfasern sind atmungsaktiv und haben die F\u00e4higkeit, als nat\u00fcrlicher Thermostat zu wirken, der die K\u00f6rpertemperatur reguliert? Dies hilft Ihrem Baby, die Temperatur stabil zu halten und sorgt daf\u00fcr, dass es trocken und bequem bleibt. Dies geschieht \u2018dynamisch\u2019, d. h., es geschieht dann, wenn es gebraucht wird, und nicht, wenn es nicht gebraucht wird. Warm im Winter und k\u00fchl im Sommer.<\/p>\n<\/div>\n<\/div>\n<\/div>\n<\/div>\n<p>Woolskins Baby-Care-M\u00e4ntel haben ein k\u00fcrzeres Fell, das sie babytauglich macht. Sie sind von Geburt an geeignet und sch\u00fctzen durch ihre umweltschonende Verarbeitung sowohl die Kleinen als auch den Planeten. Ob zu Hause oder unterwegs, Sie schaffen eine komfortable Umgebung, in der sich Ihr Kleines wohl f\u00fchlt. Standardm\u00e4\u00dfig \u2018geschenkfertig\u2019 verpackt mit pers\u00f6nlicher Note.<\/p>\n<h5><strong>Eigenschaften Isl\u00e4ndisches Schafsfell<\/strong><\/h5>\n<p>Islandschafe sind vor allem f\u00fcr ihr langhaariges Fell bekannt. Wir haben sie speziell f\u00fcr Babys auf eine kurze L\u00e4nge scheren lassen, damit die isolierende \u2018Unterschicht\u2019 der Wolle zum Vorschein kommt. Dieses Fell zeichnet sich besonders durch die Geschmeidigkeit der Lederseite aus und f\u00e4llt wie eine Decke. Wie alle unsere Vliese sind auch die Wollfasern atmungsaktiv. Das hilft Ihrem Baby, seine Temperatur zu halten und sorgt daf\u00fcr, dass es trocken und bequem bleibt. K\u00fchl im Sommer und warm im Winter.<\/p>\n<h5><b>Umweltfreundlich<\/b><\/h5>\n<p><span style=\"font-weight: 400;\">Alle bei der Gerbung und Veredelung verwendeten Mittel entsprechen den wesentlichen EU-Richtlinien zur Erhaltung und zum Schutz der Umwelt.<\/span><\/p>\n<p><span style=\"font-weight: 400;\">Unsere M\u00e4ntel werden gem\u00e4\u00df der REACH-Verordnung gegerbt, die verabschiedet wurde, um den Schutz der menschlichen Gesundheit und der Umwelt vor den Risiken, die von Chemikalien ausgehen k\u00f6nnen, zu verbessern und gleichzeitig die Wettbewerbsf\u00e4higkeit der chemischen Industrie der EU zu steigern. Bei der Produktion werden keine AZO-Farbstoffe verwendet.<\/span><\/p>\n<p><span style=\"font-weight: 400;\">ECO PRODUKTE - Felle sind Eco Friendly Skins, ihre Verarbeitung und Behandlung sind sicher f\u00fcr Erwachsene und Kinder. Felle sind biologisch abbaubar, organisch.<\/span><\/p>\n<p><span style=\"font-weight: 400;\">Woolskins verkauft keine Vliese von Schafen, die mit Mulesing behandelt wurden! Mulesing wird bei europ\u00e4ischen Schafen nicht angewendet, da der Parasit, der die Landwirte dazu veranlasst, Mulesing anzuwenden, in Europa nicht vorkommt.<\/span><\/p>\n<h5><b>Bauchschl\u00e4fer... aufgepasst!<\/b><\/h5>\n<p><span style=\"font-weight: 400;\">Kleine Kinder, die in den ersten 12 Monaten auf dem Bauch schlafen, sollten aus Sicherheitsgr\u00fcnden nicht auf etwas Weichem schlafen, da dies gef\u00e4hrlich sein kann. Wir empfehlen daher, das Woolskins-Fell mit Bedacht einzusetzen! Achten Sie immer darauf, wenn Ihr Kind auf dem Bauch liegt oder schl\u00e4ft, und stellen Sie sicher, dass Ihr Kind jederzeit beaufsichtigt wird.<\/span><\/p>\n<p>&nbsp;<\/p>","protected":false},"excerpt":{"rendered":"<p>Dieses h\u00fcbsche Einlagekissen f\u00fcr den Maxi Cosi aus Schaffell ist ein bequemes und nat\u00fcrliches Produkt, das Ihr Baby unterwegs und auf langen Reisen warm und gem\u00fctlich h\u00e4lt. Ein Einlagekissen aus Schafsfell hat mehrere Vorteile, wie zum Beispiel:<\/p>\n<ul>\n<li>Es besteht aus 100% echtem Schafsleder, das weich, atmungsaktiv und feuchtigkeitsregulierend ist. Schafsfell ist au\u00dferdem hypoallergen und antibakteriell, sodass es auch f\u00fcr Babys mit empfindlicher Haut oder Allergien geeignet ist.<\/li>\n<li>Dank seiner runden Form und der Gurtschlitze passt er auf die meisten Maxi Cosi-Modelle. Sie k\u00f6nnen das Kissen leicht anbringen und entfernen, dieser Einsatz ist nicht waschbar wie unser Medicinal-Einsatz.<\/li>\n<li>Es gew\u00e4hrleistet sowohl im Sommer als auch im Winter eine optimale Temperatur f\u00fcr Ihr Baby. Im Sommer f\u00fchlt sich das Kissen k\u00fchl an und absorbiert den Schwei\u00df, w\u00e4hrend es im Winter warm und gem\u00fctlich ist. Das Kissen hilft auch, die Durchblutung und den Muskeltonus Ihres Babys zu verbessern.<\/li>\n<\/ul>\n<p>Ein Schafsfell-Einlagekissen f\u00fcr den Maxi Cosi ist daher ein ideales Produkt f\u00fcr Eltern, die ihrem Baby das Beste bieten wollen. Es ist ein langlebiges und umweltfreundliches Produkt, das aus nat\u00fcrlichen Materialien hergestellt wird und frei von Schadstoffen ist. Mit einem Schafsfell-Einlagekissen f\u00fcr den maxi cosi machen Sie jede Reise mit Ihrem Baby bequem und gem\u00fctlich.<\/p>","protected":false},"featured_media":18306,"comment_status":"closed","ping_status":"closed","template":"","meta":{"_acf_changed":false},"product_brand":[],"product_cat":[364,498,216,354],"product_tag":[],"class_list":{"0":"post-18303","1":"product","2":"type-product","3":"status-publish","4":"has-post-thumbnail","6":"product_cat-cadeaus-vanaf-e50","7":"product_cat-inlegkussenmaxicosi","8":"product_cat-schapenvacht-voor-baby","9":"product_cat-woolskins","11":"first","12":"instock","13":"taxable","14":"shipping-taxable","15":"purchasable","16":"product-type-variable","17":"has-default-attributes"},"acf":[],"_links":{"self":[{"href":"https:\/\/woolskins.eu\/de_ch\/wp-json\/wp\/v2\/product\/18303","targetHints":{"allow":["GET"]}}],"collection":[{"href":"https:\/\/woolskins.eu\/de_ch\/wp-json\/wp\/v2\/product"}],"about":[{"href":"https:\/\/woolskins.eu\/de_ch\/wp-json\/wp\/v2\/types\/product"}],"replies":[{"embeddable":true,"href":"https:\/\/woolskins.eu\/de_ch\/wp-json\/wp\/v2\/comments?post=18303"}],"wp:featuredmedia":[{"embeddable":true,"href":"https:\/\/woolskins.eu\/de_ch\/wp-json\/wp\/v2\/media\/18306"}],"wp:attachment":[{"href":"https:\/\/woolskins.eu\/de_ch\/wp-json\/wp\/v2\/media?parent=18303"}],"wp:term":[{"taxonomy":"product_brand","embeddable":true,"href":"https:\/\/woolskins.eu\/de_ch\/wp-json\/wp\/v2\/product_brand?post=18303"},{"taxonomy":"product_cat","embeddable":true,"href":"https:\/\/woolskins.eu\/de_ch\/wp-json\/wp\/v2\/product_cat?post=18303"},{"taxonomy":"product_tag","embeddable":true,"href":"https:\/\/woolskins.eu\/de_ch\/wp-json\/wp\/v2\/product_tag?post=18303"}],"curies":[{"name":"wp","href":"https:\/\/api.w.org\/{rel}","templated":true}]}}