{"id":17835,"date":"2023-11-17T12:18:52","date_gmt":"2023-11-17T12:18:52","guid":{"rendered":"https:\/\/woolskins.eu\/?post_type=product&#038;p=17835"},"modified":"2025-11-03T14:12:14","modified_gmt":"2025-11-03T14:12:14","slug":"teppich-fur-kinderzimmer-kinderzimmer-2","status":"publish","type":"product","link":"https:\/\/woolskins.eu\/de_ch\/vloerkleed-voor-babykamer-kinderkamer-2\/","title":{"rendered":"Teppich f\u00fcr Kinderzimmer &amp; Kinderzimmer"},"content":{"rendered":"","protected":false},"excerpt":{"rendered":"<p>Unsere handgekn\u00fcpften Wollteppiche sind eine perfekte Erg\u00e4nzung f\u00fcr Kinderzimmer. Er ist warm, langlebig und leicht zu pflegen. Dieser Wollteppich besteht aus nat\u00fcrlicher Wolle, die hypoallergen, schmutzabweisend und feuerbest\u00e4ndig ist. Au\u00dferdem verleiht ein handgekn\u00fcpfter Teppich dem Zimmer eine einzigartige und pers\u00f6nliche Note, da jeder Teppich anders ist.<\/p>\n<p>Er ist eine tolle M\u00f6glichkeit, das Kinderzimmer gem\u00fctlicher, komfortabler und lustiger zu gestalten. Es ist eine Investition, die jahrelang h\u00e4lt und den Kindern viel Freude bereitet, auch wegen des verspielten Wollreliefs in lustigen Mustern auf dem Teppich. Genie\u00dfen Sie die Vorteile eines nat\u00fcrlichen, sch\u00f6nen und hochwertigen handgefertigten Produkts.<\/p>\n<ul>\n<li>Abmessungen 150 x 80 cm.<\/li>\n<li>100% Wolle.<\/li>\n<\/ul>\n<p><strong>Marke: Woolskins<br \/>\nProduktion: Europa<\/strong><\/p>","protected":false},"featured_media":17833,"comment_status":"open","ping_status":"closed","template":"","meta":{"_acf_changed":false},"product_brand":[],"product_cat":[348,528],"product_tag":[],"class_list":{"0":"post-17835","1":"product","2":"type-product","3":"status-publish","4":"has-post-thumbnail","6":"product_cat-kussens","7":"product_cat-schapenvachten-voor-thuis","9":"first","10":"instock","11":"taxable","12":"shipping-taxable","13":"purchasable","14":"product-type-simple"},"acf":[],"_links":{"self":[{"href":"https:\/\/woolskins.eu\/de_ch\/wp-json\/wp\/v2\/product\/17835","targetHints":{"allow":["GET"]}}],"collection":[{"href":"https:\/\/woolskins.eu\/de_ch\/wp-json\/wp\/v2\/product"}],"about":[{"href":"https:\/\/woolskins.eu\/de_ch\/wp-json\/wp\/v2\/types\/product"}],"replies":[{"embeddable":true,"href":"https:\/\/woolskins.eu\/de_ch\/wp-json\/wp\/v2\/comments?post=17835"}],"wp:featuredmedia":[{"embeddable":true,"href":"https:\/\/woolskins.eu\/de_ch\/wp-json\/wp\/v2\/media\/17833"}],"wp:attachment":[{"href":"https:\/\/woolskins.eu\/de_ch\/wp-json\/wp\/v2\/media?parent=17835"}],"wp:term":[{"taxonomy":"product_brand","embeddable":true,"href":"https:\/\/woolskins.eu\/de_ch\/wp-json\/wp\/v2\/product_brand?post=17835"},{"taxonomy":"product_cat","embeddable":true,"href":"https:\/\/woolskins.eu\/de_ch\/wp-json\/wp\/v2\/product_cat?post=17835"},{"taxonomy":"product_tag","embeddable":true,"href":"https:\/\/woolskins.eu\/de_ch\/wp-json\/wp\/v2\/product_tag?post=17835"}],"curies":[{"name":"wp","href":"https:\/\/api.w.org\/{rel}","templated":true}]}}