{"id":17292,"date":"2023-10-29T14:40:20","date_gmt":"2023-10-29T14:40:20","guid":{"rendered":"https:\/\/woolskins.eu\/?post_type=product&#038;p=17292"},"modified":"2026-03-25T12:45:30","modified_gmt":"2026-03-25T12:45:30","slug":"babywollmantel-der-marke-basic-beige","status":"publish","type":"product","link":"https:\/\/woolskins.eu\/de_ch\/wollen-babyjas-a-basic-brand-beige\/","title":{"rendered":"A Basic Brand - Babymantel aus Wolle | beige"},"content":{"rendered":"<p>Die Wolljacke von\u00a0<strong>Eine grundlegende Marke<\/strong> ist bei Woolskins in verschiedenen Farben erh\u00e4ltlich und l\u00e4sst sich perfekt mit allen anderen Wollprodukten aus unserer Kollektion kombinieren<\/p>\n<p>Zusammensetzung:<br \/>\n100% Wolle.<\/p>\n<p>Gr\u00f6\u00dfentabelle:<\/p>\n<p>Gesamtl\u00e4nge cm \/ Gesamtbreite cm \/ \u00c4rmell\u00e4nge cm<br \/>\n6 Monate - 30cm \/ 30cm \/ 25cm<br \/>\n1 Jahr - 34cm \/ 32cm \/<\/p>\n<h5 class=\"seo_titel_cat\">Eine Baby-Marke<\/h5>\n<p>Entdecken Sie eine wirklich minimalistische Garderobe von A Basic Brand voller praktischer Essentials. Kombinieren Sie unsere Unisex-Modelle und -Farben.  Kein Logo, kein Aufdruck, keine Aufregung.<\/p>\n<p>Ihre Mission ist es, Ihr Leben einfacher zu machen, daher ist eine der Hauptideen hinter unserer Philosophie PRAXIS. Au\u00dferdem liegt uns unser Planet sehr am Herzen und wir w\u00fcnschen uns, dass jeder ein minimalistischeres Leben f\u00fchrt und daher weniger Kleidung verbraucht (#CONSUMEWISELY).<\/p>\n<p>Daher ist ihre Qualit\u00e4t so hoch wie m\u00f6glich. Sie k\u00f6nnen sie jahrelang benutzen und dann weitergeben, wenn Sie fertig sind. Wir verwenden hochwertige Stoffe mit GOTS-Bio-Baumwollzertifikat und STANDARD 100 von OEKO-TEX\u00ae. Alle Produkte k\u00f6nnen beliebig oft in der Maschine gewaschen und im Trockner getrocknet werden. Sie werden feststellen, dass unser Baumwollfleece nicht einmal geb\u00fcgelt werden muss, um gut auszusehen.<\/p>\n<h5>Waschanleitung:<\/h5>\n<p>Wir empfehlen, unsere Produkte von Hand in warmem Wasser und mit einem Lanolin-Waschmittel zu waschen.<\/p>","protected":false},"excerpt":{"rendered":"<p>Nat\u00fcrliche und weiche Materialien sind f\u00fcr die empfindliche Haut von Babys und Kindern unerl\u00e4sslich. Diese Babyjacke aus Wolle von <strong>Eine grundlegende Marke<\/strong> ist die perfekte Wahl f\u00fcr Eltern, die eine warme und bequeme Jacke f\u00fcr ihr Baby suchen. Diese Jacke ist aus 100% Naturwolle gefertigt, die f\u00fcr ihre isolierenden Eigenschaften und ihre feuchtigkeitsableitenden Eigenschaften bekannt ist. Die Jacke ist ideal f\u00fcr Fr\u00fchling und Herbst oder als warme Strickjacke im Winter.<\/p>\n<p>Die Jacke hat ein zeitloses Design und ist in verschiedenen Farben erh\u00e4ltlich. Das \u00c4rmelb\u00fcndchen schlie\u00dft die Jacke gut ab und sorgt daf\u00fcr, dass sie von der Gr\u00f6\u00dfe her lange getragen werden kann. Die Jacke ist sowohl f\u00fcr Jungen als auch f\u00fcr M\u00e4dchen geeignet.<\/p>\n<p>Wolle ist hypoallergen und schadstofffrei und daher sehr gut f\u00fcr Babys mit Allergien oder empfindlicher Haut geeignet. Au\u00dferdem ist Wolle strapazierf\u00e4hig und kann einiges aushalten, sodass die Jacke lange h\u00e4lt.<\/p>\n<p><strong>Marke: A Basic Brand<\/strong><br \/>\n<strong>Produktion: Polen<\/strong><\/p>","protected":false},"featured_media":17282,"comment_status":"open","ping_status":"closed","template":"","meta":{"_acf_changed":false},"product_brand":[],"product_cat":[360,335,364,200,337,413],"product_tag":[],"class_list":{"0":"post-17292","1":"product","2":"type-product","3":"status-publish","4":"has-post-thumbnail","6":"product_cat-cadeautips","7":"product_cat-a_baby_brand","8":"product_cat-cadeaus-vanaf-e50","9":"product_cat-wollen-babykleding","10":"product_cat-vestjes","11":"product_cat-alwero-bodywarmer","13":"first","14":"instock","15":"taxable","16":"shipping-taxable","17":"purchasable","18":"product-type-variable"},"acf":[],"_links":{"self":[{"href":"https:\/\/woolskins.eu\/de_ch\/wp-json\/wp\/v2\/product\/17292","targetHints":{"allow":["GET"]}}],"collection":[{"href":"https:\/\/woolskins.eu\/de_ch\/wp-json\/wp\/v2\/product"}],"about":[{"href":"https:\/\/woolskins.eu\/de_ch\/wp-json\/wp\/v2\/types\/product"}],"replies":[{"embeddable":true,"href":"https:\/\/woolskins.eu\/de_ch\/wp-json\/wp\/v2\/comments?post=17292"}],"wp:featuredmedia":[{"embeddable":true,"href":"https:\/\/woolskins.eu\/de_ch\/wp-json\/wp\/v2\/media\/17282"}],"wp:attachment":[{"href":"https:\/\/woolskins.eu\/de_ch\/wp-json\/wp\/v2\/media?parent=17292"}],"wp:term":[{"taxonomy":"product_brand","embeddable":true,"href":"https:\/\/woolskins.eu\/de_ch\/wp-json\/wp\/v2\/product_brand?post=17292"},{"taxonomy":"product_cat","embeddable":true,"href":"https:\/\/woolskins.eu\/de_ch\/wp-json\/wp\/v2\/product_cat?post=17292"},{"taxonomy":"product_tag","embeddable":true,"href":"https:\/\/woolskins.eu\/de_ch\/wp-json\/wp\/v2\/product_tag?post=17292"}],"curies":[{"name":"wp","href":"https:\/\/api.w.org\/{rel}","templated":true}]}}