{"id":16558,"date":"2023-09-25T10:50:25","date_gmt":"2023-09-25T10:50:25","guid":{"rendered":"https:\/\/woolskins.eu\/?post_type=product&#038;p=16558"},"modified":"2026-02-21T13:30:55","modified_gmt":"2026-02-21T13:30:55","slug":"alwero-handwarmer-faustlinge-daumen-hellgrau","status":"publish","type":"product","link":"https:\/\/woolskins.eu\/de_ch\/alwero-handwarmers-wanten-thumbled-licht-grijs\/","title":{"rendered":"Damenf\u00e4ustlinge aus Wolle - Thumbled | Hellgrau"},"content":{"rendered":"<p>F\u00fcr M\u00fctter haben wir diese sch\u00f6nen Handw\u00e4rmer aus Wolle - F\u00e4ustlinge. Die reine Schurwolle ist herrlich warm, atmungsaktiv und \u00e4u\u00dferst bequem. Dank der praktischen \u00d6ffnungen haben Sie im Handumdrehen fingerlose F\u00e4ustlinge, mit denen Sie Ihr Kind z. B. leicht in den Kinderwagen setzen und herausnehmen oder ihm die Flasche geben k\u00f6nnen.<\/p>\n<p>- 100% Schurwolle, Woolmark-Label.<br \/>\n- Mit praktischem \u00dcberzug zum fingerlosen Wollen.<br \/>\n- Verschiedene Farben verf\u00fcgbar.<\/p>\n<p>Gr\u00f6\u00dfen in Zentimetern:<\/p>\n<p>Gr\u00f6\u00dfe S: 10 cm Breite am Handgelenk x 24 cm L\u00e4nge<br \/>\nGr\u00f6\u00dfe M: 11 cm Breite am Handgelenk x 25 cm L\u00e4nge<br \/>\nGr\u00f6\u00dfe L: 12 cm Breite am Handgelenk x 26 cm L\u00e4nge<\/p>\n<h5>Etikett Wollfelle<\/h5>\n<p class=\"brz-lh-xs-1_8 brz-fs-xs-17 brz-text-xs-center brz-text-lg-center brz-tp-lg-empty brz-ff-roboto brz-ft-google brz-fs-lg-17 brz-fss-lg-px brz-fw-lg-400 brz-ls-lg-0 brz-lh-lg-1_8 brz-css-vesng\" data-generated-css=\"brz-css-djhzh\" data-uniq-id=\"odjfi\"><span class=\"brz-cp-color8\">Nach jahrelanger erfolgreicher Zusammenarbeit mit Alwero sind wir stolz darauf, unsere Produkte nun unter unserem eigenen Woolskins-Label anbieten zu k\u00f6nnen. <\/span><\/p>\n<p class=\"brz-lh-xs-1_8 brz-fs-xs-17 brz-text-xs-center brz-text-lg-center brz-tp-lg-empty brz-ff-roboto brz-ft-google brz-fs-lg-17 brz-fss-lg-px brz-fw-lg-400 brz-ls-lg-0 brz-lh-lg-1_8 brz-css-vesng\" data-generated-css=\"brz-css-djhzh\" data-uniq-id=\"odjfi\"><span class=\"brz-cp-color8\">Auf diese Weise erhalten Sie immer noch die beste Qualit\u00e4t in Kombination mit den niedlichsten und einzigartigsten Produkten\/Designs von Woolskins. <\/span><\/p>\n<p class=\"brz-lh-xs-1_8 brz-fs-xs-17 brz-text-xs-center brz-text-lg-center brz-tp-lg-empty brz-ff-roboto brz-ft-google brz-fs-lg-17 brz-fss-lg-px brz-fw-lg-400 brz-ls-lg-0 brz-lh-lg-1_8 brz-css-vesng\" data-generated-css=\"brz-css-djhzh\" data-uniq-id=\"odjfi\"><span class=\"brz-cp-color8\">Die Qualit\u00e4t der Stoffe und Farben bleibt unver\u00e4ndert, nur dass es jetzt eine gr\u00f6\u00dfere Auswahl gibt, mit der sich Woolskins zu differenzieren gedenkt. <\/span><\/p>\n<p class=\"brz-lh-xs-1_8 brz-fs-xs-17 brz-text-xs-center brz-text-lg-center brz-tp-lg-empty brz-ff-roboto brz-ft-google brz-fs-lg-17 brz-fss-lg-px brz-fw-lg-400 brz-ls-lg-0 brz-lh-lg-1_8 brz-css-gyngf\" data-generated-css=\"brz-css-djhzh\" data-uniq-id=\"odjfi\"><span class=\"brz-cp-color8\">Unsere breite Kollektion ist so konzipiert, dass sie eine gro\u00dfartige Erg\u00e4nzung f\u00fcr jedes Babyoutfit darstellt. Sie besteht aus 100% europ\u00e4ischer Wolle, die atmungsaktiv und f\u00fcr jede Jahreszeit geeignet ist. <\/span><\/p>\n<p class=\"brz-lh-xs-1_8 brz-fs-xs-17 brz-text-xs-center brz-text-lg-center brz-tp-lg-empty brz-ff-roboto brz-ft-google brz-fs-lg-17 brz-fss-lg-px brz-fw-lg-400 brz-ls-lg-0 brz-lh-lg-1_8 brz-css-gyngf\" data-generated-css=\"brz-css-djhzh\" data-uniq-id=\"odjfi\"><span class=\"brz-cp-color8\">Wir setzen uns mit Begeisterung f\u00fcr ein nachhaltiges, nat\u00fcrliches und komfortables Produkt f\u00fcr Ihr Baby ein.<\/span><\/p>","protected":false},"excerpt":{"rendered":"<p>F\u00fcr M\u00fctter haben wir diese sch\u00f6nen Handw\u00e4rmer aus Wolle - F\u00e4ustlinge. Die reine Schurwolle ist herrlich warm, atmungsaktiv und \u00e4u\u00dferst bequem. Dank der praktischen \u00d6ffnungen haben Sie im Handumdrehen fingerlose F\u00e4ustlinge, mit denen Sie Ihr Kind z. B. leicht in den Kinderwagen setzen und herausnehmen oder ihm die Flasche geben k\u00f6nnen.<\/p>\n<p><strong>Marke: Woolskins<\/strong><br \/>\n<strong>Produktion: Polen<\/strong><\/p>","protected":false},"featured_media":17591,"comment_status":"open","ping_status":"closed","template":"","meta":{"_acf_changed":false},"product_brand":[],"product_cat":[360,351,362,350,31,194],"product_tag":[],"class_list":{"0":"post-16558","1":"product","2":"type-product","3":"status-publish","4":"has-post-thumbnail","6":"product_cat-cadeautips","7":"product_cat-accessoiresvoormama","8":"product_cat-cadeaus-tot-e-25","9":"product_cat-fashion","10":"product_cat-yogamat-wol","11":"product_cat-wollen-babyproducten","12":"pa_maat-l","13":"pa_maat-m","14":"pa_maat-s","16":"first","17":"instock","18":"taxable","19":"shipping-taxable","20":"purchasable","21":"product-type-variable"},"acf":[],"_links":{"self":[{"href":"https:\/\/woolskins.eu\/de_ch\/wp-json\/wp\/v2\/product\/16558","targetHints":{"allow":["GET"]}}],"collection":[{"href":"https:\/\/woolskins.eu\/de_ch\/wp-json\/wp\/v2\/product"}],"about":[{"href":"https:\/\/woolskins.eu\/de_ch\/wp-json\/wp\/v2\/types\/product"}],"replies":[{"embeddable":true,"href":"https:\/\/woolskins.eu\/de_ch\/wp-json\/wp\/v2\/comments?post=16558"}],"wp:featuredmedia":[{"embeddable":true,"href":"https:\/\/woolskins.eu\/de_ch\/wp-json\/wp\/v2\/media\/17591"}],"wp:attachment":[{"href":"https:\/\/woolskins.eu\/de_ch\/wp-json\/wp\/v2\/media?parent=16558"}],"wp:term":[{"taxonomy":"product_brand","embeddable":true,"href":"https:\/\/woolskins.eu\/de_ch\/wp-json\/wp\/v2\/product_brand?post=16558"},{"taxonomy":"product_cat","embeddable":true,"href":"https:\/\/woolskins.eu\/de_ch\/wp-json\/wp\/v2\/product_cat?post=16558"},{"taxonomy":"product_tag","embeddable":true,"href":"https:\/\/woolskins.eu\/de_ch\/wp-json\/wp\/v2\/product_tag?post=16558"}],"curies":[{"name":"wp","href":"https:\/\/api.w.org\/{rel}","templated":true}]}}