{"id":14398,"date":"2023-02-22T09:24:44","date_gmt":"2023-02-22T09:24:44","guid":{"rendered":"https:\/\/woolskins.eu\/?post_type=product&#038;p=14398"},"modified":"2025-07-15T07:35:51","modified_gmt":"2025-07-15T07:35:51","slug":"umstandsmantel-neugeboren-naturlich","status":"publish","type":"product","link":"https:\/\/woolskins.eu\/de_ch\/zwangerschapsjas-ochtendjas-newborn-natural\/","title":{"rendered":"Umstandsmantel - Morgenmantel Woolblend Newborn | Natural"},"content":{"rendered":"<p>Dieser sch\u00f6ne Umstandsmantel aus Wolle ist ideal, wenn Sie schwanger sind oder kurz vor der Entbindung stehen. Ob Sie zu Hause oder im Krankenhaus entbinden, dieser bequeme Umstandsmantel l\u00e4sst Sie gro\u00dfartig aussehen, wenn Besucher kommen. Die breiten Paspeln verleihen ihm ein luxuri\u00f6ses Aussehen. Dieser Umstandsmantel eignet sich hervorragend zum Tragen nach dem Duschen oder wenn Sie den Tag auf der Couch verbringen m\u00f6chten. Wolle ist atmungsaktiv und extrem weich und bequem.<\/p>\n<p>- Exklusiv erh\u00e4ltlich bei Woolskins, hergestellt von Alwero<br \/>\n- Woolblend 56% reine Schurwolle (Woolmark-Label) 44% Kunstfaser.<br \/>\n- F\u00fcr zu Hause und unterwegs.<br \/>\n- Europ\u00e4ische Produktion.<br \/>\n- waschbar bei 30\u00b0C im Wollwaschgang.<\/p>\n<h5>Wollfelle der Eigenmarke von Alwero<\/h5>\n<p>Nach jahrelanger erfolgreicher Zusammenarbeit mit Alwero sind wir stolz darauf, dass wir Alwero unter unserem eigenen Woolskins-Label f\u00fchren d\u00fcrfen.<\/p>\n<p>Auf diese Weise erhalten Sie weiterhin die beste Qualit\u00e4t von Alwero in Kombination mit den sch\u00f6nsten und einzigartigsten Produkten\/Designs von Woolskins.<\/p>\n<p>Was \u00e4ndert sich also? Gar nicht so viel! Die Qualit\u00e4t, die Stoffe und die Farben bleiben gleich, nur die Auswahl an einzigartigen Produkten, mit denen sich Woolskins von anderen abhebt und die eine gute Erg\u00e4nzung zur Babyausstattung sind, ist gr\u00f6\u00dfer geworden.<\/p>\n<p>Unsere Produkte sind an unserem Woolskins-Label zu erkennen und das Waschetikett zeigt, dass es von Alwero hergestellt wurde.<\/p>\n<p>Wir setzen uns mit Begeisterung f\u00fcr ein nachhaltiges, nat\u00fcrliches und komfortables Produkt f\u00fcr Ihr Baby ein.<\/p>\n<h5>Alwero<\/h5>\n<p>Das Familienunternehmen Alwero entstand in den sp\u00e4ten 1990er Jahren aus dem Bed\u00fcrfnis heraus, etwas zu schaffen. Inmitten der Natur, wo Schafe in den Bergen grasen, findet Alwerode den einzigartigen Rohstoff, um den es geht: Rohwolle.<\/p>\n<p>Durch die Verbindung von alten Traditionen und technischer Innovation schafft Alwero eine Welt des Komforts. Wissen, Handwerkskunst und die Liebe zur Wolle haben daf\u00fcr gesorgt, dass die Produkte von Alwero weltweit gesch\u00e4tzt werden.<\/p>","protected":false},"excerpt":{"rendered":"<p>Dieser sch\u00f6ne Umstandsmantel aus Wolle ist ideal, wenn Sie schwanger sind oder kurz vor der Entbindung stehen. Ob Sie zu Hause oder im Krankenhaus entbinden, dieser bequeme Umstandsmantel l\u00e4sst Sie gro\u00dfartig aussehen, wenn Besucher kommen. Die breiten Paspeln verleihen ihm ein luxuri\u00f6ses Aussehen. Dieser Umstandsmantel eignet sich hervorragend zum Tragen nach dem Duschen oder wenn Sie den Tag auf der Couch verbringen m\u00f6chten. Wolle ist atmungsaktiv und extrem weich und bequem.<\/p>\n<p><strong>Marke: Woolskins<\/strong><br \/>\n<strong>Produzent: Woolskins Private Lable wird von Alwero produziert<\/strong><\/p>","protected":false},"featured_media":14400,"comment_status":"open","ping_status":"closed","template":"","meta":{"_acf_changed":false},"product_brand":[],"product_cat":[360,349,364,350,31,194],"product_tag":[],"class_list":{"0":"post-14398","1":"product","2":"type-product","3":"status-publish","4":"has-post-thumbnail","6":"product_cat-cadeautips","7":"product_cat-borstvoedingenvoedingskussens","8":"product_cat-cadeaus-vanaf-e50","9":"product_cat-fashion","10":"product_cat-yogamat-wol","11":"product_cat-wollen-babyproducten","12":"pa_maat-s-m","13":"pa_maat-xxs-xs","15":"first","16":"instock","17":"taxable","18":"shipping-taxable","19":"purchasable","20":"product-type-variable"},"acf":[],"_links":{"self":[{"href":"https:\/\/woolskins.eu\/de_ch\/wp-json\/wp\/v2\/product\/14398","targetHints":{"allow":["GET"]}}],"collection":[{"href":"https:\/\/woolskins.eu\/de_ch\/wp-json\/wp\/v2\/product"}],"about":[{"href":"https:\/\/woolskins.eu\/de_ch\/wp-json\/wp\/v2\/types\/product"}],"replies":[{"embeddable":true,"href":"https:\/\/woolskins.eu\/de_ch\/wp-json\/wp\/v2\/comments?post=14398"}],"wp:featuredmedia":[{"embeddable":true,"href":"https:\/\/woolskins.eu\/de_ch\/wp-json\/wp\/v2\/media\/14400"}],"wp:attachment":[{"href":"https:\/\/woolskins.eu\/de_ch\/wp-json\/wp\/v2\/media?parent=14398"}],"wp:term":[{"taxonomy":"product_brand","embeddable":true,"href":"https:\/\/woolskins.eu\/de_ch\/wp-json\/wp\/v2\/product_brand?post=14398"},{"taxonomy":"product_cat","embeddable":true,"href":"https:\/\/woolskins.eu\/de_ch\/wp-json\/wp\/v2\/product_cat?post=14398"},{"taxonomy":"product_tag","embeddable":true,"href":"https:\/\/woolskins.eu\/de_ch\/wp-json\/wp\/v2\/product_tag?post=14398"}],"curies":[{"name":"wp","href":"https:\/\/api.w.org\/{rel}","templated":true}]}}