{"id":14150,"date":"2023-01-25T10:53:36","date_gmt":"2023-01-25T10:53:36","guid":{"rendered":"https:\/\/woolskins.eu\/?post_type=product&#038;p=14150"},"modified":"2023-11-25T12:31:09","modified_gmt":"2023-11-25T12:31:09","slug":"alwero-weste-2","status":"publish","type":"product","link":"https:\/\/woolskins.eu\/de_ch\/alwero-vest\/","title":{"rendered":"Alwero-Weste"},"content":{"rendered":"<p>Diese Alwero Strickjacke ist aus Wolle gefertigt. Sie f\u00e4llt weich und einmal angezogen, werden Sie den Komfort sp\u00fcren, den Wolle zu bieten hat. Halten Sie sich mit dieser Wolljacke von Alwero in den k\u00e4lteren Tagen sch\u00f6n warm.<\/p>\n<p>- 100% Wollboucle<br \/>\n- Diese Weste bietet zus\u00e4tzliche W\u00e4rme f\u00fcr k\u00e4ltere Tage.<br \/>\n- Wolle isoliert gut und ist atmungsaktiv.<\/p>\n<p>Dieses Produkt tr\u00e4gt das Woolmark-G\u00fctesiegel.<\/p>\n<h5>Alwero<\/h5>\n<p>Das Familienunternehmen Alwero entstand in den sp\u00e4ten 1990er Jahren aus dem Bed\u00fcrfnis heraus, etwas zu schaffen. Inmitten der Natur, wo Schafe in den Bergen grasen, findet Alwerode den einzigartigen Rohstoff, um den es geht: Rohwolle.<\/p>\n<p>Durch die Verbindung von alten Traditionen und technischer Innovation schafft Alwero eine Welt des Komforts. Wissen, Handwerkskunst und die Liebe zur Wolle haben daf\u00fcr gesorgt, dass die Produkte von Alwero weltweit gesch\u00e4tzt werden.<\/p>","protected":false},"excerpt":{"rendered":"<p>Diese Alwero Strickjacke ist aus Wolle gefertigt. Sie f\u00e4llt weich und einmal angezogen, werden Sie den Komfort sp\u00fcren, den Wolle zu bieten hat. Halten Sie sich mit dieser Wolljacke von Alwero in den k\u00e4lteren Tagen sch\u00f6n warm.<\/p>","protected":false},"featured_media":14155,"comment_status":"open","ping_status":"closed","template":"","meta":{"_acf_changed":false},"product_brand":[],"product_cat":[31,350,459],"product_tag":[],"class_list":{"0":"post-14150","1":"product","2":"type-product","3":"status-publish","4":"has-post-thumbnail","6":"product_cat-yogamat-wol","7":"product_cat-fashion","8":"product_cat-sale","9":"pa_maat-l-xl","10":"pa_maat-s-m","12":"first","13":"outofstock","14":"sale","15":"taxable","16":"shipping-taxable","17":"purchasable","18":"product-type-variable"},"acf":[],"_links":{"self":[{"href":"https:\/\/woolskins.eu\/de_ch\/wp-json\/wp\/v2\/product\/14150","targetHints":{"allow":["GET"]}}],"collection":[{"href":"https:\/\/woolskins.eu\/de_ch\/wp-json\/wp\/v2\/product"}],"about":[{"href":"https:\/\/woolskins.eu\/de_ch\/wp-json\/wp\/v2\/types\/product"}],"replies":[{"embeddable":true,"href":"https:\/\/woolskins.eu\/de_ch\/wp-json\/wp\/v2\/comments?post=14150"}],"wp:featuredmedia":[{"embeddable":true,"href":"https:\/\/woolskins.eu\/de_ch\/wp-json\/wp\/v2\/media\/14155"}],"wp:attachment":[{"href":"https:\/\/woolskins.eu\/de_ch\/wp-json\/wp\/v2\/media?parent=14150"}],"wp:term":[{"taxonomy":"product_brand","embeddable":true,"href":"https:\/\/woolskins.eu\/de_ch\/wp-json\/wp\/v2\/product_brand?post=14150"},{"taxonomy":"product_cat","embeddable":true,"href":"https:\/\/woolskins.eu\/de_ch\/wp-json\/wp\/v2\/product_cat?post=14150"},{"taxonomy":"product_tag","embeddable":true,"href":"https:\/\/woolskins.eu\/de_ch\/wp-json\/wp\/v2\/product_tag?post=14150"}],"curies":[{"name":"wp","href":"https:\/\/api.w.org\/{rel}","templated":true}]}}