{"id":14069,"date":"2023-01-18T09:57:57","date_gmt":"2023-01-18T09:57:57","guid":{"rendered":"https:\/\/woolskins.eu\/?post_type=product&#038;p=14069"},"modified":"2026-03-03T13:23:20","modified_gmt":"2026-03-03T13:23:20","slug":"alwero-futterkissen-lammy-s-ecru","status":"publish","type":"product","link":"https:\/\/woolskins.eu\/de_ch\/alwero-voedingskussen-lammy-s-ecru\/","title":{"rendered":"Wolle Stillkissen Thumbled-S | Ecru"},"content":{"rendered":"<p>Da sowohl das Kissen als auch die F\u00fcllung aus Wolle bestehen, ist das Kissen atmungsaktiv, ger\u00e4uschlos, leicht und nimmt die K\u00f6rpertemperatur sofort an.<\/p>\n<p>- Der Bezug besteht aus 100% Schurwolle \u2018Thumbled\u2019 und tr\u00e4gt das Woolmark-Siegel.<br \/>\n- F\u00fcllung von Wollkugeln (100% \u00f6kologische Wolle).<br \/>\n- Innenkissen (\u00d6ko-Baumwolle) mit Rei\u00dfverschluss.<br \/>\n- Ger\u00e4uschlose nat\u00fcrliche F\u00fcllung!<br \/>\n- Geringes Gewicht (900 Gramm).<br \/>\n- F\u00fctterungskissen &amp; es hilft Ihrem Baby, sich aufzusetzen und \u2018Bauchzeit\u2019 zu machen.<br \/>\n- Gr\u00f6\u00dfe 55 x 50 cm (Umfang Mitte 60cm).<br \/>\n- Bezug und Innenkissen waschbar bei 30\u00b0C Wollwaschgang.<\/p>\n<h5>Etikett Wollfelle<\/h5>\n<p>Nach jahrelanger erfolgreicher Zusammenarbeit mit Alwero sind wir stolz darauf, unsere Produkte nun unter unserem eigenen Woolskins-Label anbieten zu k\u00f6nnen.<\/p>\n<p>Auf diese Weise erhalten Sie immer noch die beste Qualit\u00e4t, aber kombiniert mit den sch\u00f6nsten und einzigartigsten Produkten und Designs.<\/p>\n<p>Die Qualit\u00e4t der Stoffe und Farben bleibt wie immer, nur gibt es jetzt eine gr\u00f6\u00dfere Auswahl, mit der sich Woolskins zu profilieren gedenkt.<\/p>\n<p>Unsere breite Sammlung ist so gleichgesteld, dass sie eine gro\u00dfe Erg\u00e4nzung zu jedem Baby-Outfit, aus 100% europ\u00e4ischen Wolle, die atmet und ist f\u00fcr jede Jahreszeit geeignet sind.<\/p>\n<p>Wir setzen uns mit Begeisterung f\u00fcr ein nachhaltiges, nat\u00fcrliches und komfortables Produkt f\u00fcr Ihr Baby ein.<\/p>","protected":false},"excerpt":{"rendered":"<p>Dieses Stillkissen aus Wolle ist \u00e4u\u00dferst bequem und beruhigend f\u00fcr Ihr Baby beim Stillen, da es fl\u00fcsterleise ist und sich sofort der K\u00f6rpertemperatur Ihres Babys anpasst. Au\u00dferdem hilft es Ihrem Baby, sich aufzusetzen oder es w\u00e4hrend der \u2018Bauchzeit\u2019 zu benutzen.<\/p>\n<p>Da das Kissen und die F\u00fcllung aus Wolle bestehen, ist das Kissen atmungsaktiv und hypoallergen. Wollfasern haben die F\u00e4higkeit, wie ein nat\u00fcrlicher Thermostat zu wirken, der die K\u00f6rpertemperatur reguliert? Dies sorgt f\u00fcr eine stabile Temperatur und h\u00e4lt Sie und Ihr Baby trocken und komfortabel.<\/p>\n<p>Die einzigartige \u00f6kologische Wollball-F\u00fcllung ist gut st\u00fctzend f\u00fcr Ihren K\u00f6rper und den Ihres Kindes und da die F\u00fcllung keine Ger\u00e4usche macht (im Gegensatz zu z.B. Boxenf\u00fcllungen), k\u00f6nnen Sie Ihr Kind ungest\u00f6rt f\u00fcttern und so endlos miteinander genie\u00dfen. Die Wolle wird mit biologisch abbaubaren Waschmitteln gereinigt und gewaschen und durch das nat\u00fcrlich vorhandene Lanolin ist die Wolle staubfrei und somit antiallergisch.<\/p>\n<p><strong>Marke: Woolskins<\/strong><br \/>\n<strong>Produktion: Polen<\/strong><\/p>","protected":false},"featured_media":14073,"comment_status":"open","ping_status":"closed","template":"","meta":{"_acf_changed":false},"product_brand":[],"product_cat":[360,349,364,210],"product_tag":[],"class_list":{"0":"post-14069","1":"product","2":"type-product","3":"status-publish","4":"has-post-thumbnail","6":"product_cat-cadeautips","7":"product_cat-borstvoedingenvoedingskussens","8":"product_cat-cadeaus-vanaf-e50","9":"product_cat-wollen-voedingskussen","11":"first","12":"outofstock","13":"taxable","14":"shipping-taxable","15":"purchasable","16":"product-type-variable","17":"has-default-attributes"},"acf":[],"_links":{"self":[{"href":"https:\/\/woolskins.eu\/de_ch\/wp-json\/wp\/v2\/product\/14069","targetHints":{"allow":["GET"]}}],"collection":[{"href":"https:\/\/woolskins.eu\/de_ch\/wp-json\/wp\/v2\/product"}],"about":[{"href":"https:\/\/woolskins.eu\/de_ch\/wp-json\/wp\/v2\/types\/product"}],"replies":[{"embeddable":true,"href":"https:\/\/woolskins.eu\/de_ch\/wp-json\/wp\/v2\/comments?post=14069"}],"wp:featuredmedia":[{"embeddable":true,"href":"https:\/\/woolskins.eu\/de_ch\/wp-json\/wp\/v2\/media\/14073"}],"wp:attachment":[{"href":"https:\/\/woolskins.eu\/de_ch\/wp-json\/wp\/v2\/media?parent=14069"}],"wp:term":[{"taxonomy":"product_brand","embeddable":true,"href":"https:\/\/woolskins.eu\/de_ch\/wp-json\/wp\/v2\/product_brand?post=14069"},{"taxonomy":"product_cat","embeddable":true,"href":"https:\/\/woolskins.eu\/de_ch\/wp-json\/wp\/v2\/product_cat?post=14069"},{"taxonomy":"product_tag","embeddable":true,"href":"https:\/\/woolskins.eu\/de_ch\/wp-json\/wp\/v2\/product_tag?post=14069"}],"curies":[{"name":"wp","href":"https:\/\/api.w.org\/{rel}","templated":true}]}}