{"id":13998,"date":"2023-01-16T10:55:26","date_gmt":"2023-01-16T10:55:26","guid":{"rendered":"https:\/\/woolskins.eu\/?post_type=product&#038;p=13998"},"modified":"2025-09-03T16:40:26","modified_gmt":"2025-09-03T16:40:26","slug":"alwero-wiegedecke-neugeborene-natur","status":"publish","type":"product","link":"https:\/\/woolskins.eu\/de_ch\/alwero-wiegdeken-newborn-natural\/","title":{"rendered":"Wiegendecke aus Wolle Newborn | Natural"},"content":{"rendered":"<p>Ihr Baby wird in dieser bequemen Wolldecke aus unserer \u2018Newborn\u2019-Kollektion schlafen und tr\u00e4umen. Diese glatte und luftige Decke ist ideal f\u00fcr w\u00e4rmeres Wetter. Sie haben ein sch\u00f6nes und luxuri\u00f6ses Aussehen und sind \u00e4u\u00dferst bequem. Die Innenseite der Decke besteht vollst\u00e4ndig aus Wolle. Sie k\u00f6nnen sie einfach mitnehmen, um Ihr Baby gut warm zu halten.<\/p>\n<p>- Exklusiv erh\u00e4ltlich bei Woolskins<br \/>\n- Zweiseitig, davon eine Seite (innen) aus Vollwolle.<br \/>\n- Woolblend 56% reine Schurwolle (Woolmark-Label) 44% Kunstfaser.<br \/>\n- F\u00fcr zu Hause und unterwegs.<br \/>\n- Abmessungen: 65 x 90 cm und 90 x 130 cm<br \/>\n- Europ\u00e4ische Produktion.<br \/>\n- waschbar bei 30\u00b0C im Wollwaschgang.<\/p>\n<p>Unsere Eco Woolblend-Decken sind dank der nat\u00fcrlichen Eigenschaften der Wollfasern ideal f\u00fcr die Kleinsten. Sie sind atmungsaktiv und haben die F\u00e4higkeit, als nat\u00fcrlicher Thermostat zu wirken, der die K\u00f6rpertemperatur reguliert? Das hilft Ihrem Baby, die Temperatur konstant zu halten und sorgt daf\u00fcr, dass es trocken und bequem bleibt.<\/p>\n<p>Dieses Produkt tr\u00e4gt u. a. die G\u00fctesiegel Safe for Children und Woolmark.<\/p>\n<h5>Etikett Wollfelle<\/h5>\n<p>Nach jahrelanger erfolgreicher Zusammenarbeit mit Alwero sind wir stolz darauf, unsere Produkte nun unter unserem eigenen Woolskins-Label anbieten zu k\u00f6nnen.<\/p>\n<p>Auf diese Weise erhalten Sie immer noch die beste Qualit\u00e4t, aber kombiniert mit den sch\u00f6nsten und einzigartigsten Produkten und Designs.<\/p>\n<p>Die Qualit\u00e4t der Stoffe und Farben bleibt wie immer, nur gibt es jetzt eine gr\u00f6\u00dfere Auswahl, mit der sich Woolskins zu profilieren gedenkt.<\/p>\n<p>Unsere breite Sammlung ist so gleichgesteld, dass sie eine gro\u00dfe Erg\u00e4nzung zu jedem Baby-Outfit, aus 100% europ\u00e4ischen Wolle, die atmet und ist f\u00fcr jede Jahreszeit geeignet sind.<\/p>\n<p>Wir setzen uns mit Begeisterung f\u00fcr ein nachhaltiges, nat\u00fcrliches und komfortables Produkt f\u00fcr Ihr Baby ein.<\/p>","protected":false},"excerpt":{"rendered":"<p>Unter dieser bequemen Wollwiegedecke wird Ihr Kind gut schlafen und tr\u00e4umen. Die Wollwiegedecke ist anschmiegsam und sehr weich und ist mit einer Paspel versehen. Sie haben ein sch\u00f6nes und luxuri\u00f6ses Aussehen und geh\u00f6ren in jede Babyausstattung. Die Wolldecken sind atmungsaktiv und nehmen sofort die Temperatur Ihres Kindes an. Sie haben die ideale Gr\u00f6\u00dfe und das ideale Gewicht, um darunter zu schlafen oder darauf zu spielen. Verwenden Sie sie zu Hause oder unterwegs, um Ihr Kind gut warm zu halten. Die Decke eignet sich f\u00fcr jede Jahreszeit und ist ein perfektes Geschenk f\u00fcr eine Babyparty oder einen Besuch im Mutterleib.<\/p>\n<p><strong>Marke: Woolskins<\/strong><br \/>\n<strong>Produktion: Polen<\/strong><\/p>","protected":false},"featured_media":14009,"comment_status":"open","ping_status":"closed","template":"","meta":{"_acf_changed":false},"product_brand":[],"product_cat":[360,363,196,318,194],"product_tag":[],"class_list":{"0":"post-13998","1":"product","2":"type-product","3":"status-publish","4":"has-post-thumbnail","6":"product_cat-cadeautips","7":"product_cat-cadeaus-e25-e50","8":"product_cat-slaapkleding-baby","9":"product_cat-wollen-wiegdeken-ledikantdeken","10":"product_cat-wollen-babyproducten","11":"pa_maat-65-x-90-cm","12":"pa_maat-90-x-130-cm","14":"first","15":"instock","16":"taxable","17":"shipping-taxable","18":"purchasable","19":"product-type-variable"},"acf":[],"_links":{"self":[{"href":"https:\/\/woolskins.eu\/de_ch\/wp-json\/wp\/v2\/product\/13998","targetHints":{"allow":["GET"]}}],"collection":[{"href":"https:\/\/woolskins.eu\/de_ch\/wp-json\/wp\/v2\/product"}],"about":[{"href":"https:\/\/woolskins.eu\/de_ch\/wp-json\/wp\/v2\/types\/product"}],"replies":[{"embeddable":true,"href":"https:\/\/woolskins.eu\/de_ch\/wp-json\/wp\/v2\/comments?post=13998"}],"wp:featuredmedia":[{"embeddable":true,"href":"https:\/\/woolskins.eu\/de_ch\/wp-json\/wp\/v2\/media\/14009"}],"wp:attachment":[{"href":"https:\/\/woolskins.eu\/de_ch\/wp-json\/wp\/v2\/media?parent=13998"}],"wp:term":[{"taxonomy":"product_brand","embeddable":true,"href":"https:\/\/woolskins.eu\/de_ch\/wp-json\/wp\/v2\/product_brand?post=13998"},{"taxonomy":"product_cat","embeddable":true,"href":"https:\/\/woolskins.eu\/de_ch\/wp-json\/wp\/v2\/product_cat?post=13998"},{"taxonomy":"product_tag","embeddable":true,"href":"https:\/\/woolskins.eu\/de_ch\/wp-json\/wp\/v2\/product_tag?post=13998"}],"curies":[{"name":"wp","href":"https:\/\/api.w.org\/{rel}","templated":true}]}}