{"id":12868,"date":"2022-11-08T11:22:28","date_gmt":"2022-11-08T11:22:28","guid":{"rendered":"https:\/\/woolskins.eu\/?post_type=product&#038;p=12868"},"modified":"2026-02-07T13:37:21","modified_gmt":"2026-02-07T13:37:21","slug":"alwero-handwarmer-faustlinge-beige","status":"publish","type":"product","link":"https:\/\/woolskins.eu\/de_ch\/alwero-handwarmers-wanten-beige\/","title":{"rendered":"Damenf\u00e4ustlinge aus Wolle - Thumbled | Beige"},"content":{"rendered":"<p>- 100% Schurwolle, Woolmark-Label.<br \/>\n- Mit praktischem \u00dcberzug zum fingerlosen Wollen.<br \/>\n- Verschiedene Farben verf\u00fcgbar.<\/p>\n<p>Gr\u00f6\u00dfen in Zentimetern:<\/p>\n<p>Gr\u00f6\u00dfe S: 10 cm Breite am Handgelenk x 24 cm L\u00e4nge<br \/>\nGr\u00f6\u00dfe M: 11 cm Breite am Handgelenk x 25 cm L\u00e4nge<br \/>\nGr\u00f6\u00dfe L: 12 cm Breite am Handgelenk x 26 cm L\u00e4nge<\/p>\n<h5>Etikett Wollfelle<\/h5>\n<p>Nach jahrelanger erfolgreicher Zusammenarbeit mit Alwero sind wir stolz darauf, unsere Produkte nun unter unserem eigenen Woolskins-Label anbieten zu k\u00f6nnen.<\/p>\n<p>Auf diese Weise erhalten Sie immer noch die beste Qualit\u00e4t, aber kombiniert mit den sch\u00f6nsten und einzigartigsten Produkten und Designs.<\/p>\n<p>Die Qualit\u00e4t der Stoffe und Farben bleibt wie immer, nur gibt es jetzt eine gr\u00f6\u00dfere Auswahl, mit der sich Woolskins zu profilieren gedenkt.<\/p>\n<p>Unsere breite Sammlung ist so gleichgesteld, dass sie eine gro\u00dfe Erg\u00e4nzung zu jedem Baby-Outfit, aus 100% europ\u00e4ischen Wolle, die atmet und ist f\u00fcr jede Jahreszeit geeignet sind.<\/p>\n<p>Wir setzen uns mit Begeisterung f\u00fcr ein nachhaltiges, nat\u00fcrliches und komfortables Produkt f\u00fcr Ihr Baby ein.<\/p>","protected":false},"excerpt":{"rendered":"<p>Wenn Sie auf der Suche nach einem Paar Wollf\u00e4ustlinge sind, um sich selbst oder einen lieben Menschen zu verw\u00f6hnen, empfehlen wir Ihnen diese Woolskins-F\u00e4ustlinge. Dank der praktischen \u00d6ffnungen haben Sie im Handumdrehen fingerlose F\u00e4ustlinge, mit denen Sie zum Beispiel Ihr Baby ganz einfach ins Auto setzen und wieder herausholen oder ihm ein Fl\u00e4schchen geben k\u00f6nnen. Unsere Wollf\u00e4ustlinge sind eine gro\u00dfartige M\u00f6glichkeit, Ihre H\u00e4nde in den kalten Wintermonaten warm und bequem zu halten. Sie sind weich und atmungsaktiv und daher auch f\u00fcr Menschen mit empfindlicher Haut geeignet. Unsere Wollf\u00e4ustlinge sind in verschiedenen Farben und Gr\u00f6\u00dfen erh\u00e4ltlich.<\/p>\n<p><strong>Marke: Woolskins<\/strong><br \/>\n<strong>Produktion: Polen<\/strong><\/p>","protected":false},"featured_media":12859,"comment_status":"open","ping_status":"closed","template":"","meta":{"_acf_changed":false},"product_brand":[],"product_cat":[360,351,362,350,31,194],"product_tag":[],"class_list":{"0":"post-12868","1":"product","2":"type-product","3":"status-publish","4":"has-post-thumbnail","6":"product_cat-cadeautips","7":"product_cat-accessoiresvoormama","8":"product_cat-cadeaus-tot-e-25","9":"product_cat-fashion","10":"product_cat-yogamat-wol","11":"product_cat-wollen-babyproducten","12":"pa_maat-l","13":"pa_maat-m","14":"pa_maat-s","16":"first","17":"outofstock","18":"taxable","19":"shipping-taxable","20":"purchasable","21":"product-type-variable"},"acf":[],"_links":{"self":[{"href":"https:\/\/woolskins.eu\/de_ch\/wp-json\/wp\/v2\/product\/12868","targetHints":{"allow":["GET"]}}],"collection":[{"href":"https:\/\/woolskins.eu\/de_ch\/wp-json\/wp\/v2\/product"}],"about":[{"href":"https:\/\/woolskins.eu\/de_ch\/wp-json\/wp\/v2\/types\/product"}],"replies":[{"embeddable":true,"href":"https:\/\/woolskins.eu\/de_ch\/wp-json\/wp\/v2\/comments?post=12868"}],"wp:featuredmedia":[{"embeddable":true,"href":"https:\/\/woolskins.eu\/de_ch\/wp-json\/wp\/v2\/media\/12859"}],"wp:attachment":[{"href":"https:\/\/woolskins.eu\/de_ch\/wp-json\/wp\/v2\/media?parent=12868"}],"wp:term":[{"taxonomy":"product_brand","embeddable":true,"href":"https:\/\/woolskins.eu\/de_ch\/wp-json\/wp\/v2\/product_brand?post=12868"},{"taxonomy":"product_cat","embeddable":true,"href":"https:\/\/woolskins.eu\/de_ch\/wp-json\/wp\/v2\/product_cat?post=12868"},{"taxonomy":"product_tag","embeddable":true,"href":"https:\/\/woolskins.eu\/de_ch\/wp-json\/wp\/v2\/product_tag?post=12868"}],"curies":[{"name":"wp","href":"https:\/\/api.w.org\/{rel}","templated":true}]}}