{"id":12021,"date":"2022-09-15T12:35:04","date_gmt":"2022-09-15T12:35:04","guid":{"rendered":"https:\/\/woolskins.eu\/?post_type=product&#038;p=12021"},"modified":"2026-03-03T13:14:01","modified_gmt":"2026-03-03T13:14:01","slug":"alwero-wickelauflage-grau","status":"publish","type":"product","link":"https:\/\/woolskins.eu\/de_ch\/alwero-verschoningsmat-grijs\/","title":{"rendered":"Wickelauflage aus Wolle - gefilzt | Hellgrau"},"content":{"rendered":"<p>Wickelunterlage von Woolskins, gut durchdacht und sehr praktisch f\u00fcr unterwegs oder zu Hause, wenn Sie Ihr Baby wickeln m\u00fcssen. Unsere Wickelauflage ist aus 100% Wolle hergestellt und hat eine wasserdichte Flanell-Einlage f\u00fcr kleine Unf\u00e4lle. So m\u00fcssen Sie nicht die ganze Wickelauflage waschen. Die Wickelauflage l\u00e4sst sich leicht zusammenfalten und hat zwei Seitentaschen f\u00fcr Windeln und Wickelt\u00fccher. Die Wickelauflage kann auch zu Hause auf der Wickelunterlage verwendet werden.<\/p>\n<p>Der Kordelzug h\u00e4lt die Matte nicht nur zusammengefaltet, sondern dient auch als kleine Ablenkung mit Perlen f\u00fcr Ihr Kind, damit Sie es in Ruhe wechseln k\u00f6nnen.<\/p>\n<p>Ma\u00dfe: 50 x 70 cm, gefaltet 24 x 22 cm.<\/p>\n<p>Eine Wickelauflage aus Wolle ist:<\/p>\n<p>- 100% Schurwolle Gefilzt mit Woolmark-Zertifizierung.<br \/>\n- Glatte, weiche und kompakte Struktur<br \/>\n- Gute thermische Eigenschaften<br \/>\n- F\u00fcr zu Hause und unterwegs.<br \/>\n- Wasserabweisend, komfortabel und hygienisch<br \/>\n- Europ\u00e4ische Produktion.<br \/>\n- waschbar bei 30\u00b0C im Wollwaschgang.<\/p>\n<p>Dieses Produkt tr\u00e4gt u. a. die G\u00fctesiegel Safe for Children und Woolmark.<\/p>","protected":false},"excerpt":{"rendered":"<p>Diese Wickelauflage aus Wolle ist ein weiches und warmes Produkt, das ideal zum Wickeln Ihres Babys ist. Diese Wickelunterlage ist gut durchdacht und sehr praktisch f\u00fcr unterwegs oder zu Hause, wenn Sie Ihr Baby schnell wickeln m\u00fcssen. Unsere Wickelauflage ist aus 100% Wolle gefertigt und hat einen wasserdichten Flanell-Einsatz f\u00fcr kleine Unf\u00e4lle, so dass Sie nicht jedes Mal die gesamte Wickelauflage waschen m\u00fcssen. Die Wickelauflage l\u00e4sst sich leicht zusammenfalten und hat zwei Seitentaschen f\u00fcr Windeln und T\u00fccher. Die Wickelauflage kann auch zu Hause auf der Wickelunterlage verwendet werden. Sie ist ein Muss f\u00fcr alle Eltern, die ihr Baby bequem und hygienisch wickeln m\u00f6chten.<\/p>\n<p><strong>Marke: Woolskins<\/strong><br \/>\n<strong>Produktion: Polen<\/strong><\/p>","protected":false},"featured_media":12011,"comment_status":"open","ping_status":"closed","template":"","meta":{"_acf_changed":false},"product_brand":[],"product_cat":[360,363,196,318,194],"product_tag":[],"class_list":{"0":"post-12021","1":"product","2":"type-product","3":"status-publish","4":"has-post-thumbnail","6":"product_cat-cadeautips","7":"product_cat-cadeaus-e25-e50","8":"product_cat-slaapkleding-baby","9":"product_cat-wollen-wiegdeken-ledikantdeken","10":"product_cat-wollen-babyproducten","12":"first","13":"instock","14":"taxable","15":"shipping-taxable","16":"purchasable","17":"product-type-simple"},"acf":[],"_links":{"self":[{"href":"https:\/\/woolskins.eu\/de_ch\/wp-json\/wp\/v2\/product\/12021","targetHints":{"allow":["GET"]}}],"collection":[{"href":"https:\/\/woolskins.eu\/de_ch\/wp-json\/wp\/v2\/product"}],"about":[{"href":"https:\/\/woolskins.eu\/de_ch\/wp-json\/wp\/v2\/types\/product"}],"replies":[{"embeddable":true,"href":"https:\/\/woolskins.eu\/de_ch\/wp-json\/wp\/v2\/comments?post=12021"}],"wp:featuredmedia":[{"embeddable":true,"href":"https:\/\/woolskins.eu\/de_ch\/wp-json\/wp\/v2\/media\/12011"}],"wp:attachment":[{"href":"https:\/\/woolskins.eu\/de_ch\/wp-json\/wp\/v2\/media?parent=12021"}],"wp:term":[{"taxonomy":"product_brand","embeddable":true,"href":"https:\/\/woolskins.eu\/de_ch\/wp-json\/wp\/v2\/product_brand?post=12021"},{"taxonomy":"product_cat","embeddable":true,"href":"https:\/\/woolskins.eu\/de_ch\/wp-json\/wp\/v2\/product_cat?post=12021"},{"taxonomy":"product_tag","embeddable":true,"href":"https:\/\/woolskins.eu\/de_ch\/wp-json\/wp\/v2\/product_tag?post=12021"}],"curies":[{"name":"wp","href":"https:\/\/api.w.org\/{rel}","templated":true}]}}