{"id":12005,"date":"2022-09-15T12:00:16","date_gmt":"2022-09-15T12:00:16","guid":{"rendered":"https:\/\/woolskins.eu\/?post_type=product&#038;p=12005"},"modified":"2026-03-08T13:17:42","modified_gmt":"2026-03-08T13:17:42","slug":"alwero-wickelauflage-beige","status":"publish","type":"product","link":"https:\/\/woolskins.eu\/de_ch\/alwero-verschoningsmat-beige\/","title":{"rendered":"Wickelauflage aus Wolle - gefilzt | Beige"},"content":{"rendered":"<p>Wickelunterlage von Woolskins, gut durchdacht und sehr praktisch f\u00fcr unterwegs oder zu Hause, wenn Sie Ihr Baby wickeln m\u00fcssen. Unsere Wickelauflage ist aus 100% Wolle hergestellt und hat eine wasserdichte Flanell-Einlage f\u00fcr kleine Unf\u00e4lle. So m\u00fcssen Sie nicht die ganze Wickelauflage waschen. Die Wickelauflage l\u00e4sst sich leicht zusammenfalten und hat zwei Seitentaschen f\u00fcr Windeln und Wickelt\u00fccher. Die Wickelauflage kann auch zu Hause auf der Wickelunterlage verwendet werden.<\/p>\n<p>Der Kordelzug h\u00e4lt die Matte nicht nur zusammengefaltet, sondern dient auch als kleine Ablenkung mit Perlen f\u00fcr Ihr Kind, damit Sie es in Ruhe wechseln k\u00f6nnen.<\/p>\n<p>Ma\u00dfe: 50 x 70 cm, gefaltet 24 x 22 cm.<\/p>\n<p>Eine Wickelauflage aus Wolle ist:<\/p>\n<p>- 100% Schurwolle Gefilzt mit Woolmark-Zertifizierung.<br \/>\n- Glatte, weiche und kompakte Struktur<br \/>\n- Gute thermische Eigenschaften<br \/>\n- F\u00fcr zu Hause und unterwegs.<br \/>\n- Wasserabweisend, komfortabel und hygienisch<br \/>\n- Europ\u00e4ische Produktion.<br \/>\n- waschbar bei 30\u00b0C im Wollwaschgang.<\/p>\n<p>Dieses Produkt tr\u00e4gt u. a. die G\u00fctesiegel Safe for Children und Woolmark.<\/p>\n<h5>Etikett Wollfelle<\/h5>\n<p>Nach jahrelanger erfolgreicher Zusammenarbeit mit Alwero sind wir stolz darauf, unsere Produkte nun unter unserem eigenen Woolskins-Label anbieten zu k\u00f6nnen.<\/p>\n<p>Auf diese Weise erhalten Sie immer noch die beste Qualit\u00e4t, aber kombiniert mit den sch\u00f6nsten und einzigartigsten Produkten und Designs.<\/p>\n<p>Die Qualit\u00e4t der Stoffe und Farben bleibt wie immer, nur gibt es jetzt eine gr\u00f6\u00dfere Auswahl, mit der sich Woolskins zu profilieren gedenkt.<\/p>\n<p>Unsere breite Sammlung ist so gleichgesteld, dass sie eine gro\u00dfe Erg\u00e4nzung zu jedem Baby-Outfit, aus 100% europ\u00e4ischen Wolle, die atmet und ist f\u00fcr jede Jahreszeit geeignet sind.<\/p>\n<p>Wir setzen uns mit Begeisterung f\u00fcr ein nachhaltiges, nat\u00fcrliches und m\u00f6glichst komfortables Produkt f\u00fcr Ihr Kind ein<span style=\"font-size: 16px;\">.<\/span><\/p>","protected":false},"excerpt":{"rendered":"<p>Diese Wickelauflage aus Wolle ist ein weiches und warmes Produkt, das ideal zum Wickeln Ihres Babys ist. Diese Wickelauflage ist gut durchdacht und sehr praktisch f\u00fcr unterwegs oder zu Hause, wenn Sie Ihr Baby schnell wickeln m\u00fcssen. Unsere Wickelauflage besteht aus 100% Wolle und hat eine wasserdichte Flanell-Einlage f\u00fcr kleine Unf\u00e4lle. So m\u00fcssen Sie nicht die ganze Wickelauflage waschen. Die Wickelauflage l\u00e4sst sich leicht zusammenfalten und hat zwei Seitentaschen f\u00fcr Windeln und Wickelt\u00fccher. Die Wickelauflage kann auch zu Hause auf der Wickelunterlage verwendet werden. Sie ist ein Muss f\u00fcr alle Eltern, die ihr Baby bequem und hygienisch wickeln m\u00f6chten.<\/p>\n<p><strong>Marke: Woolskins<\/strong><br \/>\n<strong>Produktion: Polen<\/strong><\/p>","protected":false},"featured_media":12009,"comment_status":"open","ping_status":"closed","template":"","meta":{"_acf_changed":false},"product_brand":[],"product_cat":[360,363,196,318,194],"product_tag":[],"class_list":{"0":"post-12005","1":"product","2":"type-product","3":"status-publish","4":"has-post-thumbnail","6":"product_cat-cadeautips","7":"product_cat-cadeaus-e25-e50","8":"product_cat-slaapkleding-baby","9":"product_cat-wollen-wiegdeken-ledikantdeken","10":"product_cat-wollen-babyproducten","12":"first","13":"instock","14":"taxable","15":"shipping-taxable","16":"purchasable","17":"product-type-simple"},"acf":[],"_links":{"self":[{"href":"https:\/\/woolskins.eu\/de_ch\/wp-json\/wp\/v2\/product\/12005","targetHints":{"allow":["GET"]}}],"collection":[{"href":"https:\/\/woolskins.eu\/de_ch\/wp-json\/wp\/v2\/product"}],"about":[{"href":"https:\/\/woolskins.eu\/de_ch\/wp-json\/wp\/v2\/types\/product"}],"replies":[{"embeddable":true,"href":"https:\/\/woolskins.eu\/de_ch\/wp-json\/wp\/v2\/comments?post=12005"}],"wp:featuredmedia":[{"embeddable":true,"href":"https:\/\/woolskins.eu\/de_ch\/wp-json\/wp\/v2\/media\/12009"}],"wp:attachment":[{"href":"https:\/\/woolskins.eu\/de_ch\/wp-json\/wp\/v2\/media?parent=12005"}],"wp:term":[{"taxonomy":"product_brand","embeddable":true,"href":"https:\/\/woolskins.eu\/de_ch\/wp-json\/wp\/v2\/product_brand?post=12005"},{"taxonomy":"product_cat","embeddable":true,"href":"https:\/\/woolskins.eu\/de_ch\/wp-json\/wp\/v2\/product_cat?post=12005"},{"taxonomy":"product_tag","embeddable":true,"href":"https:\/\/woolskins.eu\/de_ch\/wp-json\/wp\/v2\/product_tag?post=12005"}],"curies":[{"name":"wp","href":"https:\/\/api.w.org\/{rel}","templated":true}]}}