{"id":11332,"date":"2022-06-21T14:30:10","date_gmt":"2022-06-21T14:30:10","guid":{"rendered":"https:\/\/woolskins.eu\/?post_type=product&#038;p=11332"},"modified":"2026-03-31T12:37:01","modified_gmt":"2026-03-31T12:37:01","slug":"rippenstrampler-hellgrau","status":"publish","type":"product","link":"https:\/\/woolskins.eu\/de_ch\/rib-romper-light-grey\/","title":{"rendered":"A Basic Brand - Babyanzug Rippe | Hellgrau"},"content":{"rendered":"<h6>Eine Baby-Marke<\/h6>\n<p>Der ultimative Strampler f\u00fcr den ganzen Tag und die ganze Nacht. Unisex-Strampler ohne F\u00fc\u00dfe aus unserer Lieblings-Baumwolle in Rippenstruktur mit verspieltem, rauem Finish. \u00d6ffnet sich mit kleinen Druckkn\u00f6pfen an der Vorderseite f\u00fcr schnellen und einfachen Zugang. Das einfachste Design in den Grundfarben.<\/p>\n<p>97% Baumwolle 3% Elastan. STANDARD 100 von OEKO-TEX\u00ae<\/p>\n<p>Gr\u00f6\u00dfen:<\/p>\n<p>Schrittl\u00e4nge cm \/ Gesamtl\u00e4nge cm \/ \u00c4rmell\u00e4nge cm<\/p>\n<p>0m - 13 \/ 41 \/ 18<br \/>\n3m - 16 \/ 51 \/ 20<br \/>\n6m - 19 \/ 58 \/ 24<\/p>\n<h5>Eine Baby-Marke<\/h5>\n<p>Entdecken Sie eine wirklich minimalistische Garderobe voller praktischer Essentials. Kombinieren Sie unsere Unisex-Modelle und -Farben.  Kein Logo, kein Aufdruck, keine Aufregung.<\/p>\n<p>Unsere Mission ist es, Ihr Leben einfacher zu machen, daher ist eine der Hauptideen hinter unserer Philosophie PRAXIS. Au\u00dferdem liegt uns unser Planet sehr am Herzen und wir w\u00fcnschen uns, dass jeder ein minimalistischeres Leben f\u00fchrt und daher weniger Kleidung verbraucht (#CONSUMEWISELY).<\/p>\n<p>Deshalb ist die Qualit\u00e4t unserer Produkte so hoch wie m\u00f6glich. Sie k\u00f6nnen sie jahrelang benutzen und weitergeben, wenn Sie fertig sind. Wir verwenden hochwertige Stoffe mit GOTS Organic Cotton Zertifikat und STANDARD 100 von OEKO-TEX\u00ae. Alle unsere Produkte k\u00f6nnen beliebig oft in der Maschine gewaschen und im Trockner getrocknet werden. Sie werden feststellen, dass unser Baumwollfleece nicht einmal geb\u00fcgelt werden muss, um gut auszusehen.<\/p>","protected":false},"excerpt":{"rendered":"<h6>Eine Baby-Marke<\/h6>\n<p>Der ultimative Strampler f\u00fcr den ganzen Tag und die ganze Nacht. Unisex-Strampler ohne F\u00fc\u00dfe aus unserer Lieblings-Baumwolle in Rippstrick, mit perfekter Rohverarbeitung. \u00d6ffnet sich mit kleinen Druckkn\u00f6pfen an der Vorderseite f\u00fcr schnellen und einfachen Zugang. Das einfachste Design in den Grundfarben.<\/p>","protected":false},"featured_media":11324,"comment_status":"closed","ping_status":"closed","template":"","meta":{"_acf_changed":false},"product_brand":[],"product_cat":[335,361,360,363,529,534],"product_tag":[423,430,432,433,434,431,425],"class_list":{"0":"post-11332","1":"product","2":"type-product","3":"status-publish","4":"has-post-thumbnail","6":"product_cat-a_baby_brand","7":"product_cat-babyshower","8":"product_cat-cadeautips","9":"product_cat-cadeaus-e25-e50","10":"product_cat-katoenen-babykleertjes","11":"product_cat-katoenen-babypak","12":"product_tag-a-baby-brand","13":"product_tag-babykleding","14":"product_tag-babyromper","15":"product_tag-babyrompertjes","16":"product_tag-babyuitzet","17":"product_tag-wollen-babykleding","18":"product_tag-woolskins","19":"pa_maat-0-maanden","20":"pa_maat-3-maanden","21":"pa_maat-6-maanden","23":"first","24":"instock","25":"taxable","26":"shipping-taxable","27":"purchasable","28":"product-type-variable"},"acf":[],"_links":{"self":[{"href":"https:\/\/woolskins.eu\/de_ch\/wp-json\/wp\/v2\/product\/11332","targetHints":{"allow":["GET"]}}],"collection":[{"href":"https:\/\/woolskins.eu\/de_ch\/wp-json\/wp\/v2\/product"}],"about":[{"href":"https:\/\/woolskins.eu\/de_ch\/wp-json\/wp\/v2\/types\/product"}],"replies":[{"embeddable":true,"href":"https:\/\/woolskins.eu\/de_ch\/wp-json\/wp\/v2\/comments?post=11332"}],"wp:featuredmedia":[{"embeddable":true,"href":"https:\/\/woolskins.eu\/de_ch\/wp-json\/wp\/v2\/media\/11324"}],"wp:attachment":[{"href":"https:\/\/woolskins.eu\/de_ch\/wp-json\/wp\/v2\/media?parent=11332"}],"wp:term":[{"taxonomy":"product_brand","embeddable":true,"href":"https:\/\/woolskins.eu\/de_ch\/wp-json\/wp\/v2\/product_brand?post=11332"},{"taxonomy":"product_cat","embeddable":true,"href":"https:\/\/woolskins.eu\/de_ch\/wp-json\/wp\/v2\/product_cat?post=11332"},{"taxonomy":"product_tag","embeddable":true,"href":"https:\/\/woolskins.eu\/de_ch\/wp-json\/wp\/v2\/product_tag?post=11332"}],"curies":[{"name":"wp","href":"https:\/\/api.w.org\/{rel}","templated":true}]}}