{"id":11264,"date":"2022-06-21T12:32:32","date_gmt":"2022-06-21T12:32:32","guid":{"rendered":"https:\/\/woolskins.eu\/?post_type=product&#038;p=11264"},"modified":"2025-12-11T13:19:32","modified_gmt":"2025-12-11T13:19:32","slug":"rippenbommel-naturweis","status":"publish","type":"product","link":"https:\/\/woolskins.eu\/de_ch\/rib-bloomers-natural-white\/","title":{"rendered":"A Basic Brand - Baby-Bloomers Rippe | Naturwei\u00df"},"content":{"rendered":"<h6>Eine Baby-Marke<\/h6>\n<p>Diese niedlichen Pumphosen sind aus geripptem Baumwollstoff gefertigt. Die Pumphose hat einen bequemen Gummizug in der Taille und liegt eng an den Beinchen an. Ein echtes Sommer-Lieblingsst\u00fcck.<\/p>\n<p>97% Baumwolle 3% Elastan.<\/p>\n<p>STANDARD 100 von OEKO-TEX\u00ae<\/p>\n<p>Gr\u00f6\u00dfen:<\/p>\n<p>L\u00e4nge cm \/ Breite cm<\/p>\n<p>0m - 15 \/ 15<br \/>\n3m - 16 \/ 16<br \/>\n6m - 18 \/ 18<\/p>\n<h5>Eine Baby-Marke<\/h5>\n<p>Entdecken Sie eine wirklich minimalistische Garderobe voller praktischer Essentials. Kombinieren Sie unsere Unisex-Modelle und -Farben.  Kein Logo, kein Aufdruck, keine Aufregung.<\/p>\n<p>Unsere Mission ist es, Ihr Leben einfacher zu machen, daher ist eine der Hauptideen hinter unserer Philosophie PRAXIS. Au\u00dferdem liegt uns unser Planet sehr am Herzen und wir w\u00fcnschen uns, dass jeder ein minimalistischeres Leben f\u00fchrt und daher weniger Kleidung verbraucht (#CONSUMEWISELY).<\/p>\n<p>Deshalb ist die Qualit\u00e4t unserer Produkte so hoch wie m\u00f6glich. Sie k\u00f6nnen sie jahrelang benutzen und weitergeben, wenn Sie fertig sind. Wir verwenden hochwertige Stoffe mit GOTS Organic Cotton Zertifikat und STANDARD 100 von OEKO-TEX\u00ae. Alle unsere Produkte k\u00f6nnen beliebig oft in der Maschine gewaschen und im Trockner getrocknet werden. Sie werden feststellen, dass unser Baumwollfleece nicht einmal geb\u00fcgelt werden muss, um gut auszusehen.<\/p>","protected":false},"excerpt":{"rendered":"<h6>Eine Baby-Marke<\/h6>\n<p>Diese niedlichen Pumphosen sind aus geripptem Baumwollstoff gefertigt. Die Pumphose hat einen bequemen Gummizug in der Taille und liegt eng an den Beinchen an. Ein echtes Sommer-Lieblingsst\u00fcck.<\/p>","protected":false},"featured_media":11301,"comment_status":"closed","ping_status":"closed","template":"","meta":{"_acf_changed":false},"product_brand":[],"product_cat":[360,335,361,362,529,532],"product_tag":[423,430,429,431],"class_list":{"0":"post-11264","1":"product","2":"type-product","3":"status-publish","4":"has-post-thumbnail","6":"product_cat-cadeautips","7":"product_cat-a_baby_brand","8":"product_cat-babyshower","9":"product_cat-cadeaus-tot-e-25","10":"product_cat-katoenen-babykleertjes","11":"product_cat-katoenen-babybroekjes","12":"product_tag-a-baby-brand","13":"product_tag-babykleding","14":"product_tag-bloomers","15":"product_tag-wollen-babykleding","16":"pa_maat-0-maanden","17":"pa_maat-3-maanden","18":"pa_maat-6-maanden","20":"first","21":"instock","22":"taxable","23":"shipping-taxable","24":"purchasable","25":"product-type-variable"},"acf":[],"_links":{"self":[{"href":"https:\/\/woolskins.eu\/de_ch\/wp-json\/wp\/v2\/product\/11264","targetHints":{"allow":["GET"]}}],"collection":[{"href":"https:\/\/woolskins.eu\/de_ch\/wp-json\/wp\/v2\/product"}],"about":[{"href":"https:\/\/woolskins.eu\/de_ch\/wp-json\/wp\/v2\/types\/product"}],"replies":[{"embeddable":true,"href":"https:\/\/woolskins.eu\/de_ch\/wp-json\/wp\/v2\/comments?post=11264"}],"wp:featuredmedia":[{"embeddable":true,"href":"https:\/\/woolskins.eu\/de_ch\/wp-json\/wp\/v2\/media\/11301"}],"wp:attachment":[{"href":"https:\/\/woolskins.eu\/de_ch\/wp-json\/wp\/v2\/media?parent=11264"}],"wp:term":[{"taxonomy":"product_brand","embeddable":true,"href":"https:\/\/woolskins.eu\/de_ch\/wp-json\/wp\/v2\/product_brand?post=11264"},{"taxonomy":"product_cat","embeddable":true,"href":"https:\/\/woolskins.eu\/de_ch\/wp-json\/wp\/v2\/product_cat?post=11264"},{"taxonomy":"product_tag","embeddable":true,"href":"https:\/\/woolskins.eu\/de_ch\/wp-json\/wp\/v2\/product_tag?post=11264"}],"curies":[{"name":"wp","href":"https:\/\/api.w.org\/{rel}","templated":true}]}}