{"id":10421,"date":"2022-05-13T12:35:41","date_gmt":"2022-05-13T12:35:41","guid":{"rendered":"https:\/\/woolskins.eu\/?post_type=product&#038;p=10421"},"modified":"2026-01-29T11:03:41","modified_gmt":"2026-01-29T11:03:41","slug":"alwero-kapuzenpulli-in-ubergrose","status":"publish","type":"product","link":"https:\/\/woolskins.eu\/de_ch\/alwero-oversized-hoody\/","title":{"rendered":"Woolskins Oversized Hoodie 100% Wolle | Ecru"},"content":{"rendered":"<p>\u00dcbergro\u00dfer Damen-Hoodie mit Rei\u00dfverschluss und Taschen. Dieser \u00fcbergro\u00dfe Hoodie f\u00e4llt weich und sobald Sie ihn anziehen, werden Sie den Komfort sp\u00fcren, den Wolle zu bieten hat. Halten Sie sich mit dieser Wolljacke von Woolskins an den k\u00e4lteren Tagen sch\u00f6n warm.<\/p>\n<p>- 100% Wolle.<br \/>\n- Diese Weste bietet zus\u00e4tzliche W\u00e4rme f\u00fcr k\u00e4ltere Tage.<br \/>\n- Wolle isoliert gut.<\/p>\n<h5>Etikett Wollfelle<\/h5>\n<p>Nach jahrelanger erfolgreicher Zusammenarbeit mit Alwero sind wir stolz darauf, unsere Produkte nun unter unserem eigenen Woolskins-Label anbieten zu k\u00f6nnen.<\/p>\n<p>Auf diese Weise erhalten Sie immer noch die beste Qualit\u00e4t, aber kombiniert mit den sch\u00f6nsten und einzigartigsten Produkten und Designs.<\/p>\n<p>Die Qualit\u00e4t der Stoffe und Farben bleibt wie immer, nur gibt es jetzt eine gr\u00f6\u00dfere Auswahl, mit der sich Woolskins zu profilieren gedenkt.<\/p>\n<p>Unsere breite Sammlung ist so gleichgesteld, dass sie eine gro\u00dfe Erg\u00e4nzung zu jedem Baby-Outfit, aus 100% europ\u00e4ischen Wolle, die atmet und ist f\u00fcr jede Jahreszeit geeignet sind.<\/p>\n<p>Wir setzen uns mit Begeisterung f\u00fcr ein nachhaltiges, nat\u00fcrliches und komfortables Produkt f\u00fcr Ihr Baby ein.<\/p>","protected":false},"excerpt":{"rendered":"<p>\u00dcbergro\u00dfer Damen-Hoodie mit Rei\u00dfverschluss und Taschen. Dieser \u00fcbergro\u00dfe Hoodie f\u00e4llt weich und sobald Sie ihn anziehen, werden Sie den Komfort sp\u00fcren, den Wolle zu bieten hat. Halten Sie sich mit dieser Wolljacke von Woolskins an den k\u00e4lteren Tagen sch\u00f6n warm.<\/p>\n<p><strong>Marke: Woolskins<\/strong><br \/>\n<strong>Produktion: Polen<\/strong><\/p>","protected":false},"featured_media":10427,"comment_status":"closed","ping_status":"closed","template":"","meta":{"_acf_changed":false},"product_brand":[],"product_cat":[364,350,31,194],"product_tag":[],"class_list":{"0":"post-10421","1":"product","2":"type-product","3":"status-publish","4":"has-post-thumbnail","6":"product_cat-cadeaus-vanaf-e50","7":"product_cat-fashion","8":"product_cat-yogamat-wol","9":"product_cat-wollen-babyproducten","10":"pa_maat-l-xl","11":"pa_maat-s-m","12":"pa_maat-xxs-xs","14":"first","15":"instock","16":"taxable","17":"shipping-taxable","18":"purchasable","19":"product-type-variable"},"acf":[],"_links":{"self":[{"href":"https:\/\/woolskins.eu\/de_ch\/wp-json\/wp\/v2\/product\/10421","targetHints":{"allow":["GET"]}}],"collection":[{"href":"https:\/\/woolskins.eu\/de_ch\/wp-json\/wp\/v2\/product"}],"about":[{"href":"https:\/\/woolskins.eu\/de_ch\/wp-json\/wp\/v2\/types\/product"}],"replies":[{"embeddable":true,"href":"https:\/\/woolskins.eu\/de_ch\/wp-json\/wp\/v2\/comments?post=10421"}],"wp:featuredmedia":[{"embeddable":true,"href":"https:\/\/woolskins.eu\/de_ch\/wp-json\/wp\/v2\/media\/10427"}],"wp:attachment":[{"href":"https:\/\/woolskins.eu\/de_ch\/wp-json\/wp\/v2\/media?parent=10421"}],"wp:term":[{"taxonomy":"product_brand","embeddable":true,"href":"https:\/\/woolskins.eu\/de_ch\/wp-json\/wp\/v2\/product_brand?post=10421"},{"taxonomy":"product_cat","embeddable":true,"href":"https:\/\/woolskins.eu\/de_ch\/wp-json\/wp\/v2\/product_cat?post=10421"},{"taxonomy":"product_tag","embeddable":true,"href":"https:\/\/woolskins.eu\/de_ch\/wp-json\/wp\/v2\/product_tag?post=10421"}],"curies":[{"name":"wp","href":"https:\/\/api.w.org\/{rel}","templated":true}]}}