{"id":7910,"date":"2022-03-03T15:16:22","date_gmt":"2022-03-03T15:16:22","guid":{"rendered":"https:\/\/woolskins.eu\/?post_type=product&#038;p=7910"},"modified":"2026-01-30T13:19:53","modified_gmt":"2026-01-30T13:19:53","slug":"wartungsburste-2","status":"publish","type":"product","link":"https:\/\/woolskins.eu\/de\/onderhoudsborstel-2\/","title":{"rendered":"Wartungsb\u00fcrste"},"content":{"rendered":"<p>Am besten pflegen Sie Ihr Fell, indem Sie es regelm\u00e4\u00dfig im Freien l\u00fcften, ausklopfen und kurz b\u00fcrsten. So bleibt Ihr Fell lange sch\u00f6n, ohne dass es verfilzt.<\/p>\n<p>\u2013 Wartungsb\u00fcrste 14cm.<\/p>\n<p>Wenn Sie einen waschbaren Mantel (medizinische Qualit\u00e4t, goldgelber Mantel) haben, empfehlen wir, mit dem Waschen so lange wie m\u00f6glich zu warten. Normalerweise reicht es bei einem kleineren Unfall, es mit einem feuchten Waschlappen abzuwischen, es anschlie\u00dfend trocknen\/ausl\u00fcften zu lassen und kurz abzub\u00fcrsten.<\/p>","protected":false},"excerpt":{"rendered":"<p>Dieses Pflegeset ist speziell f\u00fcr die Pflege von (waschbaren) Schaffellen gedacht. Das \u00f6kologische Waschmittel auf Oliven\u00f6lbasis hat eine fetterhaltende Wirkung und enth\u00e4lt Lanolin, um die gesunden Eigenschaften und die Geschmeidigkeit des Fells zu erhalten. 250 ml = 5 Mal waschen.<\/p>","protected":false},"featured_media":7906,"comment_status":"closed","ping_status":"closed","template":"","meta":{"_acf_changed":false},"product_brand":[],"product_cat":[357,216,222,354],"product_tag":[],"class_list":{"0":"post-7910","1":"product","2":"type-product","3":"status-publish","4":"has-post-thumbnail","6":"product_cat-onderhoud","7":"product_cat-schapenvacht-voor-baby","8":"product_cat-buggy-schapenvachtjes","9":"product_cat-woolskins","11":"first","12":"instock","13":"taxable","14":"shipping-taxable","15":"purchasable","16":"product-type-simple"},"acf":[],"_links":{"self":[{"href":"https:\/\/woolskins.eu\/de\/wp-json\/wp\/v2\/product\/7910","targetHints":{"allow":["GET"]}}],"collection":[{"href":"https:\/\/woolskins.eu\/de\/wp-json\/wp\/v2\/product"}],"about":[{"href":"https:\/\/woolskins.eu\/de\/wp-json\/wp\/v2\/types\/product"}],"replies":[{"embeddable":true,"href":"https:\/\/woolskins.eu\/de\/wp-json\/wp\/v2\/comments?post=7910"}],"wp:featuredmedia":[{"embeddable":true,"href":"https:\/\/woolskins.eu\/de\/wp-json\/wp\/v2\/media\/7906"}],"wp:attachment":[{"href":"https:\/\/woolskins.eu\/de\/wp-json\/wp\/v2\/media?parent=7910"}],"wp:term":[{"taxonomy":"product_brand","embeddable":true,"href":"https:\/\/woolskins.eu\/de\/wp-json\/wp\/v2\/product_brand?post=7910"},{"taxonomy":"product_cat","embeddable":true,"href":"https:\/\/woolskins.eu\/de\/wp-json\/wp\/v2\/product_cat?post=7910"},{"taxonomy":"product_tag","embeddable":true,"href":"https:\/\/woolskins.eu\/de\/wp-json\/wp\/v2\/product_tag?post=7910"}],"curies":[{"name":"wp","href":"https:\/\/api.w.org\/{rel}","templated":true}]}}