{"id":7909,"date":"2022-03-03T15:02:21","date_gmt":"2022-03-03T15:02:21","guid":{"rendered":"https:\/\/woolskins.eu\/?post_type=product&#038;p=7909"},"modified":"2024-12-05T11:12:27","modified_gmt":"2024-12-05T11:12:27","slug":"okologisches-wollwaschmittel-mit-lanolin","status":"publish","type":"product","link":"https:\/\/woolskins.eu\/de\/ecologisch-wolwasmiddel-met-lanoline\/","title":{"rendered":"\u00d6kologisches Wollwaschmittel mit Lanolin"},"content":{"rendered":"<p>Dieses Wollwaschmittel reinigt Wollkleidung und empfindliche Stoffe effizient, aber schonend. Geeignet f\u00fcr Handw\u00e4sche oder Feinw\u00e4sche in der Waschmaschine. Damit sich Ihr Wollprodukt erholt und wunderbar weich wird, wurde ihm extra Lanolin zugesetzt.<\/p>\n<p>\u2013 Ohne optische Aufheller.<br \/>\n- 250 ml (reicht f\u00fcr 5x Waschen Ihres waschbaren Schafsfells).<br \/>\n\u2013 F\u00fcr Waschmaschine und Handw\u00e4sche bis 40 \u00b0C.<br \/>\n&#8211; <i class=\"sui sui-leaf\"><\/i>Pflanzliche Basis, ohne Palm\u00f6l.<\/p>\n<p>Sind Sie auf der Suche nach einem guten \u00f6kologischen Waschmittel f\u00fcr Wolle &amp; Seide? Dann probieren Sie unser Wollwaschmittel und Feinwaschmittel auf Basis von Oliven\u00f6lseife. Es reinigt auf nat\u00fcrliche Weise effizient und entfernt Flecken, auch bei niedrigen Temperaturen. Dieses Wollwaschmittel ist so formuliert, dass es effektiv reinigt und keine optischen Aufheller enth\u00e4lt.<\/p>\n<p>Das nat\u00fcrliche Wollfett in Wollkleidung wird nicht besch\u00e4digt und sorgt daf\u00fcr, dass es seine Weichheit, Textur und sein Aussehen beh\u00e4lt. Dieses \u00f6kologische Wollwaschmittel enth\u00e4lt kein Palm\u00f6l, optische Farbverst\u00e4rker und Silikone.<\/p>\n<p>Wenn Sie Ihr waschbares Fell (medizinisch, goldgelbes Fell) waschen m\u00f6chten, k\u00f6nnen Sie dies auch mit diesem Waschmittel tun.<\/p>","protected":false},"excerpt":{"rendered":"<p>Suchen Sie ein gutes \u00f6kologisches Waschmittel f\u00fcr Wolle und Seide? Dann probieren Sie unser Wollwaschmittel und Feinwaschmittel auf Basis von Oliven\u00f6lseife. Es w\u00e4scht effizient und nat\u00fcrlich und entfernt Flecken, auch bei niedrigen Temperaturen. Inhalt: 250 ml.<\/p>","protected":false},"featured_media":7908,"comment_status":"closed","ping_status":"closed","template":"","meta":{"_acf_changed":false},"product_brand":[],"product_cat":[357,216,354],"product_tag":[],"class_list":{"0":"post-7909","1":"product","2":"type-product","3":"status-publish","4":"has-post-thumbnail","6":"product_cat-onderhoud","7":"product_cat-schapenvacht-voor-baby","8":"product_cat-woolskins","10":"first","11":"instock","12":"taxable","13":"shipping-taxable","14":"purchasable","15":"product-type-simple"},"acf":[],"_links":{"self":[{"href":"https:\/\/woolskins.eu\/de\/wp-json\/wp\/v2\/product\/7909","targetHints":{"allow":["GET"]}}],"collection":[{"href":"https:\/\/woolskins.eu\/de\/wp-json\/wp\/v2\/product"}],"about":[{"href":"https:\/\/woolskins.eu\/de\/wp-json\/wp\/v2\/types\/product"}],"replies":[{"embeddable":true,"href":"https:\/\/woolskins.eu\/de\/wp-json\/wp\/v2\/comments?post=7909"}],"wp:featuredmedia":[{"embeddable":true,"href":"https:\/\/woolskins.eu\/de\/wp-json\/wp\/v2\/media\/7908"}],"wp:attachment":[{"href":"https:\/\/woolskins.eu\/de\/wp-json\/wp\/v2\/media?parent=7909"}],"wp:term":[{"taxonomy":"product_brand","embeddable":true,"href":"https:\/\/woolskins.eu\/de\/wp-json\/wp\/v2\/product_brand?post=7909"},{"taxonomy":"product_cat","embeddable":true,"href":"https:\/\/woolskins.eu\/de\/wp-json\/wp\/v2\/product_cat?post=7909"},{"taxonomy":"product_tag","embeddable":true,"href":"https:\/\/woolskins.eu\/de\/wp-json\/wp\/v2\/product_tag?post=7909"}],"curies":[{"name":"wp","href":"https:\/\/api.w.org\/{rel}","templated":true}]}}