{"id":7854,"date":"2022-03-02T11:30:06","date_gmt":"2022-03-02T11:30:06","guid":{"rendered":"https:\/\/woolskins.eu\/?post_type=product&#038;p=7854"},"modified":"2025-09-30T14:01:45","modified_gmt":"2025-09-30T14:01:45","slug":"skiep-woolcare-lanolin-spray","status":"publish","type":"product","link":"https:\/\/woolskins.eu\/de\/skiep-woolcare-lanoline-spray\/","title":{"rendered":"Skiep Wollpflege | Lanolinspray"},"content":{"rendered":"<p>Nat\u00fcrlich geruchloses Lanolinspray der niederl\u00e4ndischen Marke Skiep Woolcare. Hergestellt aus 100% biologischen und nat\u00fcrlichen Zutaten.<\/p>\n<p>Ideal zur Pflege von Schaffellen und Wollkleidung. Es n\u00e4hrt, pflegt und sch\u00fctzt Ihr Lieblingskleidungsst\u00fcck aus Wolle schnell und einfach.<\/p>\n<p>\u2013 Inhalt: 100 ml<br \/>\n\u2013 Zutaten: Wasser, verseifte Bio-Oliven-, Kokos- und Sonnenblumen\u00f6le, Lanolin.<\/p>\n<p>Lanolin ist f\u00fcr seine pflegende und desinfizierende Wirkung bekannt. Dies kann eine beruhigende Wirkung auf empfindliche und\/oder gereizte Haut haben. <span style=\"font-style: var(--fontStyle, inherit); font-weight: var(--fontWeight); letter-spacing: var(--letterSpacing); text-transform: var(--textTransform);\">Die Flaschen sind etwas grau\/grau gef\u00e4rbt. Denn sie bestehen aus recyceltem Kunststoff!<\/span><\/p>\n<p>Verwendung:<\/p>\n<p>Vor Gebrauch leicht sch\u00fctteln. Bespr\u00fchen Sie Ihr k\u00fcrzlich gewaschenes Lieblingskleidungsst\u00fcck aus Wolle oder Schaffell mit Skiep Lanolin Spray. Anschlie\u00dfend die Lanolinl\u00f6sung sanft in die Fasern einmassieren und das Kleidungsst\u00fcck anschlie\u00dfend aufh\u00e4ngen, damit das Lanolin richtig von der Wolle aufgenommen werden kann.<\/p>\n<p>Bitte beachten Sie: Lanolinspray muss nicht ausgesp\u00fclt werden.<\/p>\n<div id=\"jw-element-126665088\" class=\"jw-tree-node jw-element jw-text jw-node-is-first-child jw-image-text\" data-jw-element-id=\"126665088\">\n<div class=\"jw-element-imagetext-text\">\n<h5 class=\"jw-heading-100\">\u00dcberspringen Sie Wollpflege<\/h5>\n<\/div>\n<\/div>\n<div id=\"jw-element-126755716\" class=\"jw-tree-node jw-element jw-text jw-node-is-last-child jw-image-text\" data-jw-element-id=\"126755716\">\n<div class=\"jw-element-imagetext-text\">\n<p>Seit Jahren ist die Herstellung von Seife ein Hobby von mir, entstanden aus meiner ewigen Suche nach nat\u00fcrlichen (Pflege-)Produkten, auf die meine Haut gut reagiert. Hinzu kam meine gro\u00dfe Liebe zur Wolle und die Idee f\u00fcr Skiep Woolcare war geboren!<\/p>\n<p>Nach vielen Recherchen und Tests habe ich endlich ein gutes Rezept f\u00fcr meine Bio-Wollwaschseife mit Lanolin formuliert. Durch den hohen Lanolingehalt macht die Seife Ihre Wolle wieder wunderbar frisch und weich. Wenig sp\u00e4ter entwickelte ich auch ein feines Bio-Lanolinspray. Selbstverst\u00e4ndlich verwende ich ausschlie\u00dflich biologische und nat\u00fcrliche Zutaten. Ich hoffe, Sie sind genauso aufgeregt wie ich!<\/p>\n<h5>Wussten Sie:<\/h5>\n<p>\u2013 Unsere Lanolin-Wollwaschseifen werden aus Bio-Pflanzen\u00f6len (und nat\u00fcrlichem Lanolin) hergestellt und sind frei von Palm\u00f6l?<br \/>\n\u2013 Wir haben f\u00fcr alle Seifen die maximal zul\u00e4ssige Menge an \u00e4therischem \u00d6l gem\u00e4\u00df EU-Standards verwendet? Der Duft ist daher vorhanden, aber nicht extrem.<br \/>\n\u2013 Hat jede Seife ein anderes Aussehen? Einer sieht etwas rauer aus als der andere. Denn unsere Seifen sind handgefertigt und auch von Hand geschnitten.<br \/>\n\u2013 Kann es sein, dass auf der Seife manchmal ein wei\u00dfer \u201eSchleier\u201c oder wei\u00dfe Flecken sichtbar sind? Dies wird Seifenasche genannt und ist eine nat\u00fcrliche Reaktion zwischen allen Bestandteilen und Sauerstoff. Es ist also rein kosmetisch und hat keinen Einfluss auf die Qualit\u00e4t der Seife. Weil wir Natur pur m\u00f6gen, haben wir uns entschieden, keine weiteren Stoffe hinzuzuf\u00fcgen, um dem entgegenzuwirken.<br \/>\n\u2013 Bestehen unsere Verpackungsmaterialien etc. aus recyceltem Material? Beispielsweise ist das braune Papier, das die Seifen f\u00fcr 80% umgibt, kompostierbar und die Flaschen der Lanolinsprays bestehen aus 100% recyceltem Kunststoff!<\/p>\n<p>&nbsp;<\/p>\n<\/div>\n<\/div>","protected":false},"excerpt":{"rendered":"<p>Skiep Woolcare Lanolin Spray ist ideal f\u00fcr die Pflege von Schaffell- und Wollkleidung. Es n\u00e4hrt, pflegt und sch\u00fctzt Ihr Lieblingskleidungsst\u00fcck aus Wolle einfach und schnell.<\/p>","protected":false},"featured_media":7853,"comment_status":"open","ping_status":"closed","template":"","meta":{"_acf_changed":false},"product_brand":[],"product_cat":[349,200,31,352,357,216,222,356,196,210],"product_tag":[],"class_list":{"0":"post-7854","1":"product","2":"type-product","3":"status-publish","4":"has-post-thumbnail","6":"product_cat-borstvoedingenvoedingskussens","7":"product_cat-wollen-babykleding","8":"product_cat-yogamat-wol","9":"product_cat-merken","10":"product_cat-onderhoud","11":"product_cat-schapenvacht-voor-baby","12":"product_cat-buggy-schapenvachtjes","13":"product_cat-skiep-woolcare","14":"product_cat-slaapkleding-baby","15":"product_cat-wollen-voedingskussen","17":"first","18":"outofstock","19":"taxable","20":"shipping-taxable","21":"purchasable","22":"product-type-simple"},"acf":[],"_links":{"self":[{"href":"https:\/\/woolskins.eu\/de\/wp-json\/wp\/v2\/product\/7854","targetHints":{"allow":["GET"]}}],"collection":[{"href":"https:\/\/woolskins.eu\/de\/wp-json\/wp\/v2\/product"}],"about":[{"href":"https:\/\/woolskins.eu\/de\/wp-json\/wp\/v2\/types\/product"}],"replies":[{"embeddable":true,"href":"https:\/\/woolskins.eu\/de\/wp-json\/wp\/v2\/comments?post=7854"}],"wp:featuredmedia":[{"embeddable":true,"href":"https:\/\/woolskins.eu\/de\/wp-json\/wp\/v2\/media\/7853"}],"wp:attachment":[{"href":"https:\/\/woolskins.eu\/de\/wp-json\/wp\/v2\/media?parent=7854"}],"wp:term":[{"taxonomy":"product_brand","embeddable":true,"href":"https:\/\/woolskins.eu\/de\/wp-json\/wp\/v2\/product_brand?post=7854"},{"taxonomy":"product_cat","embeddable":true,"href":"https:\/\/woolskins.eu\/de\/wp-json\/wp\/v2\/product_cat?post=7854"},{"taxonomy":"product_tag","embeddable":true,"href":"https:\/\/woolskins.eu\/de\/wp-json\/wp\/v2\/product_tag?post=7854"}],"curies":[{"name":"wp","href":"https:\/\/api.w.org\/{rel}","templated":true}]}}