{"id":7606,"date":"2022-02-14T11:45:41","date_gmt":"2022-02-14T11:45:41","guid":{"rendered":"https:\/\/woolskins.eu\/?post_type=product&#038;p=7606"},"modified":"2026-03-29T12:57:09","modified_gmt":"2026-03-29T12:57:09","slug":"wollschuhe-naturweis","status":"publish","type":"product","link":"https:\/\/woolskins.eu\/de\/wool-shoes-naturel-white\/","title":{"rendered":"Eine Basic-Marke \u2013 Babyschuhe aus Wolle | Nat\u00fcrliches Wei\u00df"},"content":{"rendered":"<p>Diese s\u00fc\u00dfen kleinen Wollschuhe sind flauschig und weich. Die Schuhe halten die F\u00fc\u00dfe Ihres Kindes sch\u00f6n warm und bequem und bestehen aus 100%-Wolle. Sie haben Baumwollschn\u00fcrsenkel, um sie an den F\u00fc\u00dfen Ihres Babys zu halten.<\/p>\n<p>Diese atmungsaktiven Wollschuhe sind in zwei Gr\u00f6\u00dfen erh\u00e4ltlich: Neugeborenen und Baby.<\/p>\n<p>Gr\u00f6\u00dfen:<\/p>\n<p>S \u2013 0\/12 m \u2013 10 cm<br \/>\nL \u2013 12\/24 m \u2013 12 cm<\/p>\n<p>Bitte beachten: Nicht zum Spazierengehen geeignet<\/p>\n<h5>Eine Babymarke<\/h5>\n<p>Entdecken Sie eine wirklich minimalistische Garderobe voller praktischer Essentials. Kombinieren Sie unsere Unisex-Modelle und -Farben. Kein Logo, kein Aufdruck, kein Schnickschnack.<\/p>\n<p>Unsere Mission ist es, Ihr Leben einfacher zu machen. Eine der Hauptideen unserer Philosophie ist daher PRAXIS. Uns liegt auch unser Planet sehr am Herzen und wir w\u00fcnschen uns, dass jeder ein minimalistischeres Leben f\u00fchrt und daher weniger Kleidung verwendet (#VERBRAUCH).<\/p>\n<p>Deshalb ist die Qualit\u00e4t unserer Produkte h\u00f6chstm\u00f6glich. Sie k\u00f6nnen sie jahrelang verwenden und weitergeben, wenn Sie fertig sind. Wir verwenden hochwertige Stoffe mit dem GOTS-Zertifikat f\u00fcr Bio-Baumwolle und dem STANDARD 100 von OEKO-TEX\u00ae. Alle unsere Produkte k\u00f6nnen beliebig oft in der Maschine gewaschen und im Trockner getrocknet werden. Sie werden feststellen, dass unser Baumwollvlies nicht einmal geb\u00fcgelt werden muss, um gut auszusehen.<\/p>","protected":false},"excerpt":{"rendered":"<p>Die Schuhe halten die F\u00fc\u00dfe Ihres Kindes sch\u00f6n warm und bequem und bestehen aus 100%-Wolle.<\/p>","protected":false},"featured_media":7611,"comment_status":"closed","ping_status":"closed","template":"","meta":{"_acf_changed":false},"product_brand":[],"product_cat":[335,345,361,360,363,200,323,459],"product_tag":[],"class_list":{"0":"post-7606","1":"product","2":"type-product","3":"status-publish","4":"has-post-thumbnail","6":"product_cat-a_baby_brand","7":"product_cat-accessoires","8":"product_cat-babyshower","9":"product_cat-cadeautips","10":"product_cat-cadeaus-e25-e50","11":"product_cat-wollen-babykleding","12":"product_cat-slofjes","13":"product_cat-sale","14":"pa_maat-l","15":"pa_maat-s","17":"first","18":"instock","19":"taxable","20":"shipping-taxable","21":"purchasable","22":"product-type-variable"},"acf":[],"_links":{"self":[{"href":"https:\/\/woolskins.eu\/de\/wp-json\/wp\/v2\/product\/7606","targetHints":{"allow":["GET"]}}],"collection":[{"href":"https:\/\/woolskins.eu\/de\/wp-json\/wp\/v2\/product"}],"about":[{"href":"https:\/\/woolskins.eu\/de\/wp-json\/wp\/v2\/types\/product"}],"replies":[{"embeddable":true,"href":"https:\/\/woolskins.eu\/de\/wp-json\/wp\/v2\/comments?post=7606"}],"wp:featuredmedia":[{"embeddable":true,"href":"https:\/\/woolskins.eu\/de\/wp-json\/wp\/v2\/media\/7611"}],"wp:attachment":[{"href":"https:\/\/woolskins.eu\/de\/wp-json\/wp\/v2\/media?parent=7606"}],"wp:term":[{"taxonomy":"product_brand","embeddable":true,"href":"https:\/\/woolskins.eu\/de\/wp-json\/wp\/v2\/product_brand?post=7606"},{"taxonomy":"product_cat","embeddable":true,"href":"https:\/\/woolskins.eu\/de\/wp-json\/wp\/v2\/product_cat?post=7606"},{"taxonomy":"product_tag","embeddable":true,"href":"https:\/\/woolskins.eu\/de\/wp-json\/wp\/v2\/product_tag?post=7606"}],"curies":[{"name":"wp","href":"https:\/\/api.w.org\/{rel}","templated":true}]}}