{"id":7322,"date":"2022-02-09T12:57:35","date_gmt":"2022-02-09T12:57:35","guid":{"rendered":"https:\/\/woolskins.eu\/?post_type=product&#038;p=7322"},"modified":"2026-04-11T10:18:54","modified_gmt":"2026-04-11T10:18:54","slug":"rippenmutze-nackt","status":"publish","type":"product","link":"https:\/\/woolskins.eu\/de\/rib-beanie-nude\/","title":{"rendered":"Eine Basic-Marke \u2013 Babym\u00fctze Rib Beanie | Hellgrau"},"content":{"rendered":"<p>Gerippte M\u00fctze aus Baumwolle. Eine l\u00e4ssige M\u00fctze und eine perfekte Erg\u00e4nzung f\u00fcr die Garderobe Ihres Kleinen. Erh\u00e4ltlich in drei Gr\u00f6\u00dfen \u2013 vom Neugeborenen bis zum Erwachsenen. Dieser gro\u00dfe Gr\u00f6\u00dfenbereich macht ein perfektes A BABY BRAND-Produkt f\u00fcr die Abstimmung zwischen Kind und Eltern.<\/p>\n<p>97% Baumwolle<br \/>\n3% Elasthan<\/p>\n<p>STANDARD 100 von OEKO-TEX\u00ae<\/p>\n<p>Gr\u00f6\u00dfen<\/p>\n<p>S \u2013 0\/6m<br \/>\nM \u2013 6 Monate\/2 Jahre<br \/>\nL \u2013 2 Jahre +<\/p>\n<h5>Eine Babymarke<\/h5>\n<p>Entdecken Sie eine wirklich minimalistische Garderobe voller praktischer Essentials. Kombinieren Sie unsere Unisex-Modelle und -Farben. Kein Logo, kein Aufdruck, kein Schnickschnack.<\/p>\n<p>Unsere Mission ist es, Ihr Leben einfacher zu machen. Eine der Hauptideen unserer Philosophie ist daher PRAXIS. Uns liegt auch unser Planet sehr am Herzen und wir w\u00fcnschen uns, dass jeder ein minimalistischeres Leben f\u00fchrt und daher weniger Kleidung verwendet (#VERBRAUCH).<\/p>\n<p>Deshalb ist die Qualit\u00e4t unserer Produkte h\u00f6chstm\u00f6glich. Sie k\u00f6nnen sie jahrelang verwenden und weitergeben, wenn Sie fertig sind. Wir verwenden hochwertige Stoffe mit dem GOTS-Zertifikat f\u00fcr Bio-Baumwolle und dem STANDARD 100 von OEKO-TEX\u00ae. Alle unsere Produkte k\u00f6nnen beliebig oft in der Maschine gewaschen und im Trockner getrocknet werden. Sie werden feststellen, dass unser Baumwollvlies nicht einmal geb\u00fcgelt werden muss, um gut auszusehen.<\/p>","protected":false},"excerpt":{"rendered":"<p>Baumwollm\u00fctze aus gerippter Baumwolle. Eine l\u00e4ssige M\u00fctze und eine perfekte Erg\u00e4nzung f\u00fcr die Garderobe Ihres Kleinen.<\/p>","protected":false},"featured_media":7424,"comment_status":"closed","ping_status":"closed","template":"","meta":{"_acf_changed":false},"product_brand":[],"product_cat":[335,361,360,362,529,535],"product_tag":[],"class_list":{"0":"post-7322","1":"product","2":"type-product","3":"status-publish","4":"has-post-thumbnail","6":"product_cat-a_baby_brand","7":"product_cat-babyshower","8":"product_cat-cadeautips","9":"product_cat-cadeaus-tot-e-25","10":"product_cat-katoenen-babykleertjes","11":"product_cat-katoenen-babymuts-babysjaaltjes","12":"pa_maat-l","13":"pa_maat-m","14":"pa_maat-s","16":"first","17":"instock","18":"taxable","19":"shipping-taxable","20":"purchasable","21":"product-type-variable"},"acf":[],"_links":{"self":[{"href":"https:\/\/woolskins.eu\/de\/wp-json\/wp\/v2\/product\/7322","targetHints":{"allow":["GET"]}}],"collection":[{"href":"https:\/\/woolskins.eu\/de\/wp-json\/wp\/v2\/product"}],"about":[{"href":"https:\/\/woolskins.eu\/de\/wp-json\/wp\/v2\/types\/product"}],"replies":[{"embeddable":true,"href":"https:\/\/woolskins.eu\/de\/wp-json\/wp\/v2\/comments?post=7322"}],"wp:featuredmedia":[{"embeddable":true,"href":"https:\/\/woolskins.eu\/de\/wp-json\/wp\/v2\/media\/7424"}],"wp:attachment":[{"href":"https:\/\/woolskins.eu\/de\/wp-json\/wp\/v2\/media?parent=7322"}],"wp:term":[{"taxonomy":"product_brand","embeddable":true,"href":"https:\/\/woolskins.eu\/de\/wp-json\/wp\/v2\/product_brand?post=7322"},{"taxonomy":"product_cat","embeddable":true,"href":"https:\/\/woolskins.eu\/de\/wp-json\/wp\/v2\/product_cat?post=7322"},{"taxonomy":"product_tag","embeddable":true,"href":"https:\/\/woolskins.eu\/de\/wp-json\/wp\/v2\/product_tag?post=7322"}],"curies":[{"name":"wp","href":"https:\/\/api.w.org\/{rel}","templated":true}]}}