{"id":7279,"date":"2022-02-09T11:49:42","date_gmt":"2022-02-09T11:49:42","guid":{"rendered":"https:\/\/woolskins.eu\/?post_type=product&#038;p=7279"},"modified":"2025-11-12T11:40:50","modified_gmt":"2025-11-12T11:40:50","slug":"sweatshirt-der-marke-a-baby-hellgrau-2","status":"publish","type":"product","link":"https:\/\/woolskins.eu\/de\/a-baby-brand-sweatshirt-light-grey-2\/","title":{"rendered":"Eine Basic-Marke \u2013 Baby-Sweatshirt | Hellgrau"},"content":{"rendered":"<p>Ein l\u00e4ssiges, lockeres Sweatshirt aus unserem bekannten geschmeidigen Baumwollfleece. Diese \u00e4u\u00dferst bequeme Baumwollmischung f\u00fchlt sich unglaublich weich an und die Fleece-Innenseite wird sofort zu Ihrem Favoriten. Das Sweatshirt mit Rundhalsausschnitt hat das minimalistischste, perfekte Raw-Finish, das nach jedem Waschen an Charakter gewinnt. F\u00fcr einen \u00fcbergro\u00dfen Look nehmen Sie eine Nummer gr\u00f6\u00dfer.<\/p>\n<p>97% Baumwolle 3% Elasthan. STANDARD 100 von OEKO-TEX\u00ae<\/p>\n<p>Gr\u00f6\u00dfen:<\/p>\n<p>Gesamtl\u00e4nge cm \/ \u00c4rmell\u00e4nge cm \/ Gesamtbreite cm<\/p>\n<p>6m \u2013 30 \/ 23 \/ 29<br \/>\n1 Jahr \u2013 33 \/ 27 \/ 31<\/p>\n<h5>Eine Babymarke<\/h5>\n<p>Entdecken Sie eine wirklich minimalistische Garderobe voller praktischer Essentials. Kombinieren Sie unsere Unisex-Modelle und -Farben. Kein Logo, kein Aufdruck, kein Schnickschnack.<\/p>\n<p>Unsere Mission ist es, Ihr Leben einfacher zu machen. Eine der Hauptideen unserer Philosophie ist daher PRAXIS. Uns liegt auch unser Planet sehr am Herzen und wir w\u00fcnschen uns, dass jeder ein minimalistischeres Leben f\u00fchrt und daher weniger Kleidung verwendet (#VERBRAUCH).<\/p>\n<p>Deshalb ist die Qualit\u00e4t unserer Produkte h\u00f6chstm\u00f6glich. Sie k\u00f6nnen sie jahrelang verwenden und weitergeben, wenn Sie fertig sind. Wir verwenden hochwertige Stoffe mit dem GOTS-Zertifikat f\u00fcr Bio-Baumwolle und dem STANDARD 100 von OEKO-TEX\u00ae. Alle unsere Produkte k\u00f6nnen beliebig oft in der Maschine gewaschen und im Trockner getrocknet werden. Sie werden feststellen, dass unser Baumwollvlies nicht einmal geb\u00fcgelt werden muss, um gut auszusehen.<\/p>","protected":false},"excerpt":{"rendered":"<p>Ein l\u00e4ssiges, lockeres Sweatshirt aus unserem bekannten geschmeidigen Baumwollfleece. Diese \u00e4u\u00dferst bequeme Baumwollmischung f\u00fchlt sich unglaublich weich an und die Fleece-Innenseite wird sofort zu Ihrem Favoriten.<\/p>","protected":false},"featured_media":7354,"comment_status":"closed","ping_status":"closed","template":"","meta":{"_acf_changed":false},"product_brand":[],"product_cat":[335,360,363,529,530],"product_tag":[],"class_list":{"0":"post-7279","1":"product","2":"type-product","3":"status-publish","4":"has-post-thumbnail","6":"product_cat-a_baby_brand","7":"product_cat-cadeautips","8":"product_cat-cadeaus-e25-e50","9":"product_cat-katoenen-babykleertjes","10":"product_cat-katoenen-babyshirt","11":"pa_maat-1-jaar","12":"pa_maat-6-maanden","14":"first","15":"instock","16":"taxable","17":"shipping-taxable","18":"purchasable","19":"product-type-variable"},"acf":[],"_links":{"self":[{"href":"https:\/\/woolskins.eu\/de\/wp-json\/wp\/v2\/product\/7279","targetHints":{"allow":["GET"]}}],"collection":[{"href":"https:\/\/woolskins.eu\/de\/wp-json\/wp\/v2\/product"}],"about":[{"href":"https:\/\/woolskins.eu\/de\/wp-json\/wp\/v2\/types\/product"}],"replies":[{"embeddable":true,"href":"https:\/\/woolskins.eu\/de\/wp-json\/wp\/v2\/comments?post=7279"}],"wp:featuredmedia":[{"embeddable":true,"href":"https:\/\/woolskins.eu\/de\/wp-json\/wp\/v2\/media\/7354"}],"wp:attachment":[{"href":"https:\/\/woolskins.eu\/de\/wp-json\/wp\/v2\/media?parent=7279"}],"wp:term":[{"taxonomy":"product_brand","embeddable":true,"href":"https:\/\/woolskins.eu\/de\/wp-json\/wp\/v2\/product_brand?post=7279"},{"taxonomy":"product_cat","embeddable":true,"href":"https:\/\/woolskins.eu\/de\/wp-json\/wp\/v2\/product_cat?post=7279"},{"taxonomy":"product_tag","embeddable":true,"href":"https:\/\/woolskins.eu\/de\/wp-json\/wp\/v2\/product_tag?post=7279"}],"curies":[{"name":"wp","href":"https:\/\/api.w.org\/{rel}","templated":true}]}}