{"id":7255,"date":"2022-02-04T14:39:19","date_gmt":"2022-02-04T14:39:19","guid":{"rendered":"https:\/\/woolskins.eu\/?post_type=product&#038;p=7255"},"modified":"2025-09-03T19:12:12","modified_gmt":"2025-09-03T19:12:12","slug":"windelbeutel-lammy-camel","status":"publish","type":"product","link":"https:\/\/woolskins.eu\/de\/luieretui-lammy-camel\/","title":{"rendered":"Windeletui Wolle \u2013 Thumbled | Kamel"},"content":{"rendered":"<p>\u2013 100% Schurwolle gefilzt mit Woolmark-G\u00fctesiegel.<br \/>\n\u2013 Glatte, weiche und kompakte Struktur<br \/>\n\u2013 Die Abmessungen betragen 24x9x9cm.<br \/>\n\u2013 F\u00fcr zu Hause und unterwegs.<br \/>\n\u2013 Europ\u00e4ische Produktion.<br \/>\n\u2013 waschbar im Wollwaschprogramm 30\u00b0C.<\/p>\n<p>Dieses Produkt tr\u00e4gt das G\u00fctesiegel \u201eSicher f\u00fcr Kinder\u201c und das Woolmark-G\u00fctesiegel.<\/p>\n<h5>Etikett f\u00fcr Wollh\u00e4ute<\/h5>\n<p>Nach Jahren erfolgreicher Zusammenarbeit mit Alwero k\u00f6nnen wir stolz verk\u00fcnden, dass wir unsere Produkte nun unter unserem eigenen Woolskins-Label f\u00fchren.<\/p>\n<p>Auf diese Weise erhalten Sie immer noch die beste Qualit\u00e4t, kombiniert mit den sch\u00f6nsten und einzigartigsten Produkten und Designs.<\/p>\n<p>Die Qualit\u00e4t der Stoffe und Farben bleibt wie immer, aber es gibt jetzt eine gr\u00f6\u00dfere Auswahl, von der Woolskins glaubt, dass sie sich von anderen abheben kann.<\/p>\n<p>Unsere umfangreiche Kollektion ist so zusammengestellt, dass sie eine gute Erg\u00e4nzung f\u00fcr jedes Babyset darstellt. Sie besteht aus atmungsaktiver europ\u00e4ischer 100%-Wolle und ist f\u00fcr jede Jahreszeit geeignet.<\/p>\n<p>Mit Begeisterung b\u00fcndeln wir unsere Kr\u00e4fte, um ein nachhaltiges, nat\u00fcrliches und h\u00f6chst komfortables Produkt f\u00fcr Ihr Kind zu schaffen.<\/p>","protected":false},"excerpt":{"rendered":"<p>Unser Kulturbeutel aus Wolle ist ein stilvolles und praktisches Accessoire zur Aufbewahrung Ihrer pers\u00f6nlichen Hygieneartikel. Ganz gleich, ob Sie das N\u00f6tigste f\u00fcr eine Reise, eine Trainingseinheit oder einen Tag im B\u00fcro einpacken m\u00fcssen, ein Kulturbeutel aus Wolle sorgt daf\u00fcr, dass alles organisiert und gesch\u00fctzt bleibt. Diese Kulturtasche eignet sich auch hervorragend zum Transport von Windeln, Feuchtt\u00fcchern und anderen Notwendigkeiten f\u00fcr Ihr Baby.<\/p>\n<p><strong>Marke: Woolskins<\/strong><br \/>\n<strong>Produktion: Polen<\/strong><\/p>","protected":false},"featured_media":7249,"comment_status":"closed","ping_status":"closed","template":"","meta":{"_acf_changed":false},"product_brand":[],"product_cat":[351,349,360,363,31,196,194],"product_tag":[],"class_list":{"0":"post-7255","1":"product","2":"type-product","3":"status-publish","4":"has-post-thumbnail","6":"product_cat-accessoiresvoormama","7":"product_cat-borstvoedingenvoedingskussens","8":"product_cat-cadeautips","9":"product_cat-cadeaus-e25-e50","10":"product_cat-yogamat-wol","11":"product_cat-slaapkleding-baby","12":"product_cat-wollen-babyproducten","14":"first","15":"instock","16":"taxable","17":"shipping-taxable","18":"purchasable","19":"product-type-simple"},"acf":[],"_links":{"self":[{"href":"https:\/\/woolskins.eu\/de\/wp-json\/wp\/v2\/product\/7255","targetHints":{"allow":["GET"]}}],"collection":[{"href":"https:\/\/woolskins.eu\/de\/wp-json\/wp\/v2\/product"}],"about":[{"href":"https:\/\/woolskins.eu\/de\/wp-json\/wp\/v2\/types\/product"}],"replies":[{"embeddable":true,"href":"https:\/\/woolskins.eu\/de\/wp-json\/wp\/v2\/comments?post=7255"}],"wp:featuredmedia":[{"embeddable":true,"href":"https:\/\/woolskins.eu\/de\/wp-json\/wp\/v2\/media\/7249"}],"wp:attachment":[{"href":"https:\/\/woolskins.eu\/de\/wp-json\/wp\/v2\/media?parent=7255"}],"wp:term":[{"taxonomy":"product_brand","embeddable":true,"href":"https:\/\/woolskins.eu\/de\/wp-json\/wp\/v2\/product_brand?post=7255"},{"taxonomy":"product_cat","embeddable":true,"href":"https:\/\/woolskins.eu\/de\/wp-json\/wp\/v2\/product_cat?post=7255"},{"taxonomy":"product_tag","embeddable":true,"href":"https:\/\/woolskins.eu\/de\/wp-json\/wp\/v2\/product_tag?post=7255"}],"curies":[{"name":"wp","href":"https:\/\/api.w.org\/{rel}","templated":true}]}}