{"id":7222,"date":"2022-02-04T14:15:51","date_gmt":"2022-02-04T14:15:51","guid":{"rendered":"https:\/\/woolskins.eu\/?post_type=product&#038;p=7222"},"modified":"2026-04-29T06:33:29","modified_gmt":"2026-04-29T06:33:29","slug":"alwero-handwarmer-daumling-grau","status":"publish","type":"product","link":"https:\/\/woolskins.eu\/de\/alwero-handwarmers-thumby-grijs\/","title":{"rendered":"Handw\u00e4rmer aus Wolle f\u00fcr Damen \u2013 Thumby | Hellgrau"},"content":{"rendered":"<p>Woolskins Handw\u00e4rmer aus Wolle sind in drei Farben erh\u00e4ltlich. In diesem Handschuh gibt es weder Finger noch Daumen, sodass Sie problemlos alles weitermachen k\u00f6nnen und Ihre H\u00e4nde trotzdem sch\u00f6n warm bleiben.<br \/>\nDiese feinen Handschuhe bestehen aus 100%-Wolle mit Elastin und liegen daher gut an der Hand. Sie sind ideal, wenn Sie mit Ihrem Kind unterwegs sind.<\/p>\n<p>Diese Handw\u00e4rmer sorgen f\u00fcr eine trockene und angenehme Umgebung, die bei Handgelenks- und Gelenkbeschwerden hilft. Sie sorgen f\u00fcr eine bessere Durchblutung, was zu einer Verringerung der Beschwerden f\u00fchrt. Ideal zum Beispiel f\u00fcr den Einsatz hinter einem Computer.<\/p>\n<p>Gr\u00f6\u00dfen in Zentimetern:<\/p>\n<p>S: 23 x 10 cm (L\u00e4nge und Breite am Handgelenk)<br \/>\nM: 24 x 11 cm (L\u00e4nge und Breite am Handgelenk)<br \/>\nL: 25 x 12 cm (L\u00e4nge und Breite am Handgelenk)<\/p>\n<p>Waschen im 30\u00b0C Wollwaschprogramm mit Wollwaschmittel.<\/p>","protected":false},"excerpt":{"rendered":"<p>Woolskins Handw\u00e4rmer aus Wolle sind in drei Farben erh\u00e4ltlich. In diesem Handschuh gibt es weder Finger noch Daumen, sodass Sie problemlos alles weitermachen k\u00f6nnen und Ihre H\u00e4nde trotzdem sch\u00f6n warm bleiben.<br \/>\nDiese feinen Handschuhe bestehen aus 100%-Wolle mit Elastin und liegen daher gut an der Hand. Sie sind ideal, wenn Sie mit Ihrem Kind unterwegs sind.<\/p>\n<p><strong>Marke: Woolskins<\/strong><br \/>\n<strong>Produzent: Woolskins Private Lable wird von Alwero produziert<\/strong><\/p>","protected":false},"featured_media":17597,"comment_status":"closed","ping_status":"closed","template":"","meta":{"_acf_changed":false},"product_brand":[],"product_cat":[351,362,350,31,194],"product_tag":[],"class_list":{"0":"post-7222","1":"product","2":"type-product","3":"status-publish","4":"has-post-thumbnail","6":"product_cat-accessoiresvoormama","7":"product_cat-cadeaus-tot-e-25","8":"product_cat-fashion","9":"product_cat-yogamat-wol","10":"product_cat-wollen-babyproducten","11":"pa_maat-l","12":"pa_maat-m","13":"pa_maat-s","15":"first","16":"instock","17":"taxable","18":"shipping-taxable","19":"purchasable","20":"product-type-variable"},"acf":[],"_links":{"self":[{"href":"https:\/\/woolskins.eu\/de\/wp-json\/wp\/v2\/product\/7222","targetHints":{"allow":["GET"]}}],"collection":[{"href":"https:\/\/woolskins.eu\/de\/wp-json\/wp\/v2\/product"}],"about":[{"href":"https:\/\/woolskins.eu\/de\/wp-json\/wp\/v2\/types\/product"}],"replies":[{"embeddable":true,"href":"https:\/\/woolskins.eu\/de\/wp-json\/wp\/v2\/comments?post=7222"}],"wp:featuredmedia":[{"embeddable":true,"href":"https:\/\/woolskins.eu\/de\/wp-json\/wp\/v2\/media\/17597"}],"wp:attachment":[{"href":"https:\/\/woolskins.eu\/de\/wp-json\/wp\/v2\/media?parent=7222"}],"wp:term":[{"taxonomy":"product_brand","embeddable":true,"href":"https:\/\/woolskins.eu\/de\/wp-json\/wp\/v2\/product_brand?post=7222"},{"taxonomy":"product_cat","embeddable":true,"href":"https:\/\/woolskins.eu\/de\/wp-json\/wp\/v2\/product_cat?post=7222"},{"taxonomy":"product_tag","embeddable":true,"href":"https:\/\/woolskins.eu\/de\/wp-json\/wp\/v2\/product_tag?post=7222"}],"curies":[{"name":"wp","href":"https:\/\/api.w.org\/{rel}","templated":true}]}}