{"id":7214,"date":"2022-02-04T14:08:48","date_gmt":"2022-02-04T14:08:48","guid":{"rendered":"https:\/\/woolskins.eu\/?post_type=product&#038;p=7214"},"modified":"2025-02-08T18:34:03","modified_gmt":"2025-02-08T18:34:03","slug":"alwero-handwarmer-daumling-natur","status":"publish","type":"product","link":"https:\/\/woolskins.eu\/de\/alwero-handwarmers-thumby-natural\/","title":{"rendered":"Handw\u00e4rmer aus Wolle f\u00fcr Damen \u2013 Thumby | Nat\u00fcrlich"},"content":{"rendered":"<p>Woolskins Handw\u00e4rmer aus Wolle sind in drei Farben erh\u00e4ltlich. In diesem Handschuh gibt es weder Finger noch Daumen, sodass Sie problemlos alles weitermachen k\u00f6nnen und Ihre H\u00e4nde trotzdem sch\u00f6n warm bleiben.<br \/>\nDiese feinen Handschuhe bestehen aus 100%-Wolle mit Elastin und liegen daher gut an der Hand. Sie sind ideal, wenn Sie mit Ihrem Kind unterwegs sind.<\/p>\n<p>Diese Handw\u00e4rmer sorgen f\u00fcr eine trockene und angenehme Umgebung, die bei Handgelenks- und Gelenkbeschwerden hilft. Sie sorgen f\u00fcr eine bessere Durchblutung, was zu einer Verringerung der Beschwerden f\u00fchrt. Ideal zum Beispiel f\u00fcr den Einsatz hinter einem Computer.<\/p>\n<p>Gr\u00f6\u00dfen in Zentimetern:<\/p>\n<p>S: 23 x 10 cm (L\u00e4nge und Breite am Handgelenk)<br \/>\nM: 24 x 11 cm (L\u00e4nge und Breite am Handgelenk)<br \/>\nL: 25 x 12 cm (L\u00e4nge und Breite am Handgelenk)<\/p>\n<p>Waschen im 30\u00b0C Wollwaschprogramm mit Wollwaschmittel.<\/p>\n<div id=\"product-12858\" class=\"product type-product post-12858 status-publish first instock product_cat-cadeautips product_cat-cadeaus-tot-e-25 product_cat-alwero product_cat-yogamat-wol product_cat-accessoiresvoormama product_cat-fashion has-post-thumbnail taxable shipping-taxable purchasable product-type-variable ct-ajax-add-to-cart thumbs-bottom sticky-summary ct-default-gallery\">\n<div class=\"woocommerce-tabs wc-tabs-wrapper\" data-type=\"type-1:center\">\n<article>\n<div id=\"tab-description\" class=\"woocommerce-Tabs-panel woocommerce-Tabs-panel--description panel entry-content wc-tab\" role=\"tabpanel\" aria-labelledby=\"tab-title-description\">\n<h5>Etikett f\u00fcr Wollh\u00e4ute<\/h5>\n<p>Nach Jahren erfolgreicher Zusammenarbeit mit Alwero k\u00f6nnen wir stolz verk\u00fcnden, dass wir unsere Produkte nun unter unserem eigenen Woolskins-Label f\u00fchren.<\/p>\n<p>Auf diese Weise erhalten Sie immer noch die beste Qualit\u00e4t, kombiniert mit den sch\u00f6nsten und einzigartigsten Produkten und Designs.<\/p>\n<p>Die Qualit\u00e4t der Stoffe und Farben bleibt wie immer, aber es gibt jetzt eine gr\u00f6\u00dfere Auswahl, von der Woolskins glaubt, dass sie sich von anderen abheben kann.<\/p>\n<p>Unsere umfangreiche Kollektion ist so zusammengestellt, dass sie eine gute Erg\u00e4nzung f\u00fcr jedes Babyset darstellt. Sie besteht aus atmungsaktiver europ\u00e4ischer 100%-Wolle und ist f\u00fcr jede Jahreszeit geeignet.<\/p>\n<p>Mit Begeisterung b\u00fcndeln wir unsere Kr\u00e4fte, um ein nachhaltiges, nat\u00fcrliches und h\u00f6chst komfortables Produkt f\u00fcr Ihr Kind zu schaffen.<\/p>\n<\/div>\n<\/article>\n<\/div>\n<\/div>\n<section class=\"related products ct-hidden-sm ct-hidden-md\"><\/section>","protected":false},"excerpt":{"rendered":"<p>Wenn Sie auf der Suche nach einem Paar Handw\u00e4rmer aus Wolle sind, um sich selbst oder einem geliebten Menschen eine Freude zu machen, k\u00f6nnen wir Ihnen diese Handw\u00e4rmer von Woolskins w\u00e4rmstens empfehlen. In diesem Handschuh gibt es weder Finger noch Daumen, sodass Sie problemlos alles weitermachen k\u00f6nnen und Ihre H\u00e4nde trotzdem sch\u00f6n warm bleiben. Diese feinen Handschuhe bestehen aus 100%-Wolle mit Elastin und liegen daher gut an der Hand. Unsere Thumby-Handw\u00e4rmer aus Wolle sind eine gro\u00dfartige M\u00f6glichkeit, Ihre H\u00e4nde in den kalten Wintermonaten warm und bequem zu halten. Sie sind weich und atmungsaktiv, wodurch sie auch f\u00fcr Menschen mit empfindlicher Haut geeignet sind und in verschiedenen Farben und Gr\u00f6\u00dfen erh\u00e4ltlich sind.<\/p>\n<p><strong>Marke: Woolskins<\/strong><br \/>\n<strong>Produktion: Polen<\/strong><\/p>","protected":false},"featured_media":17599,"comment_status":"closed","ping_status":"closed","template":"","meta":{"_acf_changed":false},"product_brand":[],"product_cat":[351,362,350,31,194],"product_tag":[],"class_list":{"0":"post-7214","1":"product","2":"type-product","3":"status-publish","4":"has-post-thumbnail","6":"product_cat-accessoiresvoormama","7":"product_cat-cadeaus-tot-e-25","8":"product_cat-fashion","9":"product_cat-yogamat-wol","10":"product_cat-wollen-babyproducten","11":"pa_maat-l","12":"pa_maat-m","13":"pa_maat-s","15":"first","16":"outofstock","17":"taxable","18":"shipping-taxable","19":"purchasable","20":"product-type-variable"},"acf":[],"_links":{"self":[{"href":"https:\/\/woolskins.eu\/de\/wp-json\/wp\/v2\/product\/7214","targetHints":{"allow":["GET"]}}],"collection":[{"href":"https:\/\/woolskins.eu\/de\/wp-json\/wp\/v2\/product"}],"about":[{"href":"https:\/\/woolskins.eu\/de\/wp-json\/wp\/v2\/types\/product"}],"replies":[{"embeddable":true,"href":"https:\/\/woolskins.eu\/de\/wp-json\/wp\/v2\/comments?post=7214"}],"wp:featuredmedia":[{"embeddable":true,"href":"https:\/\/woolskins.eu\/de\/wp-json\/wp\/v2\/media\/17599"}],"wp:attachment":[{"href":"https:\/\/woolskins.eu\/de\/wp-json\/wp\/v2\/media?parent=7214"}],"wp:term":[{"taxonomy":"product_brand","embeddable":true,"href":"https:\/\/woolskins.eu\/de\/wp-json\/wp\/v2\/product_brand?post=7214"},{"taxonomy":"product_cat","embeddable":true,"href":"https:\/\/woolskins.eu\/de\/wp-json\/wp\/v2\/product_cat?post=7214"},{"taxonomy":"product_tag","embeddable":true,"href":"https:\/\/woolskins.eu\/de\/wp-json\/wp\/v2\/product_tag?post=7214"}],"curies":[{"name":"wp","href":"https:\/\/api.w.org\/{rel}","templated":true}]}}