{"id":7098,"date":"2022-01-31T11:11:43","date_gmt":"2022-01-31T11:11:43","guid":{"rendered":"https:\/\/woolskins.eu\/?post_type=product&#038;p=7098"},"modified":"2026-02-17T07:59:57","modified_gmt":"2026-02-17T07:59:57","slug":"kuscheldecke-mit-schnullerkordel-grau-2","status":"publish","type":"product","link":"https:\/\/woolskins.eu\/de\/knuffeldoekje-met-speenkoord-grijs-2\/","title":{"rendered":"Schmusetuch mit Schnullerschnur | Hellgrau"},"content":{"rendered":"<p>Woolskins Kuscheltuch mit Schnullerschnur. Ideal zum Kuscheln und Spielen f\u00fcr Ihr Kind, da die F\u00fcllung ein sch\u00f6nes Knisterger\u00e4usch erzeugt. Das Kuscheltuch besteht aus 100%-Wolle und tr\u00e4gt beispielsweise das Qualit\u00e4tssiegel \u201eWoolmark\u201c und \u201eSicher f\u00fcr Kinder\u201c. Der Schnullerclip ist praktisch, um den Schnuller Ihres Babys immer griffbereit zu haben und zu verhindern, dass er verloren geht.<\/p>\n<p>\u2013 100%-Schurwolle, Woolmark-G\u00fctesiegel.<br \/>\n\u2013 Die Abmessungen betragen 18\u00d725 cm.<br \/>\n\u2013 Ohne Schnuller<\/p>\n<p>Das Schnullertuch aus Wolle l\u00e4sst sich mit der Kordel ganz einfach an jedem Schnullertyp befestigen.<\/p>","protected":false},"excerpt":{"rendered":"<p>Woolskins bietet ein wundersch\u00f6nes Wollkuscheltuch mit Schnullerschnur an. Dieses weiche und bequeme Tuch eignet sich perfekt zum Kuscheln und Spielen f\u00fcr Ihr Kleines. Es besteht aus hochwertiger Wolle und ist in den Farben Beige und Grau erh\u00e4ltlich.<\/p>\n<p>Aufgrund des sch\u00f6nen Ger\u00e4usches, das die knisternde F\u00fcllung erzeugt, ist es ideal f\u00fcr Ihr Kind zum Kuscheln und Spielen. Das Kuscheltuch besteht aus 100%-Wolle und tr\u00e4gt beispielsweise das Qualit\u00e4tssiegel \u201eWoolmark\u201c und \u201eSicher f\u00fcr Kinder\u201c.<\/p>\n<p>Woolskins ist der Spezialist f\u00fcr \u00f6kologische Lammfell- und Wollprodukte. Alle Produkte bestehen aus hochwertigen Materialien und sind auf Komfort und Langlebigkeit ausgelegt. Dieses Schmusetuch mit Schnullerschnur ist daher eine verantwortungsvolle Wahl f\u00fcr Eltern, die Wert auf Qualit\u00e4t und Stil legen.<\/p>\n<p><strong>Marke: Woolskins<\/strong><br \/>\n<strong>Produktion: Polen<\/strong><\/p>\n<p><strong>Ero<\/strong><\/p>","protected":false},"featured_media":9779,"comment_status":"closed","ping_status":"closed","template":"","meta":{"_acf_changed":false},"product_brand":[],"product_cat":[345,361,360,362,200,196,346,348,194],"product_tag":[],"class_list":{"0":"post-7098","1":"product","2":"type-product","3":"status-publish","4":"has-post-thumbnail","6":"product_cat-accessoires","7":"product_cat-babyshower","8":"product_cat-cadeautips","9":"product_cat-cadeaus-tot-e-25","10":"product_cat-wollen-babykleding","11":"product_cat-slaapkleding-baby","12":"product_cat-mutsjesensjaaltjes","13":"product_cat-kussens","14":"product_cat-wollen-babyproducten","16":"first","17":"instock","18":"taxable","19":"shipping-taxable","20":"purchasable","21":"product-type-simple"},"acf":[],"_links":{"self":[{"href":"https:\/\/woolskins.eu\/de\/wp-json\/wp\/v2\/product\/7098","targetHints":{"allow":["GET"]}}],"collection":[{"href":"https:\/\/woolskins.eu\/de\/wp-json\/wp\/v2\/product"}],"about":[{"href":"https:\/\/woolskins.eu\/de\/wp-json\/wp\/v2\/types\/product"}],"replies":[{"embeddable":true,"href":"https:\/\/woolskins.eu\/de\/wp-json\/wp\/v2\/comments?post=7098"}],"wp:featuredmedia":[{"embeddable":true,"href":"https:\/\/woolskins.eu\/de\/wp-json\/wp\/v2\/media\/9779"}],"wp:attachment":[{"href":"https:\/\/woolskins.eu\/de\/wp-json\/wp\/v2\/media?parent=7098"}],"wp:term":[{"taxonomy":"product_brand","embeddable":true,"href":"https:\/\/woolskins.eu\/de\/wp-json\/wp\/v2\/product_brand?post=7098"},{"taxonomy":"product_cat","embeddable":true,"href":"https:\/\/woolskins.eu\/de\/wp-json\/wp\/v2\/product_cat?post=7098"},{"taxonomy":"product_tag","embeddable":true,"href":"https:\/\/woolskins.eu\/de\/wp-json\/wp\/v2\/product_tag?post=7098"}],"curies":[{"name":"wp","href":"https:\/\/api.w.org\/{rel}","templated":true}]}}