{"id":7012,"date":"2022-01-27T15:12:42","date_gmt":"2022-01-27T15:12:42","guid":{"rendered":"https:\/\/woolskins.eu\/?post_type=product&#038;p=7012"},"modified":"2026-02-18T13:40:37","modified_gmt":"2026-02-18T13:40:37","slug":"alwero-wickeldecke-lammy-grau","status":"publish","type":"product","link":"https:\/\/woolskins.eu\/de\/alwero-wikkeldeken-lammy-grijs\/","title":{"rendered":"Woll-Wickeldecke \/ Kapuzendecke f\u00fcr Babys \u2013 Thumbled | Hellgrau"},"content":{"rendered":"<p>Wollfasern atmen und haben die Eigenschaft, als nat\u00fcrlicher Thermostat zu fungieren, der die K\u00f6rpertemperatur reguliert? Dies hilft Ihrem Baby, eine stabile Temperatur aufrechtzuerhalten und es trocken und komfortabel zu halten. Dies geschieht \u201edynamisch\u201c, das hei\u00dft, es geschieht dann, wenn es ben\u00f6tigt wird, und nicht, wenn es nicht ben\u00f6tigt wird. Warm im Winter und k\u00fchl im Sommer.<\/p>\n<p>\u2013 100%-Schurwolle (getrommelt) mit Woolmark-G\u00fctesiegel.<br \/>\n\u2013 F\u00fcr zu Hause und unterwegs.<br \/>\n\u2013 Abmessungen: 80 x 80 cm.<br \/>\n\u2013 Europ\u00e4ische Produktion.<br \/>\n\u2013 Waschbar im Wollwaschprogramm 30\u00b0C.<br \/>\n\u2013 Exklusiv erh\u00e4ltlich bei Woolskins.<\/p>\n<p>Flauschige Wollprodukte zeichnen sich durch die lockeren Wollfasern aus. Um Flusen weitestgehend zu vermeiden, klopfen Sie das Produkt am besten vor der Verwendung von au\u00dfen aus.<\/p>\n<p>Dieses Produkt tr\u00e4gt das G\u00fctesiegel \u201eSicher f\u00fcr Kinder\u201c und das Woolmark-G\u00fctesiegel.<\/p>\n<h5>Etikett f\u00fcr Wollh\u00e4ute<\/h5>\n<p>Nach Jahren erfolgreicher Zusammenarbeit mit Alwero k\u00f6nnen wir stolz verk\u00fcnden, dass wir unsere Produkte nun unter unserem eigenen Woolskins-Label f\u00fchren.<\/p>\n<p>Auf diese Weise erhalten Sie immer noch die beste Qualit\u00e4t, kombiniert mit den sch\u00f6nsten und einzigartigsten Produkten und Designs.<\/p>\n<p>Die Qualit\u00e4t der Stoffe und Farben bleibt wie immer, aber es gibt jetzt eine gr\u00f6\u00dfere Auswahl, von der Woolskins glaubt, dass sie sich von anderen abheben kann.<\/p>\n<p>Unsere umfangreiche Kollektion ist so zusammengestellt, dass sie eine gute Erg\u00e4nzung f\u00fcr jedes Babyset darstellt. Sie besteht aus atmungsaktiver europ\u00e4ischer 100%-Wolle und ist f\u00fcr jede Jahreszeit geeignet.<\/p>\n<p>Mit Begeisterung b\u00fcndeln wir unsere Kr\u00e4fte, um ein nachhaltiges, nat\u00fcrliches und h\u00f6chst komfortables Produkt f\u00fcr Ihr Kind zu schaffen.<\/p>","protected":false},"excerpt":{"rendered":"<p>In dieser bequemen Woll-Kapuzendecke aus unserer \u201eThumbled\u201c-Kollektion wird Ihr Kind wunderbar schlafen und tr\u00e4umen. Diese Kapuzen-\/Wickeldecke f\u00e4llt sanft und ist sehr weich. Sie sehen wundersch\u00f6n und luxuri\u00f6s aus und sind \u00e4u\u00dferst bequem. Die Wickeldecke besteht aus 100%-Wolle und misst sofort die Temperatur Ihres Kindes. Sie k\u00f6nnen Ihr Baby damit auch wickeln oder bequem f\u00fcttern. Sie k\u00f6nnen es problemlos unterwegs mitnehmen, um Ihr Baby warm zu halten. Die Decke ist f\u00fcr jede Jahreszeit geeignet und ein perfektes Geschenk f\u00fcr eine Babyparty oder einen Mutterschaftsbesuch.<\/p>\n<p><strong>Marke: Woolskins<\/strong><br \/>\n<strong>Produktion: Polen<\/strong><\/p>","protected":false},"featured_media":17485,"comment_status":"closed","ping_status":"closed","template":"","meta":{"_acf_changed":false},"product_brand":[],"product_cat":[361,360,363,364,196,321,194],"product_tag":[],"class_list":{"0":"post-7012","1":"product","2":"type-product","3":"status-publish","4":"has-post-thumbnail","6":"product_cat-babyshower","7":"product_cat-cadeautips","8":"product_cat-cadeaus-e25-e50","9":"product_cat-cadeaus-vanaf-e50","10":"product_cat-slaapkleding-baby","11":"product_cat-wikkeldekens","12":"product_cat-wollen-babyproducten","14":"first","15":"instock","16":"taxable","17":"shipping-taxable","18":"purchasable","19":"product-type-simple"},"acf":[],"_links":{"self":[{"href":"https:\/\/woolskins.eu\/de\/wp-json\/wp\/v2\/product\/7012","targetHints":{"allow":["GET"]}}],"collection":[{"href":"https:\/\/woolskins.eu\/de\/wp-json\/wp\/v2\/product"}],"about":[{"href":"https:\/\/woolskins.eu\/de\/wp-json\/wp\/v2\/types\/product"}],"replies":[{"embeddable":true,"href":"https:\/\/woolskins.eu\/de\/wp-json\/wp\/v2\/comments?post=7012"}],"wp:featuredmedia":[{"embeddable":true,"href":"https:\/\/woolskins.eu\/de\/wp-json\/wp\/v2\/media\/17485"}],"wp:attachment":[{"href":"https:\/\/woolskins.eu\/de\/wp-json\/wp\/v2\/media?parent=7012"}],"wp:term":[{"taxonomy":"product_brand","embeddable":true,"href":"https:\/\/woolskins.eu\/de\/wp-json\/wp\/v2\/product_brand?post=7012"},{"taxonomy":"product_cat","embeddable":true,"href":"https:\/\/woolskins.eu\/de\/wp-json\/wp\/v2\/product_cat?post=7012"},{"taxonomy":"product_tag","embeddable":true,"href":"https:\/\/woolskins.eu\/de\/wp-json\/wp\/v2\/product_tag?post=7012"}],"curies":[{"name":"wp","href":"https:\/\/api.w.org\/{rel}","templated":true}]}}