{"id":6932,"date":"2022-01-24T12:58:15","date_gmt":"2022-01-24T12:58:15","guid":{"rendered":"https:\/\/woolskins.eu\/?post_type=product&#038;p=6932"},"modified":"2026-04-17T11:19:46","modified_gmt":"2026-04-17T11:19:46","slug":"alwero-bodywarmer-lammy-camel","status":"publish","type":"product","link":"https:\/\/woolskins.eu\/de\/alwero-bodywarmer-lammy-camel\/","title":{"rendered":"Woll-Bodywarmer f\u00fcr Baby &amp; Kind | Camel Thumbled \u2013 Wollfelle"},"content":{"rendered":"<p>Dieses Produkt tr\u00e4gt das G\u00fctesiegel \u201eSicher f\u00fcr Kinder\u201c und das Woolmark-G\u00fctesiegel. Diese Weste wird h\u00e4ufig als Oberbekleidung getragen. Beachten Sie dies daher bei der Auswahl der richtigen Gr\u00f6\u00dfe.<\/p>\n<p>\u2013 100%-Schurwolle, Woolmark-G\u00fctesiegel.<br \/>\n\u2013 Sehr warm f\u00fcr zu Hause oder unterwegs.<br \/>\n\u2013 Verschiedene Farben erh\u00e4ltlich.<br \/>\n- ACHTUNG! Die richtige Gr\u00f6\u00dfe finden Sie unter \u201eGr\u00f6\u00dfen in Zentimetern\u201c.<\/p>\n<h5>Etikett f\u00fcr Wollh\u00e4ute<\/h5>\n<p>Nach Jahren erfolgreicher Zusammenarbeit mit Alwero k\u00f6nnen wir stolz verk\u00fcnden, dass wir unsere Produkte nun unter unserem eigenen Woolskins-Label f\u00fchren.<\/p>\n<p>Auf diese Weise erhalten Sie immer noch die beste Qualit\u00e4t, kombiniert mit den sch\u00f6nsten und einzigartigsten Produkten und Designs.<\/p>\n<p>Die Qualit\u00e4t der Stoffe und Farben bleibt wie immer, aber es gibt jetzt eine gr\u00f6\u00dfere Auswahl, von der Woolskins glaubt, dass sie sich von anderen abheben kann.<\/p>\n<p>Unsere umfangreiche Kollektion ist so zusammengestellt, dass sie eine gute Erg\u00e4nzung f\u00fcr jedes Babyset darstellt. Sie besteht aus atmungsaktiver europ\u00e4ischer 100%-Wolle und ist f\u00fcr jede Jahreszeit geeignet.<\/p>\n<p>Mit Begeisterung b\u00fcndeln wir unsere Kr\u00e4fte, um ein nachhaltiges, nat\u00fcrliches und h\u00f6chst komfortables Produkt f\u00fcr Ihr Kind zu schaffen.<\/p>\n<h5 class=\"Text1893342656__root Text1893342656---typography-11-runningText Text1893342656---priority-7-primary s8gg2 _2UIKs InfoSectionTitle3095652555__root\" aria-hidden=\"false\" data-hook=\"info-section-title\">Gr\u00f6\u00dfen in Zentimetern:<\/h5>\n<div class=\"_2tV5m fggS- cell\">Gr\u00f6\u00dfe: 50\/56 L\u00e4nge: 27,5 cm Breite 22 cm (Achsel)<br \/>\nGr\u00f6\u00dfe: 62\/60 L\u00e4nge: 28,5 cm Breite 25 cm<br \/>\nGr\u00f6\u00dfe: 74\/80 L\u00e4nge: 29,5 cm Breite 28 cm<br \/>\nGr\u00f6\u00dfe: 80\/86 L\u00e4nge: 31 cm Breite 32 cm<br \/>\nGr\u00f6\u00dfe: 92\/98 L\u00e4nge: 33,5 cm Breite 35 cm<br \/>\nGr\u00f6\u00dfe: 104\/110 L\u00e4nge: 39,5 cm Breite 37 cm<\/div>\n<p>&nbsp;<\/p>","protected":false},"excerpt":{"rendered":"<p>Dieser trendige Bodywarmer ist wunderbar warm und bequem. Tragen Sie es l\u00e4ssig \u00fcber einem Pullover oder einer Jacke, es sieht immer gut aus und ist super hip. Dieser Cardigan verf\u00fcgt \u00fcber alle guten Eigenschaften von 100% Eco Wool. So ist sichergestellt, dass Ihr Kind es an den k\u00e4lteren Tagen sch\u00f6n warm und bequem hat. Diese Strickjacke kann mit unserer gesamten Woolskins-Kollektion kombiniert werden. Der Woll-Bodywarmer ist wundersch\u00f6n mit einem Deckenstich und einem Holzknopf versehen.<\/p>\n<p>ACHTUNG! Strickjacken fallen klein aus. Die richtige Gr\u00f6\u00dfe finden Sie in der Beschreibung unter \u201eGr\u00f6\u00dfen in Zentimetern\u201c.<\/p>\n<p><strong>Marke: Woolskins<\/strong><br \/>\n<strong>Produktion: Polen<\/strong><\/p>","protected":false},"featured_media":17462,"comment_status":"closed","ping_status":"closed","template":"","meta":{"_acf_changed":false},"product_brand":[],"product_cat":[361,360,363,200,337,413,344,194],"product_tag":[],"class_list":{"0":"post-6932","1":"product","2":"type-product","3":"status-publish","4":"has-post-thumbnail","6":"product_cat-babyshower","7":"product_cat-cadeautips","8":"product_cat-cadeaus-e25-e50","9":"product_cat-wollen-babykleding","10":"product_cat-vestjes","11":"product_cat-alwero-bodywarmer","12":"product_cat-kleertjes","13":"product_cat-wollen-babyproducten","14":"pa_maat-104-110","15":"pa_maat-44-prematuur","16":"pa_maat-50-56","17":"pa_maat-62-68","18":"pa_maat-74-80","19":"pa_maat-80-86","20":"pa_maat-92-98","22":"first","23":"instock","24":"taxable","25":"shipping-taxable","26":"purchasable","27":"product-type-variable"},"acf":[],"_links":{"self":[{"href":"https:\/\/woolskins.eu\/de\/wp-json\/wp\/v2\/product\/6932","targetHints":{"allow":["GET"]}}],"collection":[{"href":"https:\/\/woolskins.eu\/de\/wp-json\/wp\/v2\/product"}],"about":[{"href":"https:\/\/woolskins.eu\/de\/wp-json\/wp\/v2\/types\/product"}],"replies":[{"embeddable":true,"href":"https:\/\/woolskins.eu\/de\/wp-json\/wp\/v2\/comments?post=6932"}],"wp:featuredmedia":[{"embeddable":true,"href":"https:\/\/woolskins.eu\/de\/wp-json\/wp\/v2\/media\/17462"}],"wp:attachment":[{"href":"https:\/\/woolskins.eu\/de\/wp-json\/wp\/v2\/media?parent=6932"}],"wp:term":[{"taxonomy":"product_brand","embeddable":true,"href":"https:\/\/woolskins.eu\/de\/wp-json\/wp\/v2\/product_brand?post=6932"},{"taxonomy":"product_cat","embeddable":true,"href":"https:\/\/woolskins.eu\/de\/wp-json\/wp\/v2\/product_cat?post=6932"},{"taxonomy":"product_tag","embeddable":true,"href":"https:\/\/woolskins.eu\/de\/wp-json\/wp\/v2\/product_tag?post=6932"}],"curies":[{"name":"wp","href":"https:\/\/api.w.org\/{rel}","templated":true}]}}