{"id":6895,"date":"2022-01-17T14:21:52","date_gmt":"2022-01-17T14:21:52","guid":{"rendered":"https:\/\/woolskins.eu\/?post_type=product&#038;p=6895"},"modified":"2025-08-25T13:29:40","modified_gmt":"2025-08-25T13:29:40","slug":"alwero-wickeldecke-essential-grau-2","status":"publish","type":"product","link":"https:\/\/woolskins.eu\/de\/alwero-wikkeldeken-essential-grijs-2\/","title":{"rendered":"Wollwickeldecke f\u00fcr Baby | Wingy gefilzt hellgrau"},"content":{"rendered":"<p>In dieser bequemen Wollwickeldecke Wingy aus unserer \u201eFelted\u201c-Kollektion wird Ihr Kind wunderbar schlafen und tr\u00e4umen. Diese Wickeldecke f\u00e4llt sanft und ist sehr weich. Sie sehen wundersch\u00f6n und luxuri\u00f6s aus und sind \u00e4u\u00dferst bequem. Die Wickeldecke besteht aus 100%-Wolle und misst sofort die Temperatur Ihres Kindes. Dank der \u00d6ffnungen f\u00fcr die Sicherheitsgurte (5-Punkt) passt es gut in den Kinderwagen und bringt Ihr Kind warm und bequem nach drau\u00dfen.<\/p>\n<p>Wolle ist atmungsaktiv und misst sofort die Temperatur Ihres Kindes. Warm im Winter und k\u00fchl im Sommer. Praktisch f\u00fcr zu Hause und zur Verwendung im Maxi-Cosi oder Kinderwagen.<\/p>\n<p>\u2013 100%-Schurwolle mit Woolmark-G\u00fctesiegel.<br \/>\n\u2013 Exklusiv erh\u00e4ltlich bei Woolskins.<br \/>\n\u2013 F\u00fcr zu Hause und unterwegs.<br \/>\n\u2013 \u00d6ffnungen f\u00fcr die Sicherheitsgurte (5-Punkt).<br \/>\n\u2013 L\u00e4nge 80 cm (Alter bis +\/- 1 Jahr)<br \/>\n\u2013 waschbar im Wollwaschprogramm 30\u00b0C.<\/p>\n<p>Wollfasern atmen und haben die Eigenschaft, als nat\u00fcrlicher Thermostat zu fungieren, der die K\u00f6rpertemperatur reguliert? Dies hilft Ihrem Baby, eine stabile Temperatur aufrechtzuerhalten und es trocken und komfortabel zu halten. Dies geschieht \u201edynamisch\u201c, das hei\u00dft, es geschieht dann, wenn es ben\u00f6tigt wird, und nicht, wenn es nicht ben\u00f6tigt wird. Warm im Winter und k\u00fchl im Sommer.<\/p>\n<p>Dieses Produkt tr\u00e4gt das G\u00fctesiegel \u201eSicher f\u00fcr Kinder\u201c und das Woolmark-G\u00fctesiegel.<\/p>\n<h5>Etikett f\u00fcr Wollh\u00e4ute<\/h5>\n<p>Nach Jahren erfolgreicher Zusammenarbeit mit Alwero k\u00f6nnen wir stolz verk\u00fcnden, dass wir unsere Produkte nun unter unserem eigenen Woolskins-Label f\u00fchren.<\/p>\n<p>Auf diese Weise erhalten Sie immer noch die beste Qualit\u00e4t, kombiniert mit den sch\u00f6nsten und einzigartigsten Produkten und Designs.<\/p>\n<p>Die Qualit\u00e4t der Stoffe und Farben bleibt wie immer, aber es gibt jetzt eine gr\u00f6\u00dfere Auswahl, von der Woolskins glaubt, dass sie sich von anderen abheben kann.<\/p>\n<p>Unsere umfangreiche Kollektion ist so zusammengestellt, dass sie eine gute Erg\u00e4nzung f\u00fcr jedes Babyset darstellt. Sie besteht aus atmungsaktiver europ\u00e4ischer 100%-Wolle und ist f\u00fcr jede Jahreszeit geeignet.<\/p>\n<p>Mit Begeisterung b\u00fcndeln wir unsere Kr\u00e4fte, um ein nachhaltiges, nat\u00fcrliches und h\u00f6chst komfortables Produkt f\u00fcr Ihr Kind zu schaffen.<\/p>","protected":false},"excerpt":{"rendered":"<p>In dieser bequemen Wollwickeldecke Wingy aus unserer \u201eFelted\u201c-Kollektion wird Ihr Kind wunderbar schlafen und tr\u00e4umen. Diese Wickeldecke ist geschmeidig und sehr weich und mit einem kontrastierenden Deckenstich versehen. Sie sehen wundersch\u00f6n und luxuri\u00f6s aus und sind \u00e4u\u00dferst bequem. Die Wickeldecke besteht aus 100%-Wolle, nimmt sofort die Temperatur Ihres Kindes an und kann zu jeder Jahreszeit verwendet werden. Dank der \u00d6ffnungen f\u00fcr die Sicherheitsgurte (5-Punkt) passt es gut in den Kinderwagen und bringt Ihr Kind warm und bequem nach drau\u00dfen.<\/p>\n<div class=\"woocommerce-product-details__short-description\">\n<p><strong>Marke: Woolskins<\/strong><br \/>\n<strong>Produktion: Polen<\/strong><\/p>\n<\/div>","protected":false},"featured_media":17538,"comment_status":"closed","ping_status":"closed","template":"","meta":{"_acf_changed":false},"product_brand":[],"product_cat":[361,360,364,196,321,194],"product_tag":[],"class_list":{"0":"post-6895","1":"product","2":"type-product","3":"status-publish","4":"has-post-thumbnail","6":"product_cat-babyshower","7":"product_cat-cadeautips","8":"product_cat-cadeaus-vanaf-e50","9":"product_cat-slaapkleding-baby","10":"product_cat-wikkeldekens","11":"product_cat-wollen-babyproducten","13":"first","14":"instock","15":"taxable","16":"shipping-taxable","17":"purchasable","18":"product-type-simple"},"acf":[],"_links":{"self":[{"href":"https:\/\/woolskins.eu\/de\/wp-json\/wp\/v2\/product\/6895","targetHints":{"allow":["GET"]}}],"collection":[{"href":"https:\/\/woolskins.eu\/de\/wp-json\/wp\/v2\/product"}],"about":[{"href":"https:\/\/woolskins.eu\/de\/wp-json\/wp\/v2\/types\/product"}],"replies":[{"embeddable":true,"href":"https:\/\/woolskins.eu\/de\/wp-json\/wp\/v2\/comments?post=6895"}],"wp:featuredmedia":[{"embeddable":true,"href":"https:\/\/woolskins.eu\/de\/wp-json\/wp\/v2\/media\/17538"}],"wp:attachment":[{"href":"https:\/\/woolskins.eu\/de\/wp-json\/wp\/v2\/media?parent=6895"}],"wp:term":[{"taxonomy":"product_brand","embeddable":true,"href":"https:\/\/woolskins.eu\/de\/wp-json\/wp\/v2\/product_brand?post=6895"},{"taxonomy":"product_cat","embeddable":true,"href":"https:\/\/woolskins.eu\/de\/wp-json\/wp\/v2\/product_cat?post=6895"},{"taxonomy":"product_tag","embeddable":true,"href":"https:\/\/woolskins.eu\/de\/wp-json\/wp\/v2\/product_tag?post=6895"}],"curies":[{"name":"wp","href":"https:\/\/api.w.org\/{rel}","templated":true}]}}