{"id":6845,"date":"2021-09-23T12:10:05","date_gmt":"2021-09-23T12:10:05","guid":{"rendered":"https:\/\/woolskins.eu\/?post_type=product&#038;p=6845"},"modified":"2025-09-30T10:50:32","modified_gmt":"2025-09-30T10:50:32","slug":"moms-bag-lammy-camel","status":"publish","type":"product","link":"https:\/\/woolskins.eu\/de\/moms-bag-lammy-camel\/","title":{"rendered":"Mom Bag Wolle \u2013 Thumbled | Kamel"},"content":{"rendered":"<p>Die Tasche ist mit einem wasserdichten Stoff gef\u00fcttert und bietet viel Stauraum. Erh\u00e4ltlich in vielen stilvollen Farben und l\u00e4sst sich problemlos mit allen anderen Produkten unserer Thumbled-Serie kombinieren.<\/p>\n<p>\u2013 Abmessungen: 58 x 42 cm<br \/>\n\u2013 Praktische Griffe<br \/>\n\u2013 100% Wolle (wasserdichtes Innenfutter)<\/p>\n<h5>Etikett f\u00fcr Wollh\u00e4ute<\/h5>\n<p>Nach Jahren erfolgreicher Zusammenarbeit mit Alwero k\u00f6nnen wir stolz verk\u00fcnden, dass wir unsere Produkte nun unter unserem eigenen Woolskins-Label f\u00fchren.<\/p>\n<p>Auf diese Weise erhalten Sie immer noch die beste Qualit\u00e4t, kombiniert mit den sch\u00f6nsten und einzigartigsten Produkten und Designs.<\/p>\n<p>Die Qualit\u00e4t der Stoffe und Farben bleibt wie immer, aber es gibt jetzt eine gr\u00f6\u00dfere Auswahl, von der Woolskins glaubt, dass sie sich von anderen abheben kann.<\/p>\n<p>Unsere umfangreiche Kollektion ist so zusammengestellt, dass sie eine gute Erg\u00e4nzung f\u00fcr jedes Babyset darstellt. Sie besteht aus atmungsaktiver europ\u00e4ischer 100%-Wolle und ist f\u00fcr jede Jahreszeit geeignet.<\/p>\n<p>Mit Begeisterung b\u00fcndeln wir unsere Kr\u00e4fte, um ein nachhaltiges, nat\u00fcrliches und h\u00f6chst komfortables Produkt f\u00fcr Ihr Kind zu schaffen.<\/p>","protected":false},"excerpt":{"rendered":"<p>Diese praktische Mom Bag aus Wolle von Woolskins ist ideal f\u00fcr Ihren Kinderwagen oder als Shopper. Ein echtes \u201eMust Have\u201c, wenn Sie viel unterwegs sind. Die Tasche ist mit einem wasserdichten Stoff gef\u00fcttert, sodass Sie die Tasche bei Regen auch umgedreht verwenden k\u00f6nnen. Unsere Mom Bag ist ein vielseitiges und praktisches Accessoire, das das Leben jeder Mutter erleichtert. In der Mom Bag k\u00f6nnen Sie alle wichtigen Dinge Ihres Kindes wie Windeln, Putzlappen, Fl\u00e4schchen, Spielzeug und Kleidung verstauen, aber auch Ihre pers\u00f6nlichen Gegenst\u00e4nde wie Telefon, Schl\u00fcssel und Kosmetika haben ausreichend Platz. Unsere Mom Bag ist in vielen stylischen Farben erh\u00e4ltlich und l\u00e4sst sich problemlos mit allen anderen Produkten aus unserer Thumbled-Serie kombinieren.<\/p>\n<p><strong>Marke: Woolskins<\/strong><br \/>\n<strong>Produktion: Polen<\/strong><\/p>","protected":false},"featured_media":6846,"comment_status":"closed","ping_status":"closed","template":"","meta":{"_acf_changed":false},"product_brand":[],"product_cat":[351,364,350,31,196,194],"product_tag":[],"class_list":{"0":"post-6845","1":"product","2":"type-product","3":"status-publish","4":"has-post-thumbnail","6":"product_cat-accessoiresvoormama","7":"product_cat-cadeaus-vanaf-e50","8":"product_cat-fashion","9":"product_cat-yogamat-wol","10":"product_cat-slaapkleding-baby","11":"product_cat-wollen-babyproducten","13":"first","14":"instock","15":"taxable","16":"shipping-taxable","17":"purchasable","18":"product-type-simple"},"acf":[],"_links":{"self":[{"href":"https:\/\/woolskins.eu\/de\/wp-json\/wp\/v2\/product\/6845","targetHints":{"allow":["GET"]}}],"collection":[{"href":"https:\/\/woolskins.eu\/de\/wp-json\/wp\/v2\/product"}],"about":[{"href":"https:\/\/woolskins.eu\/de\/wp-json\/wp\/v2\/types\/product"}],"replies":[{"embeddable":true,"href":"https:\/\/woolskins.eu\/de\/wp-json\/wp\/v2\/comments?post=6845"}],"wp:featuredmedia":[{"embeddable":true,"href":"https:\/\/woolskins.eu\/de\/wp-json\/wp\/v2\/media\/6846"}],"wp:attachment":[{"href":"https:\/\/woolskins.eu\/de\/wp-json\/wp\/v2\/media?parent=6845"}],"wp:term":[{"taxonomy":"product_brand","embeddable":true,"href":"https:\/\/woolskins.eu\/de\/wp-json\/wp\/v2\/product_brand?post=6845"},{"taxonomy":"product_cat","embeddable":true,"href":"https:\/\/woolskins.eu\/de\/wp-json\/wp\/v2\/product_cat?post=6845"},{"taxonomy":"product_tag","embeddable":true,"href":"https:\/\/woolskins.eu\/de\/wp-json\/wp\/v2\/product_tag?post=6845"}],"curies":[{"name":"wp","href":"https:\/\/api.w.org\/{rel}","templated":true}]}}