{"id":6615,"date":"2021-09-01T12:54:16","date_gmt":"2021-09-01T12:54:16","guid":{"rendered":"https:\/\/woolskins.eu\/vest-100-wol"},"modified":"2025-12-16T12:20:50","modified_gmt":"2025-12-16T12:20:50","slug":"strickjacke-100-wolle","status":"publish","type":"product","link":"https:\/\/woolskins.eu\/de\/vest-100-wol\/","title":{"rendered":"Alwero Weste | Blau"},"content":{"rendered":"<p>Dieser Alwero-Cardigan hat eine geschmeidige Passform und sobald Sie ihn anziehen, werden Sie den Komfort sp\u00fcren, den Wolle zu bieten hat. Halten Sie sich an den k\u00e4lteren Tagen sch\u00f6n warm mit diesem Woll-Cardigan von Alwero.<\/p>\n<p>\u2013 Wollmischung (50% Wollboucle \/ 50% Acryl)<br \/>\n\u2013 Diese Weste sorgt f\u00fcr zus\u00e4tzliche W\u00e4rme an den k\u00e4lteren Tagen.<br \/>\n\u2013 Wolle isoliert gut.<\/p>","protected":false},"excerpt":{"rendered":"<p>\u00dcbergro\u00dfer Damen-Cardigan mit Taschen. Ein weiteres Exemplar in der Gr\u00f6\u00dfe XS\/S auf Lager. Mit Druckkn\u00f6pfen befestigt, in der Taille gebunden. L\u00e4nge \u00fcber dem Knie.<\/p>","protected":false},"featured_media":10420,"comment_status":"closed","ping_status":"closed","template":"","meta":{"_acf_changed":false},"product_brand":[],"product_cat":[364,350,31,194],"product_tag":[],"class_list":{"0":"post-6615","1":"product","2":"type-product","3":"status-publish","4":"has-post-thumbnail","6":"product_cat-cadeaus-vanaf-e50","7":"product_cat-fashion","8":"product_cat-yogamat-wol","9":"product_cat-wollen-babyproducten","11":"first","12":"outofstock","13":"taxable","14":"shipping-taxable","15":"purchasable","16":"product-type-simple"},"acf":[],"_links":{"self":[{"href":"https:\/\/woolskins.eu\/de\/wp-json\/wp\/v2\/product\/6615","targetHints":{"allow":["GET"]}}],"collection":[{"href":"https:\/\/woolskins.eu\/de\/wp-json\/wp\/v2\/product"}],"about":[{"href":"https:\/\/woolskins.eu\/de\/wp-json\/wp\/v2\/types\/product"}],"replies":[{"embeddable":true,"href":"https:\/\/woolskins.eu\/de\/wp-json\/wp\/v2\/comments?post=6615"}],"wp:featuredmedia":[{"embeddable":true,"href":"https:\/\/woolskins.eu\/de\/wp-json\/wp\/v2\/media\/10420"}],"wp:attachment":[{"href":"https:\/\/woolskins.eu\/de\/wp-json\/wp\/v2\/media?parent=6615"}],"wp:term":[{"taxonomy":"product_brand","embeddable":true,"href":"https:\/\/woolskins.eu\/de\/wp-json\/wp\/v2\/product_brand?post=6615"},{"taxonomy":"product_cat","embeddable":true,"href":"https:\/\/woolskins.eu\/de\/wp-json\/wp\/v2\/product_cat?post=6615"},{"taxonomy":"product_tag","embeddable":true,"href":"https:\/\/woolskins.eu\/de\/wp-json\/wp\/v2\/product_tag?post=6615"}],"curies":[{"name":"wp","href":"https:\/\/api.w.org\/{rel}","templated":true}]}}