{"id":6605,"date":"2021-09-01T12:54:16","date_gmt":"2021-09-01T12:54:16","guid":{"rendered":"https:\/\/woolskins.eu\/onderhoudsset"},"modified":"2023-09-22T12:11:21","modified_gmt":"2023-09-22T12:11:21","slug":"wartungssatz","status":"publish","type":"product","link":"https:\/\/woolskins.eu\/de\/onderhoudsset\/","title":{"rendered":"Wartungsset"},"content":{"rendered":"<p>Am besten pflegen Sie Ihr Fell, indem Sie es regelm\u00e4\u00dfig ausklopfen und kurz b\u00fcrsten. So bleibt das Fell sch\u00f6n.<\/p>\n<p>Wir empfehlen, mit dem Waschen Ihres \u201ewaschbaren\u201c Mantels so lange wie m\u00f6glich zu warten, damit alle guten Eigenschaften des Mantels darin erhalten bleiben. Normalerweise reicht es aus, drau\u00dfen zu l\u00fcften oder bei einem kleineren Unfall mit einem feuchten Waschlappen abzuwischen.<\/p>\n<p>Wenn Sie Ihren Mantel waschen m\u00f6chten, k\u00f6nnen Sie dies nur mit unseren Medical-Grade-M\u00e4nteln (goldgelb) im 30-Grad-Woll-Feinprogramm tun. Hierf\u00fcr haben wir ein spezielles \u00f6kologisches Wollwaschmittel mit Lanolin. Sie k\u00f6nnen diese Schichten auch im Trockner bei niedriger Temperatur trocknen.<\/p>\n<p>Waschanleitung:<\/p>\n<p>1. Geben Sie den Mantel in die Waschmaschine und geben Sie 50 ml Eco Wool Wash in die Seifenschublade.<br \/>\n2. Waschen Sie den Mantel im 30 \u00b0C Woll-\/Feinwaschprogramm (kurze Zyklen).<br \/>\n3. Legen Sie den Mantel mit der Lederseite auf ein Handtuch und rollen Sie ihn auf. Dr\u00fccken Sie fest darauf, damit das restliche Wasser so weit wie m\u00f6glich in das Handtuch eindringt.<br \/>\n4. Lassen Sie das Fell nun auf einer ebenen Fl\u00e4che trocknen oder legen Sie es in den Trockner auf niedriger Stufe \u2013 NICHT HEISS! \u2013 Temperatur.<br \/>\n5. Lassen Sie das Fell anschlie\u00dfend etwas trocknen und dehnen Sie es vorsichtig in Form.<\/p>\n<p>Anschlie\u00dfend bei Bedarf erneut b\u00fcrsten. Nach dem Waschen kann sich die Lederseite etwas steifer anf\u00fchlen. Dieses wird im Laufe der Nutzung wieder weicher.<\/p>\n<p>ACHTUNG! Au\u00dferhalb der Reichweite von Kindern aufbewahren!<\/p>\n<p>*Das Waschen Ihres Mantels liegt immer in Ihrer eigenen Verantwortung<\/p>","protected":false},"excerpt":{"rendered":"<p>Dieses Pflegeset ist speziell f\u00fcr die Pflege von (waschbaren) Schaffellen gedacht. Das \u00f6kologische Waschmittel auf Oliven\u00f6lbasis hat eine fetterhaltende Wirkung und enth\u00e4lt Lanolin, um die gesunden Eigenschaften und die Geschmeidigkeit des Fells zu erhalten. 250 ml = 5 Mal waschen.<\/p>","protected":false},"featured_media":7907,"comment_status":"closed","ping_status":"closed","template":"","meta":{"_acf_changed":false},"product_brand":[],"product_cat":[357,216,222,354],"product_tag":[],"class_list":{"0":"post-6605","1":"product","2":"type-product","3":"status-publish","4":"has-post-thumbnail","6":"product_cat-onderhoud","7":"product_cat-schapenvacht-voor-baby","8":"product_cat-buggy-schapenvachtjes","9":"product_cat-woolskins","11":"first","12":"instock","13":"taxable","14":"shipping-taxable","15":"purchasable","16":"product-type-simple"},"acf":[],"_links":{"self":[{"href":"https:\/\/woolskins.eu\/de\/wp-json\/wp\/v2\/product\/6605","targetHints":{"allow":["GET"]}}],"collection":[{"href":"https:\/\/woolskins.eu\/de\/wp-json\/wp\/v2\/product"}],"about":[{"href":"https:\/\/woolskins.eu\/de\/wp-json\/wp\/v2\/types\/product"}],"replies":[{"embeddable":true,"href":"https:\/\/woolskins.eu\/de\/wp-json\/wp\/v2\/comments?post=6605"}],"wp:featuredmedia":[{"embeddable":true,"href":"https:\/\/woolskins.eu\/de\/wp-json\/wp\/v2\/media\/7907"}],"wp:attachment":[{"href":"https:\/\/woolskins.eu\/de\/wp-json\/wp\/v2\/media?parent=6605"}],"wp:term":[{"taxonomy":"product_brand","embeddable":true,"href":"https:\/\/woolskins.eu\/de\/wp-json\/wp\/v2\/product_brand?post=6605"},{"taxonomy":"product_cat","embeddable":true,"href":"https:\/\/woolskins.eu\/de\/wp-json\/wp\/v2\/product_cat?post=6605"},{"taxonomy":"product_tag","embeddable":true,"href":"https:\/\/woolskins.eu\/de\/wp-json\/wp\/v2\/product_tag?post=6605"}],"curies":[{"name":"wp","href":"https:\/\/api.w.org\/{rel}","templated":true}]}}