{"id":6586,"date":"2021-09-01T12:53:58","date_gmt":"2021-09-01T12:53:58","guid":{"rendered":"https:\/\/woolskins.eu\/yogasocks-100-wol-donkergrijs-kort"},"modified":"2022-05-10T17:47:54","modified_gmt":"2022-05-10T17:47:54","slug":"yogasocken-100-wolle-dunkelgrau-kurz","status":"publish","type":"product","link":"https:\/\/woolskins.eu\/de\/yogasocks-100-wol-donkergrijs-kort\/","title":{"rendered":"Yogasocken 100% Wolle dunkelgrau kurz"},"content":{"rendered":"<p>Diese Socken\/W\u00e4rmer sind ideal zum \u00dcben von Yoga und Meditation. Die Zehen- und Fersenpartie sorgt f\u00fcr den n\u00f6tigen Halt und sorgt daf\u00fcr, dass Ihre F\u00fc\u00dfe und Kn\u00f6chel w\u00e4hrend des Unterrichts sch\u00f6n warm und bequem bleiben. Diese Socken\/W\u00e4rmer bestehen aus 100%-Schurwolle und sind in drei Farben erh\u00e4ltlich<\/p>\n<p>&nbsp;<\/p>\n<p>\u2013 Socken bestehen aus 100% Wolle<\/p>\n<p>\u2013 Saugf\u00e4hig und atmungsaktiv<\/p>\n<p>\u2013 Nachhaltig und ehrlich<\/p>\n<p>\u2013 Woolmark-Qualit\u00e4t<\/p>","protected":false},"excerpt":{"rendered":"<p>Deze&nbsp;sokken\/warmers zijn ideaal voor het beoefenen van yoga en meditatie. De teen en hiel zijn vrij voor de nodige grip en ze houden je voeten en enkels lekker warm en comfortabel tijdens de les. Deze sokken\/warmers zijn gemaakt van 100% scheerwol en verkrijgbaar in drie kleuren &nbsp; &#8211; Sokken bestaan uit 100% wol &#8211; Absorberend [&hellip;]<\/p>\n","protected":false},"featured_media":5935,"comment_status":"closed","ping_status":"closed","template":"","meta":{"_acf_changed":false},"product_brand":[],"product_cat":[337],"product_tag":[],"class_list":{"0":"post-6586","1":"product","2":"type-product","3":"status-publish","4":"has-post-thumbnail","6":"product_cat-vestjes","8":"first","9":"outofstock","10":"taxable","11":"shipping-taxable","12":"purchasable","13":"product-type-simple"},"acf":[],"_links":{"self":[{"href":"https:\/\/woolskins.eu\/de\/wp-json\/wp\/v2\/product\/6586","targetHints":{"allow":["GET"]}}],"collection":[{"href":"https:\/\/woolskins.eu\/de\/wp-json\/wp\/v2\/product"}],"about":[{"href":"https:\/\/woolskins.eu\/de\/wp-json\/wp\/v2\/types\/product"}],"replies":[{"embeddable":true,"href":"https:\/\/woolskins.eu\/de\/wp-json\/wp\/v2\/comments?post=6586"}],"wp:featuredmedia":[{"embeddable":true,"href":"https:\/\/woolskins.eu\/de\/wp-json\/wp\/v2\/media\/5935"}],"wp:attachment":[{"href":"https:\/\/woolskins.eu\/de\/wp-json\/wp\/v2\/media?parent=6586"}],"wp:term":[{"taxonomy":"product_brand","embeddable":true,"href":"https:\/\/woolskins.eu\/de\/wp-json\/wp\/v2\/product_brand?post=6586"},{"taxonomy":"product_cat","embeddable":true,"href":"https:\/\/woolskins.eu\/de\/wp-json\/wp\/v2\/product_cat?post=6586"},{"taxonomy":"product_tag","embeddable":true,"href":"https:\/\/woolskins.eu\/de\/wp-json\/wp\/v2\/product_tag?post=6586"}],"curies":[{"name":"wp","href":"https:\/\/api.w.org\/{rel}","templated":true}]}}