{"id":6580,"date":"2021-09-01T12:53:58","date_gmt":"2021-09-01T12:53:58","guid":{"rendered":"https:\/\/woolskins.eu\/eco-lamsvacht-comfort-voor-yoga-meditatie-dubbel-3-cm"},"modified":"2024-10-25T07:06:11","modified_gmt":"2024-10-25T07:06:11","slug":"oko-lammfell-komfort-fur-yoga-meditation-doppelt-3-cm","status":"publish","type":"product","link":"https:\/\/woolskins.eu\/de\/eco-lamsvacht-comfort-voor-yoga-meditatie-dubbel-3-cm\/","title":{"rendered":"\u00d6ko-Lammfell-Komfort f\u00fcr Yoga und Meditation | doppelt 3 cm"},"content":{"rendered":"<p>Unsere WOOLSKINS Komfortm\u00e4ntel sind ein europ\u00e4isches, \u00f6kologisches und 100% Naturprodukt.<\/p>\n<p>Wolle ist gut f\u00fcr Geist, Haut und K\u00f6rper. Es wirkt dynamisch und hilft Ihnen und Ihrer Familie, das Leben gesund, entspannt und ausgeruht zu genie\u00dfen.<\/p>\n<p>Wir haben zwei Versionen in unserer Kollektion, einen Einzelmantel und einen Doppelmantel, die bequem zu Ihrem gesamten K\u00f6rper passen. Ein sch\u00f6nes, leckeres und gesundes Geschenk!<\/p>\n<p>Die Ma\u00dfe unseres XL-Mantels betragen +\/- 70 x 200 cm und haben eine Mantell\u00e4nge von +\/- 3 cm.<\/p>\n<p>Dieses Lammfell ist ideal zum \u00dcben von Yoga und Meditation. Es ist sehr bequem und reguliert W\u00e4rme und Feuchtigkeit. Es gibt sogar Yogis, die ein Schaffell empfehlen, nicht nur wegen der perfekten Gr\u00f6\u00dfe, sondern auch, weil es Ihr eigenes Magnetfeld (Ihre Aura) isoliert und die magnetische Strahlung der Erde blockiert. Das hilft dir enorm im meditativen Prozess und h\u00e4lt deinen K\u00f6rper im Gleichgewicht.<\/p>","protected":false},"excerpt":{"rendered":"<p>Wolle ist gut f\u00fcr Geist, Haut und K\u00f6rper. Es wirkt dynamisch und hilft Ihnen und Ihrer Familie, das Leben gesund, entspannt und ausgeruht zu genie\u00dfen.<\/p>","protected":false},"featured_media":5927,"comment_status":"closed","ping_status":"closed","template":"","meta":{"_acf_changed":false},"product_brand":[],"product_cat":[358],"product_tag":[],"class_list":{"0":"post-6580","1":"product","2":"type-product","3":"status-publish","4":"has-post-thumbnail","6":"product_cat-wollen-yogamat","8":"first","9":"outofstock","10":"taxable","11":"shipping-taxable","12":"purchasable","13":"product-type-simple"},"acf":[],"_links":{"self":[{"href":"https:\/\/woolskins.eu\/de\/wp-json\/wp\/v2\/product\/6580","targetHints":{"allow":["GET"]}}],"collection":[{"href":"https:\/\/woolskins.eu\/de\/wp-json\/wp\/v2\/product"}],"about":[{"href":"https:\/\/woolskins.eu\/de\/wp-json\/wp\/v2\/types\/product"}],"replies":[{"embeddable":true,"href":"https:\/\/woolskins.eu\/de\/wp-json\/wp\/v2\/comments?post=6580"}],"wp:featuredmedia":[{"embeddable":true,"href":"https:\/\/woolskins.eu\/de\/wp-json\/wp\/v2\/media\/5927"}],"wp:attachment":[{"href":"https:\/\/woolskins.eu\/de\/wp-json\/wp\/v2\/media?parent=6580"}],"wp:term":[{"taxonomy":"product_brand","embeddable":true,"href":"https:\/\/woolskins.eu\/de\/wp-json\/wp\/v2\/product_brand?post=6580"},{"taxonomy":"product_cat","embeddable":true,"href":"https:\/\/woolskins.eu\/de\/wp-json\/wp\/v2\/product_cat?post=6580"},{"taxonomy":"product_tag","embeddable":true,"href":"https:\/\/woolskins.eu\/de\/wp-json\/wp\/v2\/product_tag?post=6580"}],"curies":[{"name":"wp","href":"https:\/\/api.w.org\/{rel}","templated":true}]}}