{"id":6577,"date":"2021-09-01T12:53:58","date_gmt":"2021-09-01T12:53:58","guid":{"rendered":"https:\/\/woolskins.eu\/wollen-yogamat-met-cocos-grijs"},"modified":"2024-12-05T20:57:45","modified_gmt":"2024-12-05T20:57:45","slug":"woll-yogamatte-mit-kokosnuss-grau","status":"publish","type":"product","link":"https:\/\/woolskins.eu\/de\/wollen-yogamat-met-cocos-grijs\/","title":{"rendered":"Yogamatte aus Wolle mit Cocos-Grau"},"content":{"rendered":"<p>Unsere WOOLSKINS Yogamatten sind ideal zum \u00dcben von Yoga und Meditation. Wolle ist gut f\u00fcr Geist, Haut und K\u00f6rper. Wenn Sie einmal eine Yogamatte aus Wolle ausprobiert haben, m\u00f6chten Sie nichts anderes mehr! Es hat eine dynamische Wirkung und hilft Ihnen, einen gesunden K\u00f6rper und Geist zu erhalten.<\/p>\n<p>\u2013 Ma\u00dfe: 75 x 180 cm.<br \/>\n\u2013 F\u00fcr den Einsatz in Yogastudios, Trainingsr\u00e4umen und zu Hause<br \/>\n\u2013 Oberschicht 100% Schurwolle. Unterseite: Kokos (mit Latexmischung f\u00fcr Rutschfestigkeit)<br \/>\n\u2013 Guter Halt auf rutschigem Untergrund.<br \/>\n\u2013 Enth\u00e4lt noch nat\u00fcrliches Wollfett und ist selbstreinigend.<br \/>\n\u2013 Reguliert W\u00e4rme und Feuchtigkeit.<br \/>\n\u2013 Mit praktischer Aufbewahrungstasche mit Tragegurt.<\/p>","protected":false},"excerpt":{"rendered":"<p>Wenn Sie im Bereich Yoga und Meditation aktiv sind, ist eine Yogamatte aus Wolle praktisch. Unsere sind weicher und bequemer als normale Yogamatten. Dadurch sind sie ideal zum \u00dcben von Meditation und Yoga geeignet. Da Wolle gut f\u00fcr Geist, Haut und K\u00f6rper ist, hat eine Yogamatte aus Wolle einen positiven Einfluss auf die Aus\u00fcbung von Yoga und Meditation. Nachdem Sie sich f\u00fcr eine Woll-Yogamatte von WOOLSKINS entschieden haben, ist es schwierig, sich hinterher noch etwas anderes zu w\u00fcnschen.<\/p>\n<p><strong>Marke: Woolskins<\/strong><br \/>\n<strong>Produktion: Polen<\/strong><\/p>","protected":false},"featured_media":9034,"comment_status":"closed","ping_status":"closed","template":"","meta":{"_acf_changed":false},"product_brand":[],"product_cat":[31,358],"product_tag":[],"class_list":{"0":"post-6577","1":"product","2":"type-product","3":"status-publish","4":"has-post-thumbnail","6":"product_cat-yogamat-wol","7":"product_cat-wollen-yogamat","9":"first","10":"outofstock","11":"taxable","12":"shipping-taxable","13":"purchasable","14":"product-type-simple"},"acf":[],"_links":{"self":[{"href":"https:\/\/woolskins.eu\/de\/wp-json\/wp\/v2\/product\/6577","targetHints":{"allow":["GET"]}}],"collection":[{"href":"https:\/\/woolskins.eu\/de\/wp-json\/wp\/v2\/product"}],"about":[{"href":"https:\/\/woolskins.eu\/de\/wp-json\/wp\/v2\/types\/product"}],"replies":[{"embeddable":true,"href":"https:\/\/woolskins.eu\/de\/wp-json\/wp\/v2\/comments?post=6577"}],"wp:featuredmedia":[{"embeddable":true,"href":"https:\/\/woolskins.eu\/de\/wp-json\/wp\/v2\/media\/9034"}],"wp:attachment":[{"href":"https:\/\/woolskins.eu\/de\/wp-json\/wp\/v2\/media?parent=6577"}],"wp:term":[{"taxonomy":"product_brand","embeddable":true,"href":"https:\/\/woolskins.eu\/de\/wp-json\/wp\/v2\/product_brand?post=6577"},{"taxonomy":"product_cat","embeddable":true,"href":"https:\/\/woolskins.eu\/de\/wp-json\/wp\/v2\/product_cat?post=6577"},{"taxonomy":"product_tag","embeddable":true,"href":"https:\/\/woolskins.eu\/de\/wp-json\/wp\/v2\/product_tag?post=6577"}],"curies":[{"name":"wp","href":"https:\/\/api.w.org\/{rel}","templated":true}]}}