{"id":6563,"date":"2021-09-01T12:53:35","date_gmt":"2021-09-01T12:53:35","guid":{"rendered":"https:\/\/woolskins.eu\/meditatiedeken-100-wol-donkergrijs"},"modified":"2024-11-26T16:06:36","modified_gmt":"2024-11-26T16:06:36","slug":"meditationsdecke-100-wolle-dunkelgrau","status":"publish","type":"product","link":"https:\/\/woolskins.eu\/de\/meditatiedeken-100-wol-donkergrijs\/","title":{"rendered":"Meditationsdecke 100% Wolle Dunkelgrau"},"content":{"rendered":"<p>Diese Meditationsdecken eignen sich, um w\u00e4hrend der Meditation oder Achtsamkeit angenehm warm zu bleiben und ein geborgenes und geborgenes Gef\u00fchl zu vermitteln. Es eignet sich auch wunderbar als zus\u00e4tzliche Decke f\u00fcr das Bett oder die Couch. Wolle w\u00e4rmt im Winter und eignet sich aufgrund ihrer luftdurchl\u00e4ssigen Eigenschaften auch hervorragend f\u00fcr den Einsatz im Sommer. Die rehabilitierenden und heilenden Eigenschaften von Wolle sind seit Jahrtausenden bekannt. Wolle, ein jahrhundertealtes reines und sicheres Naturprodukt.<br \/>\n\u2013 100% reine, unverarbeitete Schurwolle (Woolmark).<br \/>\n\u2013 Sehr weich und bequem.<br \/>\n\u2013 Abmessungen: 150 x 200 cm.<br \/>\n\u2013 Frei von Schadstoffen und chemischen Behandlungen.<br \/>\n\u2013 Europ\u00e4ische Produktion.<br \/>\n\u2013 waschbar im Wollwaschprogramm 30\u00b0C.<br \/>\nDieses Produkt tr\u00e4gt das G\u00fctesiegel \u201eSicher f\u00fcr Kinder\u201c und das Woolmark-G\u00fctesiegel und l\u00e4sst sich problemlos mit unseren anderen Produkten kombinieren.<\/p>","protected":false},"excerpt":{"rendered":"<p>Deze meditatiedekens zijn geschikt om tijdens\u00a0meditatie\u00a0of\u00a0mindfullness\u200b\u00a0comfortabel warm te blijven en geven een geborgen en veilig gevoel.\u00a0Daarnaast is het een heerlijke extra\u00a0deken voor op bed of voor op de bank.\u00a0Wol\u00a0zorgt voor warmte in de winter, en door de ventilerende eigenschap is het in de \u00a0zomer ook prima te gebruiken. De revalidatie en helende eigenschappen van wol [&hellip;]<\/p>\n","protected":false},"featured_media":5903,"comment_status":"closed","ping_status":"closed","template":"","meta":{"_acf_changed":false},"product_brand":[],"product_cat":[358],"product_tag":[],"class_list":{"0":"post-6563","1":"product","2":"type-product","3":"status-publish","4":"has-post-thumbnail","6":"product_cat-wollen-yogamat","8":"first","9":"outofstock","10":"taxable","11":"shipping-taxable","12":"purchasable","13":"product-type-simple"},"acf":[],"_links":{"self":[{"href":"https:\/\/woolskins.eu\/de\/wp-json\/wp\/v2\/product\/6563","targetHints":{"allow":["GET"]}}],"collection":[{"href":"https:\/\/woolskins.eu\/de\/wp-json\/wp\/v2\/product"}],"about":[{"href":"https:\/\/woolskins.eu\/de\/wp-json\/wp\/v2\/types\/product"}],"replies":[{"embeddable":true,"href":"https:\/\/woolskins.eu\/de\/wp-json\/wp\/v2\/comments?post=6563"}],"wp:featuredmedia":[{"embeddable":true,"href":"https:\/\/woolskins.eu\/de\/wp-json\/wp\/v2\/media\/5903"}],"wp:attachment":[{"href":"https:\/\/woolskins.eu\/de\/wp-json\/wp\/v2\/media?parent=6563"}],"wp:term":[{"taxonomy":"product_brand","embeddable":true,"href":"https:\/\/woolskins.eu\/de\/wp-json\/wp\/v2\/product_brand?post=6563"},{"taxonomy":"product_cat","embeddable":true,"href":"https:\/\/woolskins.eu\/de\/wp-json\/wp\/v2\/product_cat?post=6563"},{"taxonomy":"product_tag","embeddable":true,"href":"https:\/\/woolskins.eu\/de\/wp-json\/wp\/v2\/product_tag?post=6563"}],"curies":[{"name":"wp","href":"https:\/\/api.w.org\/{rel}","templated":true}]}}