{"id":6543,"date":"2021-09-01T12:53:12","date_gmt":"2021-09-01T12:53:12","guid":{"rendered":"https:\/\/woolskins.eu\/baby-slofjes-emo-grijs"},"modified":"2026-05-15T13:59:26","modified_gmt":"2026-05-15T13:59:26","slug":"alwero-hausschuhe-emo-grau","status":"publish","type":"product","link":"https:\/\/woolskins.eu\/de\/alwero-slofjes-emo-grijs\/","title":{"rendered":"Woll-Babyhausschuhe Emo | Hellgrau"},"content":{"rendered":"<p>Wollhausschuhe von Woolskins sind in verschiedenen Farben und Gr\u00f6\u00dfen erh\u00e4ltlich, sodass Sie immer die beste Passform f\u00fcr Ihr Kind finden. Dieses Produkt tr\u00e4gt das G\u00fctesiegel \u201eSicher f\u00fcr Kinder\u201c und das Woolmark-G\u00fctesiegel.<\/p>\n<p>\u2013 100%-Schurwolle, Woolmark-G\u00fctesiegel.<br \/>\n\u2013 Sehr warm f\u00fcr zu Hause oder unterwegs.<br \/>\n\u2013 Sch\u00f6n, von innen nach au\u00dfen zu tragen.<br \/>\n\u2013 Praktischer Knopf zum Schlie\u00dfen der Hausschuhe.<br \/>\n\u2013 Gr\u00f6\u00dfe 0-6 Monate. (8cm) und 6-12 Monate. (12cm).<br \/>\n\u2013 Verschiedene Farben erh\u00e4ltlich.<\/p>\n<h5>Etikett f\u00fcr Wollh\u00e4ute<\/h5>\n<p>Nach Jahren erfolgreicher Zusammenarbeit mit Alwero k\u00f6nnen wir stolz verk\u00fcnden, dass wir unsere Produkte nun unter unserem eigenen Woolskins-Label f\u00fchren.<\/p>\n<p>Auf diese Weise erhalten Sie immer noch die beste Qualit\u00e4t, kombiniert mit den sch\u00f6nsten und einzigartigsten Produkten und Designs.<\/p>\n<p>Die Qualit\u00e4t der Stoffe und Farben bleibt wie immer, aber es gibt jetzt eine gr\u00f6\u00dfere Auswahl, von der Woolskins glaubt, dass sie sich von anderen abheben kann.<\/p>\n<p>Unsere umfangreiche Kollektion ist so zusammengestellt, dass sie eine gute Erg\u00e4nzung f\u00fcr jedes Babyset darstellt. Sie besteht aus atmungsaktiver europ\u00e4ischer 100%-Wolle und ist f\u00fcr jede Jahreszeit geeignet.<\/p>\n<p>Mit Begeisterung b\u00fcndeln wir unsere Kr\u00e4fte, um ein nachhaltiges, nat\u00fcrliches und h\u00f6chst komfortables Produkt f\u00fcr Ihr Kind zu schaffen.<\/p>","protected":false},"excerpt":{"rendered":"<p>Unsere bequemen Babyschuhe sind die perfekte Wahl, um die kleinsten F\u00fc\u00dfe wunderbar warm zu halten. Sie verf\u00fcgen \u00fcber alle guten Eigenschaften der \u00f6kologischen Wolle 100% und messen beim Anziehen sofort die K\u00f6rpertemperatur des Kindes. Babyschuhe aus Wolle sind auch ein super lustiges und praktisches Geschenk f\u00fcr jeden Anlass. Es macht auch Spa\u00df, diese Hausschuhe von innen nach au\u00dfen zu tragen. Ihr Kind wird diese Wollpantoffeln lieben.<\/p>\n<p><strong>Marke: Woolskins<\/strong><br \/>\n<strong>Produkt: Polen<\/strong><\/p>","protected":false},"featured_media":17475,"comment_status":"closed","ping_status":"closed","template":"","meta":{"_acf_changed":false},"product_brand":[],"product_cat":[360,361,362,194,200,345,323],"product_tag":[],"class_list":{"0":"post-6543","1":"product","2":"type-product","3":"status-publish","4":"has-post-thumbnail","6":"product_cat-cadeautips","7":"product_cat-babyshower","8":"product_cat-cadeaus-tot-e-25","9":"product_cat-wollen-babyproducten","10":"product_cat-wollen-babykleding","11":"product_cat-accessoires","12":"product_cat-slofjes","13":"pa_maat-0-6-maanden-9cm","14":"pa_maat-6-12-maanden11cm","16":"first","17":"instock","18":"taxable","19":"shipping-taxable","20":"purchasable","21":"product-type-variable"},"acf":[],"_links":{"self":[{"href":"https:\/\/woolskins.eu\/de\/wp-json\/wp\/v2\/product\/6543","targetHints":{"allow":["GET"]}}],"collection":[{"href":"https:\/\/woolskins.eu\/de\/wp-json\/wp\/v2\/product"}],"about":[{"href":"https:\/\/woolskins.eu\/de\/wp-json\/wp\/v2\/types\/product"}],"replies":[{"embeddable":true,"href":"https:\/\/woolskins.eu\/de\/wp-json\/wp\/v2\/comments?post=6543"}],"wp:featuredmedia":[{"embeddable":true,"href":"https:\/\/woolskins.eu\/de\/wp-json\/wp\/v2\/media\/17475"}],"wp:attachment":[{"href":"https:\/\/woolskins.eu\/de\/wp-json\/wp\/v2\/media?parent=6543"}],"wp:term":[{"taxonomy":"product_brand","embeddable":true,"href":"https:\/\/woolskins.eu\/de\/wp-json\/wp\/v2\/product_brand?post=6543"},{"taxonomy":"product_cat","embeddable":true,"href":"https:\/\/woolskins.eu\/de\/wp-json\/wp\/v2\/product_cat?post=6543"},{"taxonomy":"product_tag","embeddable":true,"href":"https:\/\/woolskins.eu\/de\/wp-json\/wp\/v2\/product_tag?post=6543"}],"curies":[{"name":"wp","href":"https:\/\/api.w.org\/{rel}","templated":true}]}}