{"id":6483,"date":"2021-09-01T12:52:26","date_gmt":"2021-09-01T12:52:26","guid":{"rendered":"https:\/\/woolskins.eu\/baby-mutsje-wol-zijde-walnut"},"modified":"2025-12-19T05:20:31","modified_gmt":"2025-12-19T05:20:31","slug":"baby-wolle-seide-walnuss-hut","status":"publish","type":"product","link":"https:\/\/woolskins.eu\/de\/baby-mutsje-wol-zijde-walnut\/","title":{"rendered":"Engel Natur Babym\u00fctze Wolle\/Seide | Nussbaum"},"content":{"rendered":"<p>Diese superweiche M\u00fctze f\u00fcr Ihr Baby besteht aus einer Bio-Woll-\/Seidenmischung. Sie f\u00fchlen sich luxuri\u00f6s an und sind \u00e4u\u00dferst bequem f\u00fcr Ihr Baby. Sie verf\u00fcgen \u00fcber zwei Kordeln, mit denen Sie die M\u00fctze leicht binden k\u00f6nnen.<\/p>\n<p>Wolle reguliert die K\u00f6rpertemperatur und h\u00e4lt Ihr Kind trocken und komfortabel. Merinoschurwolle ist extrem fein und kratzt daher nicht. Dank des nat\u00fcrlich in Wolle enthaltenen Lanolins ist sie schmutz- und wasserabweisend.<\/p>\n<p>Da Lanolin auch antibakteriell wirkt, ist ein Waschen nicht oft notwendig. Oft reicht es aus, sich an der frischen Luft aufzuhalten.<\/p>\n<p>\u2013 Wunderbar weich<br \/>\n\u2013 F\u00fchlt sich sehr leicht und angenehm warm an<br \/>\n\u2013 Wolle ist atmungsaktiv<br \/>\n\u2013 Hilft Ihrem Kind, die Temperatur zu regulieren<\/p>\n<p>Sie sind biologisch und frei von Schwermetallen und sch\u00e4dlichen AZO-Farbstoffen. Zertifiziertes GOTS.<\/p>\n<h5>Engel<\/h5>\n<p>Das Familienunternehmen stellt seit 85 Jahren Unterw\u00e4sche und Bekleidung her. Im Jahr 1982 begann mit der Verarbeitung nat\u00fcrlicher Baumwolle eine vorbildliche und konsequente Ausrichtung auf Naturtextilien.<\/p>\n<p>Heute umfasst unsere Kollektion speziell entworfene Kleidung f\u00fcr Fr\u00fchgeborene.<\/p>\n<p>Neben Baumwolle aus kontrolliert biologischem Anbau (kbA) verarbeiten wir feinste Merinowolle aus kontrolliert biologischer Tierhaltung (kbT) und naturbelassene Merino-Schurwolle (kbT) mit Seide. Alle verwendeten Farbstoffe sind frei von Schwermetallen und seit jeher frei von sch\u00e4dlichen AZO-Farbstoffen. Zum F\u00e4rben der Wolltextilien verwenden wir ausschlie\u00dflich Reaktivfarbstoffe, die besonders faserstabil sind und sich durch hohe Echtheiten auszeichnen. Bei der Textilveredelung verzichten wir auf eine chemische Veredelung.<\/p>\n<p>Alle verwendeten Materialien m\u00fcssen grunds\u00e4tzlich biologisch abbaubar sein und d\u00fcrfen weder Boden, Luft noch Wasser verunreinigen. Alle verwendeten Metallteile sind nickelfrei, unsere Kn\u00f6pfe werden aus nat\u00fcrlichen, nachwachsenden Rohstoffen hergestellt. Zur Gew\u00e4hrleistung unserer hohen Qualit\u00e4tsstandards werden entsprechende Anforderungen an Lichtechtheit, Speichelechtheit, Schwei\u00dfechtheit, Waschechtheit und Einlauf gestellt.<\/p>\n<p>Diese Eigenschaften sowie R\u00fcckstandsgrenzwerte f\u00fcr umwelt- und gesundheitsgef\u00e4hrdende Stoffe lassen wir regelm\u00e4\u00dfig von unabh\u00e4ngigen und zertifizierten Umweltlaboren und -instituten \u00fcberpr\u00fcfen.<\/p>","protected":false},"excerpt":{"rendered":"<p>Diese superweiche M\u00fctze f\u00fcr Ihr Baby besteht aus einer Bio-Woll-\/Seidenmischung. Sie verf\u00fcgen \u00fcber zwei Kordeln, mit denen Sie die M\u00fctze leicht binden k\u00f6nnen.<\/p>","protected":false},"featured_media":5803,"comment_status":"closed","ping_status":"closed","template":"","meta":{"_acf_changed":false},"product_brand":[],"product_cat":[345,361,360,362,248,200,346],"product_tag":[],"class_list":{"0":"post-6483","1":"product","2":"type-product","3":"status-publish","4":"has-post-thumbnail","6":"product_cat-accessoires","7":"product_cat-babyshower","8":"product_cat-cadeautips","9":"product_cat-cadeaus-tot-e-25","10":"product_cat-engel_natur","11":"product_cat-wollen-babykleding","12":"product_cat-mutsjesensjaaltjes","13":"pa_maat-50-56","14":"pa_maat-62-68","16":"first","17":"outofstock","18":"taxable","19":"shipping-taxable","20":"purchasable","21":"product-type-variable"},"acf":[],"_links":{"self":[{"href":"https:\/\/woolskins.eu\/de\/wp-json\/wp\/v2\/product\/6483","targetHints":{"allow":["GET"]}}],"collection":[{"href":"https:\/\/woolskins.eu\/de\/wp-json\/wp\/v2\/product"}],"about":[{"href":"https:\/\/woolskins.eu\/de\/wp-json\/wp\/v2\/types\/product"}],"replies":[{"embeddable":true,"href":"https:\/\/woolskins.eu\/de\/wp-json\/wp\/v2\/comments?post=6483"}],"wp:featuredmedia":[{"embeddable":true,"href":"https:\/\/woolskins.eu\/de\/wp-json\/wp\/v2\/media\/5803"}],"wp:attachment":[{"href":"https:\/\/woolskins.eu\/de\/wp-json\/wp\/v2\/media?parent=6483"}],"wp:term":[{"taxonomy":"product_brand","embeddable":true,"href":"https:\/\/woolskins.eu\/de\/wp-json\/wp\/v2\/product_brand?post=6483"},{"taxonomy":"product_cat","embeddable":true,"href":"https:\/\/woolskins.eu\/de\/wp-json\/wp\/v2\/product_cat?post=6483"},{"taxonomy":"product_tag","embeddable":true,"href":"https:\/\/woolskins.eu\/de\/wp-json\/wp\/v2\/product_tag?post=6483"}],"curies":[{"name":"wp","href":"https:\/\/api.w.org\/{rel}","templated":true}]}}