{"id":6419,"date":"2021-09-01T12:51:50","date_gmt":"2021-09-01T12:51:50","guid":{"rendered":"https:\/\/woolskins.eu\/baby-slaapzak-lammy-camel"},"modified":"2026-05-06T12:31:54","modified_gmt":"2026-05-06T12:31:54","slug":"alwero-schlafsack-lammy-camel","status":"publish","type":"product","link":"https:\/\/woolskins.eu\/de\/alwero-slaapzak-lammy-camel\/","title":{"rendered":"Wollschlafsack f\u00fcr Babys \u2013 Thumbled | Kamel"},"content":{"rendered":"<p>Unser Babyschlafsack aus \u00d6ko-Wolle ist dank der nat\u00fcrlichen Eigenschaften der Wollfasern sehr gut f\u00fcr die Kleinsten geeignet. Diese atmen und haben die Eigenschaft, als nat\u00fcrlicher Thermostat zu fungieren, der die K\u00f6rpertemperatur reguliert.<\/p>\n<p>Dies hilft Ihrem Baby, eine stabile Temperatur aufrechtzuerhalten und es trocken und komfortabel zu halten. Dies geschieht \u201edynamisch\u201c, das hei\u00dft, es geschieht dann, wenn es ben\u00f6tigt wird, und nicht, wenn es nicht ben\u00f6tigt wird. Diese Wollschlafs\u00e4cke sind im Winter warm und im Sommer k\u00fchl.<\/p>\n<p>Der Halsumfang ist dank doppelter Druckkn\u00f6pfe verstellbar und er verf\u00fcgt \u00fcber einen langen Rei\u00dfverschluss, sodass sich der gesamte Schlafsack leicht \u00f6ffnen l\u00e4sst.<\/p>\n<p>Gr\u00f6\u00dfe 0\u20136 Monate: L\u00e4nge 67 cm (vom Schulterverschluss bis zum Saum).<\/p>\n<p>Dieses Produkt tr\u00e4gt das G\u00fctesiegel \u201eSicher f\u00fcr Kinder\u201c und das Woolmark-G\u00fctesiegel.<\/p>\n<h5>Woolskins-Eigenmarke von Alwero<\/h5>\n<p>Nach Jahren erfolgreicher Zusammenarbeit mit Alwero k\u00f6nnen wir stolz verk\u00fcnden, dass wir Alwero unter unserem eigenen Woolskins-Label f\u00fchren k\u00f6nnen.<\/p>\n<p>Auf diese Weise erhalten Sie immer noch die beste Qualit\u00e4t von Alwero kombiniert mit den sch\u00f6nsten und einzigartigsten Produkten\/Designs von Woolskins.<\/p>\n<p>Was \u00e4ndert sich dann? Nicht so viel! Die Qualit\u00e4t, Stoffe und Farben bleiben gleich, aber es gibt eine gr\u00f6\u00dfere Auswahl an einzigartigen Produkten, von denen Woolskins glaubt, dass sie sich von anderen abheben k\u00f6nnen und eine gute Erg\u00e4nzung zum Babyset darstellen.<\/p>\n<p>Sie erkennen unsere Produkte an unserem Woolskins-Label und das Waschetikett zeigt, dass sie von Alwero hergestellt wurden.<\/p>\n<p>Mit Begeisterung b\u00fcndeln wir unsere Kr\u00e4fte, um ein nachhaltiges, nat\u00fcrliches und h\u00f6chst komfortables Produkt f\u00fcr Ihr Kind zu schaffen.<\/p>\n<h5>Alwero<\/h5>\n<p>Das Familienunternehmen wurde Ende der 1990er Jahre aus dem Bed\u00fcrfnis heraus gegr\u00fcndet, etwas zu schaffen. Mitten in der Natur, wo die Schafe in den Bergen grasen, findet ALWERO den einzigartigen Rohstoff, um den es geht: Rohwolle.<\/p>\n<p>Durch die Kombination alter Traditionen und technischer Innovation schafft ALWERO eine Welt voller Komfort. Wissen, Handwerkskunst und die Liebe zur Wolle haben daf\u00fcr gesorgt, dass ALWERO-Produkte weltweit gesch\u00e4tzt werden.<\/p>","protected":false},"excerpt":{"rendered":"<p>Wenn Sie einen bequemen und warmen Schlafsack f\u00fcr Ihr Baby suchen, ist Wolle eine ausgezeichnete Wahl. Wolle hat viele Vorteile, die Ihrem Baby zu jeder Jahreszeit zu einem guten Schlaf verhelfen.<\/p>\n<p>Unser leichter Babyschlafsack aus \u00d6kowolle ist atmungsaktiv und hat die F\u00e4higkeit, als nat\u00fcrlicher Thermostat zu wirken, der die K\u00f6rpertemperatur reguliert und Ihrem Baby hilft, sich auszuruhen und ruhig zu schlafen. Dieser Schlafsack ist dank der doppelten Druckkn\u00f6pfe, mit denen Sie die Hals\u00f6ffnung vergr\u00f6\u00dfern und verkleinern k\u00f6nnen, sehr gut f\u00fcr Kleinkinder geeignet. Der lange Rei\u00dfverschluss \u00f6ffnet den gesamten Schlafsack und erleichtert das Umziehen. Der Wollschlafsack hilft Ihrem Baby, eine stabile Temperatur zu halten und sorgt daf\u00fcr, dass Ihr Baby trocken und bequem liegt. Er tut dies \u2018dynamisch\u2019, das hei\u00dft, er tut es, wenn er gebraucht wird, und nicht, wenn er es nicht braucht. Diese Wollschlafs\u00e4cke sind daher im Winter warm und im Sommer k\u00fchl.<\/p>\n<p><strong>Marke: Woolskins<\/strong><br \/>\n<strong>Produzent: Woolskins Private Lable wird von Alwero produziert<\/strong><\/p>","protected":false},"featured_media":5714,"comment_status":"closed","ping_status":"closed","template":"","meta":{"_acf_changed":false},"product_brand":[],"product_cat":[361,360,364,196,370,194],"product_tag":[],"class_list":{"0":"post-6419","1":"product","2":"type-product","3":"status-publish","4":"has-post-thumbnail","6":"product_cat-babyshower","7":"product_cat-cadeautips","8":"product_cat-cadeaus-vanaf-e50","9":"product_cat-slaapkleding-baby","10":"product_cat-slaapzakken","11":"product_cat-wollen-babyproducten","12":"pa_maat-0-6-maanden","13":"pa_maat-6-12-maanden","15":"first","16":"outofstock","17":"taxable","18":"shipping-taxable","19":"purchasable","20":"product-type-variable"},"acf":[],"_links":{"self":[{"href":"https:\/\/woolskins.eu\/de\/wp-json\/wp\/v2\/product\/6419","targetHints":{"allow":["GET"]}}],"collection":[{"href":"https:\/\/woolskins.eu\/de\/wp-json\/wp\/v2\/product"}],"about":[{"href":"https:\/\/woolskins.eu\/de\/wp-json\/wp\/v2\/types\/product"}],"replies":[{"embeddable":true,"href":"https:\/\/woolskins.eu\/de\/wp-json\/wp\/v2\/comments?post=6419"}],"wp:featuredmedia":[{"embeddable":true,"href":"https:\/\/woolskins.eu\/de\/wp-json\/wp\/v2\/media\/5714"}],"wp:attachment":[{"href":"https:\/\/woolskins.eu\/de\/wp-json\/wp\/v2\/media?parent=6419"}],"wp:term":[{"taxonomy":"product_brand","embeddable":true,"href":"https:\/\/woolskins.eu\/de\/wp-json\/wp\/v2\/product_brand?post=6419"},{"taxonomy":"product_cat","embeddable":true,"href":"https:\/\/woolskins.eu\/de\/wp-json\/wp\/v2\/product_cat?post=6419"},{"taxonomy":"product_tag","embeddable":true,"href":"https:\/\/woolskins.eu\/de\/wp-json\/wp\/v2\/product_tag?post=6419"}],"curies":[{"name":"wp","href":"https:\/\/api.w.org\/{rel}","templated":true}]}}